{"id":60604,"date":"2021-11-13T18:48:48","date_gmt":"2021-11-13T17:48:48","guid":{"rendered":"https:\/\/www.customeeple.com\/product\/b-templars-escuadra-de-cruzados-primaris\/"},"modified":"2024-07-13T00:00:10","modified_gmt":"2024-07-12T23:00:10","slug":"b-templars-escuadra-de-cruzados-primaris","status":"publish","type":"product","link":"https:\/\/www.customeeple.com\/es\/producto\/b-templars-escuadra-de-cruzados-primaris\/","title":{"rendered":"Escuadra de Cruzados de los Templarios Negros"},"content":{"rendered":"<p>Impregnados del poder post-humano del milagro Primaris, estas escuadras de Cruzados irrumpen en batalla con ardientes b\u00f3lteres y aullantes espadas sierra Astartes. Los iniciados lanzan chorros de fuego de sus pirobl\u00e1sters o golpean con sus pu\u00f1os de energ\u00eda crepitantes a sus enemigos, mientras que los ne\u00f3fitos de ojos duros luchan furiosamente para demostrar su valor marcial.<\/p>\n<p>Dirigidos por un veterano Hermano de Armas, las escuadras de Cruzados mezclan a los nuevos iniciados Primaris con los ne\u00f3fitos que ponen a prueba su temple. Al igual que muchas escuadras de Templarios Negros, est\u00e1n equipados con diversas armas cuerpo a combate y a distancia.<\/p>\n<p>Los seis Iniciados Primaris tienen diferentes cabezas con casco y sin \u00e9l. Puedes montar dos iniciados con b\u00f3lter autom\u00e1tico o pistola b\u00f3lter pesada y una espada sierra Astartes, mientras que puedes montar el tercero con b\u00f3lter autom\u00e1tico, pirobl\u00e1ster, o pistola b\u00f3lter pesada y una espada sierra Astartes, con la opci\u00f3n de cambiar la espada sierra por un pu\u00f1o de energ\u00eda.<\/p>\n<p>Alternativamente, puedes montar un Iniciado como un Hermano de Armas, el cual tiene la opci\u00f3n de elegir la cabeza con casco o sin \u00e9l. Puedes montarlo con una espada de energ\u00eda o un hacha de energ\u00eda, y una pistola b\u00f3lter pesada o una piropistola.<\/p>\n<p>Los cuatro Ne\u00f3fitos tienen cuatro opciones de cabeza sin casco y pueden equiparse con carabinas b\u00f3lter o pistolas b\u00f3lter y espadas sierra Astartes.<\/p>\n<p>El kit consta de 228 piezas de pl\u00e1stico, con las que se puede montar la Escuadra de Cruzados Primaris, que contiene seis Iniciados Primaris y cuatro Ne\u00f3fitos con m\u00faltiples opciones de armas. Alternativamente, se puede montar un Iniciado Primaris como un Hermano de Armas. Estas miniaturas se suministran sin pintar y requieren montaje. Recomendamos utilizar pegamento para pl\u00e1stico Citadel y pinturas Citadel.<\/p>\n","protected":false},"excerpt":{"rendered":"<p>Impregnados del poder post-humano del milagro Primaris, estas escuadras de Cruzados irrumpen en batalla con ardientes b\u00f3lteres y aullantes espadas sierra Astartes. Los iniciados lanzan chorros de fuego de sus pirobl\u00e1sters o golpean con sus pu\u00f1os de energ\u00eda crepitantes a sus enemigos, mientras que los ne\u00f3fitos de ojos duros luchan furiosamente para demostrar su valor [&hellip;]<\/p>\n","protected":false},"featured_media":60587,"template":"","meta":{"_acf_changed":false},"product_brand":[],"product_cat":[1177,1180,1229],"product_tag":[],"class_list":{"0":"post-60604","1":"product","2":"type-product","3":"status-publish","4":"has-post-thumbnail","6":"product_cat-games-workshop-es","7":"product_cat-retail-products-es","8":"product_cat-warhammer-40k-es","10":"first","11":"onbackorder","12":"sale","13":"taxable","14":"shipping-taxable","15":"purchasable","16":"product-type-simple"},"exclude_global_add_ons":[],"addons":[],"acf":[],"_links":{"self":[{"href":"https:\/\/www.customeeple.com\/es\/wp-json\/wp\/v2\/product\/60604","targetHints":{"allow":["GET"]}}],"collection":[{"href":"https:\/\/www.customeeple.com\/es\/wp-json\/wp\/v2\/product"}],"about":[{"href":"https:\/\/www.customeeple.com\/es\/wp-json\/wp\/v2\/types\/product"}],"wp:featuredmedia":[{"embeddable":true,"href":"https:\/\/www.customeeple.com\/es\/wp-json\/wp\/v2\/media\/60587"}],"wp:attachment":[{"href":"https:\/\/www.customeeple.com\/es\/wp-json\/wp\/v2\/media?parent=60604"}],"wp:term":[{"taxonomy":"product_brand","embeddable":true,"href":"https:\/\/www.customeeple.com\/es\/wp-json\/wp\/v2\/product_brand?post=60604"},{"taxonomy":"product_cat","embeddable":true,"href":"https:\/\/www.customeeple.com\/es\/wp-json\/wp\/v2\/product_cat?post=60604"},{"taxonomy":"product_tag","embeddable":true,"href":"https:\/\/www.customeeple.com\/es\/wp-json\/wp\/v2\/product_tag?post=60604"}],"curies":[{"name":"wp","href":"https:\/\/api.w.org\/{rel}","templated":true}]}}