{"id":60597,"date":"2021-11-13T13:53:41","date_gmt":"2021-11-13T12:53:41","guid":{"rendered":"https:\/\/www.customeeple.com\/product\/black-templars-gran-mariscal-helbrecht\/"},"modified":"2026-03-25T11:54:53","modified_gmt":"2026-03-25T10:54:53","slug":"black-templars-gran-mariscal-helbrecht","status":"publish","type":"product","link":"https:\/\/www.customeeple.com\/es\/producto\/black-templars-gran-mariscal-helbrecht\/","title":{"rendered":"Black Templars: High Marshal Helbrecht"},"content":{"rendered":"<p>Helbrecht es la encarnaci\u00f3n viva del esp\u00edritu guerrero de su Cap\u00edtulo. Empu\u00f1ando la Espada de los Grandes Mariscales, irrumpe en la refriega, vociferando juramentos de venganza mientras lidera una carga imparable. Sus hermanos de batalla lo siguen sin rechistar, pues creen que donde pisa el Gran Mariscal Helbrecht, tambi\u00e9n camina el propio Emperador.<\/p>\n<p>El Gran Mariscal Helbrecht va acompa\u00f1ado de dos siervos, uno de los cuales lleva su poderoso combi-fusi\u00f3n, Ferocidad, mientras que el otro limpia la Espada de los Grandes Mariscales. Helbrecht anima a los Templarios Negros que luchan junto a \u00e9l a realizar grandes haza\u00f1as, convirtiendo el campo de batalla a su alrededor en un sangriento combate cuerpo a cuerpo. Puedes montar el Gran Mariscal Helbrecht con tres cabezas diferentes, dos de ellas sin casco, y un Orko empalado opcional a sus pies.<\/p>\n<p>El kit consta de 39 piezas de pl\u00e1stico, con las que se puedes montar un Gran Mariscal Helbrecht, y se suministra con una peana redonda Citadel de 60mm. Esta miniatura se suministra sin pintar y requiere montaje. Recomendamos utilizar pegamento para pl\u00e1stico Citadel y pinturas Citadel.<\/p>\n","protected":false},"excerpt":{"rendered":"<p>Helbrecht es la encarnaci\u00f3n viva del esp\u00edritu guerrero de su Cap\u00edtulo. Empu\u00f1ando la Espada de los Grandes Mariscales, irrumpe en la refriega, vociferando juramentos de venganza mientras lidera una carga imparable. Sus hermanos de batalla lo siguen sin rechistar, pues creen que donde pisa el Gran Mariscal Helbrecht, tambi\u00e9n camina el propio Emperador. El Gran [&hellip;]<\/p>\n","protected":false},"featured_media":60591,"template":"","meta":{"_acf_changed":false},"product_brand":[],"product_cat":[1177,1180,1229],"product_tag":[],"class_list":{"0":"post-60597","1":"product","2":"type-product","3":"status-publish","4":"has-post-thumbnail","6":"product_cat-games-workshop-es","7":"product_cat-retail-products-es","8":"product_cat-warhammer-40k-es","10":"first","11":"onbackorder","12":"sale","13":"taxable","14":"shipping-taxable","15":"purchasable","16":"product-type-simple"},"exclude_global_add_ons":[],"addons":[],"acf":[],"_links":{"self":[{"href":"https:\/\/www.customeeple.com\/es\/wp-json\/wp\/v2\/product\/60597","targetHints":{"allow":["GET"]}}],"collection":[{"href":"https:\/\/www.customeeple.com\/es\/wp-json\/wp\/v2\/product"}],"about":[{"href":"https:\/\/www.customeeple.com\/es\/wp-json\/wp\/v2\/types\/product"}],"wp:featuredmedia":[{"embeddable":true,"href":"https:\/\/www.customeeple.com\/es\/wp-json\/wp\/v2\/media\/60591"}],"wp:attachment":[{"href":"https:\/\/www.customeeple.com\/es\/wp-json\/wp\/v2\/media?parent=60597"}],"wp:term":[{"taxonomy":"product_brand","embeddable":true,"href":"https:\/\/www.customeeple.com\/es\/wp-json\/wp\/v2\/product_brand?post=60597"},{"taxonomy":"product_cat","embeddable":true,"href":"https:\/\/www.customeeple.com\/es\/wp-json\/wp\/v2\/product_cat?post=60597"},{"taxonomy":"product_tag","embeddable":true,"href":"https:\/\/www.customeeple.com\/es\/wp-json\/wp\/v2\/product_tag?post=60597"}],"curies":[{"name":"wp","href":"https:\/\/api.w.org\/{rel}","templated":true}]}}