{"id":60596,"date":"2021-11-13T13:53:50","date_gmt":"2021-11-13T12:53:50","guid":{"rendered":"https:\/\/www.customeeple.com\/product\/black-templars-hermanos-de-armas\/"},"modified":"2026-03-25T11:54:53","modified_gmt":"2026-03-25T10:54:53","slug":"black-templars-hermanos-de-armas","status":"publish","type":"product","link":"https:\/\/www.customeeple.com\/es\/producto\/black-templars-hermanos-de-armas\/","title":{"rendered":"Hermanos de Armas de los Templarios Negros"},"content":{"rendered":"<p>Cada Hermano de Armas se ha ganado su lugar en la casa del Mariscal mediante actos de fe inquebrantable y violencia espectacular. En el campo de batalla, son un mort\u00edfero, imparable, e inflexible torbellino armado con un surtido letal de espadas potentes y pistolas atronadoras que usan contra el enemigo en nombre del Emperador.<\/p>\n<p>Estos veteranos guerreros luchan con una mezcla de armas de combate y a distancia. Est\u00e1n liderados por un Castellano que puede estar equipado con una espada de energ\u00eda artesanal o una espada sierra Astartes en su mano derecha y una pistola b\u00f3lter pesada, un autoplasma o un cr\u00e1neo reliquia en la izquierda. Puedes montar los cuatro Hermanos de Armas restantes con diversas armas, incluyendo una pistola b\u00f3lter pesada, una piropistola, una pistola de plasma, espadas sierra Astartes, espadas de energ\u00eda, mazas de energ\u00eda, hachas de energ\u00eda, una apreja de garras rel\u00e1mpago, o un martillo de trueno. Este kit tambi\u00e9n incluye una gama de cabezas \u00fanicas, adornos para las mochilas y varias placas basculantes.<\/p>\n<p>El kit consta de 149 piezas de pl\u00e1stico, con las que podr\u00e1s montar cinco Hermanos de la Espada, y se suministra con cinco peanas redondas Citadel de 40 mm. Estas miniaturas se suministran sin pintar y requieren montaje- Recomendamos utilizar pegamento para pl\u00e1stico Citadel y pinturas Citadel.<\/p>\n","protected":false},"excerpt":{"rendered":"<p>Cada Hermano de Armas se ha ganado su lugar en la casa del Mariscal mediante actos de fe inquebrantable y violencia espectacular. En el campo de batalla, son un mort\u00edfero, imparable, e inflexible torbellino armado con un surtido letal de espadas potentes y pistolas atronadoras que usan contra el enemigo en nombre del Emperador. Estos [&hellip;]<\/p>\n","protected":false},"featured_media":60573,"template":"","meta":{"_acf_changed":false},"product_brand":[],"product_cat":[1177,1180,1229],"product_tag":[],"class_list":{"0":"post-60596","1":"product","2":"type-product","3":"status-publish","4":"has-post-thumbnail","6":"product_cat-games-workshop-es","7":"product_cat-retail-products-es","8":"product_cat-warhammer-40k-es","10":"first","11":"onbackorder","12":"sale","13":"taxable","14":"shipping-taxable","15":"purchasable","16":"product-type-simple"},"exclude_global_add_ons":[],"addons":[],"acf":[],"_links":{"self":[{"href":"https:\/\/www.customeeple.com\/es\/wp-json\/wp\/v2\/product\/60596","targetHints":{"allow":["GET"]}}],"collection":[{"href":"https:\/\/www.customeeple.com\/es\/wp-json\/wp\/v2\/product"}],"about":[{"href":"https:\/\/www.customeeple.com\/es\/wp-json\/wp\/v2\/types\/product"}],"wp:featuredmedia":[{"embeddable":true,"href":"https:\/\/www.customeeple.com\/es\/wp-json\/wp\/v2\/media\/60573"}],"wp:attachment":[{"href":"https:\/\/www.customeeple.com\/es\/wp-json\/wp\/v2\/media?parent=60596"}],"wp:term":[{"taxonomy":"product_brand","embeddable":true,"href":"https:\/\/www.customeeple.com\/es\/wp-json\/wp\/v2\/product_brand?post=60596"},{"taxonomy":"product_cat","embeddable":true,"href":"https:\/\/www.customeeple.com\/es\/wp-json\/wp\/v2\/product_cat?post=60596"},{"taxonomy":"product_tag","embeddable":true,"href":"https:\/\/www.customeeple.com\/es\/wp-json\/wp\/v2\/product_tag?post=60596"}],"curies":[{"name":"wp","href":"https:\/\/api.w.org\/{rel}","templated":true}]}}