{"id":60595,"date":"2021-11-13T12:35:45","date_gmt":"2021-11-13T11:35:45","guid":{"rendered":"https:\/\/www.customeeple.com\/product\/dino-world-2\/"},"modified":"2021-11-13T12:35:45","modified_gmt":"2021-11-13T11:35:45","slug":"dino-world-2","status":"publish","type":"product","link":"https:\/\/www.customeeple.com\/es\/producto\/dino-world-2\/","title":{"rendered":"Dino World (SPA)"},"content":{"rendered":"<p>Un arque\u00f3pterix salta por entre los espesos helechos. Lo que esta peque\u00f1a ave primitiva no sabe es que un velociraptor le ha echado el ojo para cazarla. Sin embargo, el h\u00e1bil cazador tampoco se encuentra a salvo cuando el gran tiranosaurio rex se acerca. Aquel que consiga que sus cartas dino caigan sobre los dinosaurios m\u00e1s peque\u00f1os empuj\u00e1ndolas desde el borde de la caja, se podr\u00e1 asegurar la mejor presa. Para ello, los jugadores deben apuntar bien y demostrar habilidad al lanzar las cartas.<\/p>\n<p><strong>Contenido:<\/strong><\/p>\n<ul>\n<li>1 caja de juego (terreno de saltos para los dinosaurios),<\/li>\n<li>4 marcadores de madera,<\/li>\n<li>52 cartas dino en cinco tama\u00f1os diferentes: 4 tiranosaurios rex (violetas), 8 espinosaurios (rojas), 8 dilofosaurios (azules), 16 velociraptores (amarillas), 16 arque\u00f3pterix (verdes),<\/li>\n<li>1 instrucciones del juego.<\/li>\n<\/ul>\n","protected":false},"excerpt":{"rendered":"<p>Un arque\u00f3pterix salta por entre los espesos helechos. Lo que esta peque\u00f1a ave primitiva no sabe es que un velociraptor le ha echado el ojo para cazarla. Sin embargo, el h\u00e1bil cazador tampoco se encuentra a salvo cuando el gran tiranosaurio rex se acerca. Aquel que consiga que sus cartas dino caigan sobre los dinosaurios [&hellip;]<\/p>\n","protected":false},"featured_media":60593,"template":"","meta":{"_acf_changed":false},"product_brand":[],"product_cat":[1561,1991,1653,1180],"product_tag":[],"class_list":{"0":"post-60595","1":"product","2":"type-product","3":"status-publish","4":"has-post-thumbnail","6":"product_cat-familiar-es","7":"product_cat-ha-es","8":"product_cat-boardgames","9":"product_cat-retail-products-es","11":"first","12":"onbackorder","13":"sale","14":"taxable","15":"shipping-taxable","16":"purchasable","17":"product-type-simple"},"exclude_global_add_ons":[],"addons":[],"acf":[],"_links":{"self":[{"href":"https:\/\/www.customeeple.com\/es\/wp-json\/wp\/v2\/product\/60595","targetHints":{"allow":["GET"]}}],"collection":[{"href":"https:\/\/www.customeeple.com\/es\/wp-json\/wp\/v2\/product"}],"about":[{"href":"https:\/\/www.customeeple.com\/es\/wp-json\/wp\/v2\/types\/product"}],"wp:featuredmedia":[{"embeddable":true,"href":"https:\/\/www.customeeple.com\/es\/wp-json\/wp\/v2\/media\/60593"}],"wp:attachment":[{"href":"https:\/\/www.customeeple.com\/es\/wp-json\/wp\/v2\/media?parent=60595"}],"wp:term":[{"taxonomy":"product_brand","embeddable":true,"href":"https:\/\/www.customeeple.com\/es\/wp-json\/wp\/v2\/product_brand?post=60595"},{"taxonomy":"product_cat","embeddable":true,"href":"https:\/\/www.customeeple.com\/es\/wp-json\/wp\/v2\/product_cat?post=60595"},{"taxonomy":"product_tag","embeddable":true,"href":"https:\/\/www.customeeple.com\/es\/wp-json\/wp\/v2\/product_tag?post=60595"}],"curies":[{"name":"wp","href":"https:\/\/api.w.org\/{rel}","templated":true}]}}