{"id":60544,"date":"2021-11-10T16:37:56","date_gmt":"2021-11-10T15:37:56","guid":{"rendered":"https:\/\/www.customeeple.com\/product\/cartaventura-vinland\/"},"modified":"2021-11-10T16:37:56","modified_gmt":"2021-11-10T15:37:56","slug":"cartaventura-vinland","status":"publish","type":"product","link":"https:\/\/www.customeeple.com\/es\/producto\/cartaventura-vinland\/","title":{"rendered":"Cartaventura: Vinland"},"content":{"rendered":"<p>VIAJA CON LOS VIKINGOS TRAS LAS HUELLAS DE ERIK EL ROJO<\/p>\n<p>\u00a1Toma las decisiones correctas, explora las tierras m\u00e1s lejanas y llega a Vinland!<\/p>\n<p>Reglas simples que aprender\u00e1s mientras juegas.<\/p>\n<p>Juega en solitario o con amigos.<\/p>\n<p>Una incre\u00edble aventura con varios finales.<\/p>\n<p><strong><a class=\"btn btn-default\" href=\"https:\/\/boardgamegeek.com\/boardgame\/327077\/cartaventura-vinland\" target=\"_blank\" rel=\"noreferrer noopener\">ENLACE A LA BGG<\/a><\/strong><\/p>\n","protected":false},"excerpt":{"rendered":"<p>VIAJA CON LOS VIKINGOS TRAS LAS HUELLAS DE ERIK EL ROJO \u00a1Toma las decisiones correctas, explora las tierras m\u00e1s lejanas y llega a Vinland! Reglas simples que aprender\u00e1s mientras juegas. Juega en solitario o con amigos. Una incre\u00edble aventura con varios finales. ENLACE A LA BGG<\/p>\n","protected":false},"featured_media":60543,"template":"","meta":{"_acf_changed":false},"product_brand":[],"product_cat":[1557,1653,1180],"product_tag":[],"class_list":{"0":"post-60544","1":"product","2":"type-product","3":"status-publish","4":"has-post-thumbnail","6":"product_cat-card-game-es","7":"product_cat-boardgames","8":"product_cat-retail-products-es","10":"first","11":"onbackorder","12":"sale","13":"taxable","14":"shipping-taxable","15":"purchasable","16":"product-type-simple"},"exclude_global_add_ons":[],"addons":[],"acf":[],"_links":{"self":[{"href":"https:\/\/www.customeeple.com\/es\/wp-json\/wp\/v2\/product\/60544","targetHints":{"allow":["GET"]}}],"collection":[{"href":"https:\/\/www.customeeple.com\/es\/wp-json\/wp\/v2\/product"}],"about":[{"href":"https:\/\/www.customeeple.com\/es\/wp-json\/wp\/v2\/types\/product"}],"wp:featuredmedia":[{"embeddable":true,"href":"https:\/\/www.customeeple.com\/es\/wp-json\/wp\/v2\/media\/60543"}],"wp:attachment":[{"href":"https:\/\/www.customeeple.com\/es\/wp-json\/wp\/v2\/media?parent=60544"}],"wp:term":[{"taxonomy":"product_brand","embeddable":true,"href":"https:\/\/www.customeeple.com\/es\/wp-json\/wp\/v2\/product_brand?post=60544"},{"taxonomy":"product_cat","embeddable":true,"href":"https:\/\/www.customeeple.com\/es\/wp-json\/wp\/v2\/product_cat?post=60544"},{"taxonomy":"product_tag","embeddable":true,"href":"https:\/\/www.customeeple.com\/es\/wp-json\/wp\/v2\/product_tag?post=60544"}],"curies":[{"name":"wp","href":"https:\/\/api.w.org\/{rel}","templated":true}]}}