{"id":60537,"date":"2021-11-10T14:37:18","date_gmt":"2021-11-10T13:37:18","guid":{"rendered":"https:\/\/www.customeeple.com\/product\/herbaceas\/"},"modified":"2021-11-10T14:37:18","modified_gmt":"2021-11-10T13:37:18","slug":"herbaceas","status":"publish","type":"product","link":"https:\/\/www.customeeple.com\/es\/producto\/herbaceas\/","title":{"rendered":"Herb\u00e1ceas"},"content":{"rendered":"<p>Todo el mundo es un gran jardinero cuando juega a Herb\u00e1ceas. Rel\u00e1jate y disfruta de este precioso y elegante juego en el que recoger\u00e1s y plantar\u00e1s hierbas. Planta la mejor colecci\u00f3n de hierbas en tus macetas, pero no te entretengas\u2026 \u00a1o tus amigos las plantar\u00e1n primero!<\/p>\n<p>En Herb\u00e1ceas, los jugadores intentar\u00e1n obtener el mayor n\u00famero de puntos posibles recogiendo y plantando hierbas del Jard\u00edn com\u00fan y de su Jard\u00edn privado. Cada jugador comienza la partida con cuatro macetas, cada una de estas permitiendo un modo distinto de agrupar cartas de hierba. En cada turno, deber\u00e1s decidir d\u00f3nde colocar las hierbas que robes del mazo, ya sea en el jard\u00edn com\u00fan o en el tuyo privado. Al comienzo de turnos posteriores, podr\u00e1s agrupar hierbas y plantarlas en una de las cuatro macetas que tienes. Al final de la partida, el valor de las macetas de cada jugador determinar\u00e1 el vencedor. Herb\u00e1ceas incluye tambi\u00e9n un modo en solitario, en el que competir\u00e1s contra ti mismo, intentando lograr ser el mejor jardinero.<\/p>\n","protected":false},"excerpt":{"rendered":"<p>Todo el mundo es un gran jardinero cuando juega a Herb\u00e1ceas. Rel\u00e1jate y disfruta de este precioso y elegante juego en el que recoger\u00e1s y plantar\u00e1s hierbas. Planta la mejor colecci\u00f3n de hierbas en tus macetas, pero no te entretengas\u2026 \u00a1o tus amigos las plantar\u00e1n primero! En Herb\u00e1ceas, los jugadores intentar\u00e1n obtener el mayor n\u00famero [&hellip;]<\/p>\n","protected":false},"featured_media":60536,"template":"","meta":{"_acf_changed":false},"product_brand":[],"product_cat":[1557,1653,1180],"product_tag":[],"class_list":{"0":"post-60537","1":"product","2":"type-product","3":"status-publish","4":"has-post-thumbnail","6":"product_cat-card-game-es","7":"product_cat-boardgames","8":"product_cat-retail-products-es","10":"first","11":"onbackorder","12":"sale","13":"taxable","14":"shipping-taxable","15":"purchasable","16":"product-type-simple"},"exclude_global_add_ons":[],"addons":[],"acf":[],"_links":{"self":[{"href":"https:\/\/www.customeeple.com\/es\/wp-json\/wp\/v2\/product\/60537","targetHints":{"allow":["GET"]}}],"collection":[{"href":"https:\/\/www.customeeple.com\/es\/wp-json\/wp\/v2\/product"}],"about":[{"href":"https:\/\/www.customeeple.com\/es\/wp-json\/wp\/v2\/types\/product"}],"wp:featuredmedia":[{"embeddable":true,"href":"https:\/\/www.customeeple.com\/es\/wp-json\/wp\/v2\/media\/60536"}],"wp:attachment":[{"href":"https:\/\/www.customeeple.com\/es\/wp-json\/wp\/v2\/media?parent=60537"}],"wp:term":[{"taxonomy":"product_brand","embeddable":true,"href":"https:\/\/www.customeeple.com\/es\/wp-json\/wp\/v2\/product_brand?post=60537"},{"taxonomy":"product_cat","embeddable":true,"href":"https:\/\/www.customeeple.com\/es\/wp-json\/wp\/v2\/product_cat?post=60537"},{"taxonomy":"product_tag","embeddable":true,"href":"https:\/\/www.customeeple.com\/es\/wp-json\/wp\/v2\/product_tag?post=60537"}],"curies":[{"name":"wp","href":"https:\/\/api.w.org\/{rel}","templated":true}]}}