{"id":60526,"date":"2021-11-09T20:46:17","date_gmt":"2021-11-09T19:46:17","guid":{"rendered":"https:\/\/www.customeeple.com\/product\/hanabi-que-espectaculo\/"},"modified":"2021-11-09T20:46:17","modified_gmt":"2021-11-09T19:46:17","slug":"hanabi-que-espectaculo","status":"publish","type":"product","link":"https:\/\/www.customeeple.com\/es\/producto\/hanabi-que-espectaculo\/","title":{"rendered":"Hanabi Que Espectaculo"},"content":{"rendered":"<p>Llega, de la mano del laureado Antoine Bauza\u00a0<em>Hanabi<\/em>: \u00a1un sorprendente, \u00a0incre\u00edble \u00a0e innovador reto!<\/p>\n<p>En este juego cooperativo \u00fanico, los jugadores trabajan codo con codo para crear un magn\u00edfico espect\u00e1culo pirot\u00e9cnico. Sin embargo todos ellos tendr\u00e1n que sujetar sus cartas al rev\u00e9s, ya que \u00a0\u00a1la p\u00f3lvora, las mechas y los cohetes se han mezclado! Nadie consigue ver con tanto humo qu\u00e9 es lo que est\u00e1 manipulando\u2026 as\u00ed que tendr\u00e1s que dar a tus compa\u00f1eros informaci\u00f3n de vital importancia, y recordar la que recibas t\u00fa de los dem\u00e1s. Ayudarse los unos a los otros ser\u00e1 la clave para realizar un gran espect\u00e1culo pirot\u00e9cnico y evitar ser abucheados por la audiencia\u2026<\/p>\n<p><strong>CONTENIDO<\/strong><br \/>54 cartas y 11 marcadores.<\/p>\n<table class=\"gvi gvi-name-value font-name-value\">\n<tbody>\n<tr>\n<td class=\"name\">Edad m\u00ednima recomendada<\/td>\n<td class=\"value\">8 a\u00f1os<\/td>\n<\/tr>\n<tr>\n<td class=\"name\">Duraci\u00f3n<\/td>\n<td class=\"value\">25&#8242;<\/td>\n<\/tr>\n<tr>\n<td class=\"name\">N\u00famero de jugadores<\/td>\n<td class=\"value\">2 a 5<\/td>\n<\/tr>\n<\/tbody>\n<\/table>\n<p>\u00a0<\/p>\n","protected":false},"excerpt":{"rendered":"<p>Llega, de la mano del laureado Antoine Bauza\u00a0Hanabi: \u00a1un sorprendente, \u00a0incre\u00edble \u00a0e innovador reto! En este juego cooperativo \u00fanico, los jugadores trabajan codo con codo para crear un magn\u00edfico espect\u00e1culo pirot\u00e9cnico. Sin embargo todos ellos tendr\u00e1n que sujetar sus cartas al rev\u00e9s, ya que \u00a0\u00a1la p\u00f3lvora, las mechas y los cohetes se han mezclado! Nadie [&hellip;]<\/p>\n","protected":false},"featured_media":60528,"template":"","meta":{"_acf_changed":false},"product_brand":[],"product_cat":[2003,1557,1653,1180],"product_tag":[],"class_list":{"0":"post-60526","1":"product","2":"type-product","3":"status-publish","4":"has-post-thumbnail","6":"product_cat-cooperative-es","7":"product_cat-card-game-es","8":"product_cat-boardgames","9":"product_cat-retail-products-es","11":"first","12":"onbackorder","13":"sale","14":"taxable","15":"shipping-taxable","16":"purchasable","17":"product-type-simple"},"exclude_global_add_ons":[],"addons":[],"acf":[],"_links":{"self":[{"href":"https:\/\/www.customeeple.com\/es\/wp-json\/wp\/v2\/product\/60526","targetHints":{"allow":["GET"]}}],"collection":[{"href":"https:\/\/www.customeeple.com\/es\/wp-json\/wp\/v2\/product"}],"about":[{"href":"https:\/\/www.customeeple.com\/es\/wp-json\/wp\/v2\/types\/product"}],"wp:featuredmedia":[{"embeddable":true,"href":"https:\/\/www.customeeple.com\/es\/wp-json\/wp\/v2\/media\/60528"}],"wp:attachment":[{"href":"https:\/\/www.customeeple.com\/es\/wp-json\/wp\/v2\/media?parent=60526"}],"wp:term":[{"taxonomy":"product_brand","embeddable":true,"href":"https:\/\/www.customeeple.com\/es\/wp-json\/wp\/v2\/product_brand?post=60526"},{"taxonomy":"product_cat","embeddable":true,"href":"https:\/\/www.customeeple.com\/es\/wp-json\/wp\/v2\/product_cat?post=60526"},{"taxonomy":"product_tag","embeddable":true,"href":"https:\/\/www.customeeple.com\/es\/wp-json\/wp\/v2\/product_tag?post=60526"}],"curies":[{"name":"wp","href":"https:\/\/api.w.org\/{rel}","templated":true}]}}