{"id":60525,"date":"2021-11-10T10:31:54","date_gmt":"2021-11-10T09:31:54","guid":{"rendered":"https:\/\/www.customeeple.com\/product\/imagine\/"},"modified":"2021-11-10T10:31:54","modified_gmt":"2021-11-10T09:31:54","slug":"imagine","status":"publish","type":"product","link":"https:\/\/www.customeeple.com\/es\/producto\/imagine\/","title":{"rendered":"Imagine (SPA)"},"content":{"rendered":"<p>\u00a1Expr\u00e9sate, no hay l\u00edmites!<\/p>\n<p>Las 60 cartas transparentes de\u00a0<em>Imagine\u00a0<\/em>te permitir\u00e1n liberar tu imaginaci\u00f3n para resolver uno de los enigmas (pel\u00edculas, lugares, personajes\u2026).<\/p>\n<p>Ponlas encima unas de otras, haz figuras con ellas, comb\u00ednalas y haz que cobren vida. \u00a1Las posibilidades son infinitas!<\/p>\n<p><strong>CONTENIDO<\/strong><br \/>60 cartas transparentes, 65 cartas Enigma, 35 fichas y 1 reglamento.<\/p>\n<table class=\"gvi gvi-name-value font-name-value\">\n<tbody>\n<tr>\n<td class=\"name\">Edad m\u00ednima recomendada<\/td>\n<td class=\"value\">12 a\u00f1os<\/td>\n<\/tr>\n<tr>\n<td class=\"name\">Duraci\u00f3n<\/td>\n<td class=\"value\">30&#8242;<\/td>\n<\/tr>\n<tr>\n<td class=\"name\">N\u00famero de jugadores<\/td>\n<td class=\"value\">3 a 8<\/td>\n<\/tr>\n<\/tbody>\n<\/table>\n","protected":false},"excerpt":{"rendered":"<p>\u00a1Expr\u00e9sate, no hay l\u00edmites! Las 60 cartas transparentes de\u00a0Imagine\u00a0te permitir\u00e1n liberar tu imaginaci\u00f3n para resolver uno de los enigmas (pel\u00edculas, lugares, personajes\u2026). Ponlas encima unas de otras, haz figuras con ellas, comb\u00ednalas y haz que cobren vida. \u00a1Las posibilidades son infinitas! CONTENIDO60 cartas transparentes, 65 cartas Enigma, 35 fichas y 1 reglamento. Edad m\u00ednima recomendada [&hellip;]<\/p>\n","protected":false},"featured_media":60520,"template":"","meta":{"_acf_changed":false},"product_brand":[],"product_cat":[1653,1180],"product_tag":[],"class_list":{"0":"post-60525","1":"product","2":"type-product","3":"status-publish","4":"has-post-thumbnail","6":"product_cat-boardgames","7":"product_cat-retail-products-es","9":"first","10":"outofstock","11":"sale","12":"taxable","13":"shipping-taxable","14":"purchasable","15":"product-type-simple"},"exclude_global_add_ons":[],"addons":[],"acf":[],"_links":{"self":[{"href":"https:\/\/www.customeeple.com\/es\/wp-json\/wp\/v2\/product\/60525","targetHints":{"allow":["GET"]}}],"collection":[{"href":"https:\/\/www.customeeple.com\/es\/wp-json\/wp\/v2\/product"}],"about":[{"href":"https:\/\/www.customeeple.com\/es\/wp-json\/wp\/v2\/types\/product"}],"wp:featuredmedia":[{"embeddable":true,"href":"https:\/\/www.customeeple.com\/es\/wp-json\/wp\/v2\/media\/60520"}],"wp:attachment":[{"href":"https:\/\/www.customeeple.com\/es\/wp-json\/wp\/v2\/media?parent=60525"}],"wp:term":[{"taxonomy":"product_brand","embeddable":true,"href":"https:\/\/www.customeeple.com\/es\/wp-json\/wp\/v2\/product_brand?post=60525"},{"taxonomy":"product_cat","embeddable":true,"href":"https:\/\/www.customeeple.com\/es\/wp-json\/wp\/v2\/product_cat?post=60525"},{"taxonomy":"product_tag","embeddable":true,"href":"https:\/\/www.customeeple.com\/es\/wp-json\/wp\/v2\/product_tag?post=60525"}],"curies":[{"name":"wp","href":"https:\/\/api.w.org\/{rel}","templated":true}]}}