{"id":60524,"date":"2021-11-09T20:46:26","date_gmt":"2021-11-09T19:46:26","guid":{"rendered":"https:\/\/www.customeeple.com\/product\/zombie-kidz-evolution\/"},"modified":"2023-10-16T17:22:20","modified_gmt":"2023-10-16T16:22:20","slug":"zombie-kidz-evolution","status":"publish","type":"product","link":"https:\/\/www.customeeple.com\/es\/producto\/zombie-kidz-evolution\/","title":{"rendered":"Zombie Kidz Evolution (SPA)"},"content":{"rendered":"<p>Los zombis han invadido tu colegio. Re\u00fane a tus amigos para este juego cooperativo y busca la mejor estrategia para repeler a estas terribles criaturas.<\/p>\n<p>Cuanto m\u00e1s juegues, m\u00e1s se transforma el juego. Completa misiones especiales y marca tu progreso con pegatinas. Abre sobres misteriosos que dan variedad al juego.<br \/>\u00a1Dales poderes a tus h\u00e9roes! \u00a1Muta a los zombis!<\/p>\n<p><strong>CONTENIDO<\/strong><br \/>1 tablero de juego de doble cara, 1 dado de Zombis, 4 fichas de H\u00e9roe, 8 fichas de Zombi, 4 fichas de Candado, 8 soportes de pl\u00e1stico, 13 sobres de Evoluci\u00f3n cerrados y 1 reglamento (que incluye 1 hoja de pegatinas y 1 pasaporte de cazador de zombis).<\/p>\n<table class=\"gvi gvi-name-value font-name-value\">\n<tbody>\n<tr>\n<td class=\"name\">Edad m\u00ednima recomendada<\/td>\n<td class=\"value\">7 a\u00f1os<\/td>\n<\/tr>\n<tr>\n<td class=\"name\">Duraci\u00f3n<\/td>\n<td class=\"value\">15&#8242;<\/td>\n<\/tr>\n<tr>\n<td class=\"name\">N\u00famero de jugadores<\/td>\n<td class=\"value\">2 a 4<\/td>\n<\/tr>\n<\/tbody>\n<\/table>\n","protected":false},"excerpt":{"rendered":"<p>Los zombis han invadido tu colegio. Re\u00fane a tus amigos para este juego cooperativo y busca la mejor estrategia para repeler a estas terribles criaturas. Cuanto m\u00e1s juegues, m\u00e1s se transforma el juego. Completa misiones especiales y marca tu progreso con pegatinas. Abre sobres misteriosos que dan variedad al juego.\u00a1Dales poderes a tus h\u00e9roes! \u00a1Muta [&hellip;]<\/p>\n","protected":false},"featured_media":60512,"template":"","meta":{"_acf_changed":false},"product_brand":[],"product_cat":[1564,1653,1180],"product_tag":[],"class_list":{"0":"post-60524","1":"product","2":"type-product","3":"status-publish","4":"has-post-thumbnail","6":"product_cat-childrens-es","7":"product_cat-boardgames","8":"product_cat-retail-products-es","10":"first","11":"onbackorder","12":"sale","13":"taxable","14":"shipping-taxable","15":"purchasable","16":"product-type-simple"},"exclude_global_add_ons":[],"addons":[],"acf":[],"_links":{"self":[{"href":"https:\/\/www.customeeple.com\/es\/wp-json\/wp\/v2\/product\/60524","targetHints":{"allow":["GET"]}}],"collection":[{"href":"https:\/\/www.customeeple.com\/es\/wp-json\/wp\/v2\/product"}],"about":[{"href":"https:\/\/www.customeeple.com\/es\/wp-json\/wp\/v2\/types\/product"}],"wp:featuredmedia":[{"embeddable":true,"href":"https:\/\/www.customeeple.com\/es\/wp-json\/wp\/v2\/media\/60512"}],"wp:attachment":[{"href":"https:\/\/www.customeeple.com\/es\/wp-json\/wp\/v2\/media?parent=60524"}],"wp:term":[{"taxonomy":"product_brand","embeddable":true,"href":"https:\/\/www.customeeple.com\/es\/wp-json\/wp\/v2\/product_brand?post=60524"},{"taxonomy":"product_cat","embeddable":true,"href":"https:\/\/www.customeeple.com\/es\/wp-json\/wp\/v2\/product_cat?post=60524"},{"taxonomy":"product_tag","embeddable":true,"href":"https:\/\/www.customeeple.com\/es\/wp-json\/wp\/v2\/product_tag?post=60524"}],"curies":[{"name":"wp","href":"https:\/\/api.w.org\/{rel}","templated":true}]}}