{"id":60523,"date":"2021-11-10T10:33:09","date_gmt":"2021-11-10T09:33:09","guid":{"rendered":"https:\/\/www.customeeple.com\/product\/swl-recursos-vitales\/"},"modified":"2021-11-10T10:33:09","modified_gmt":"2021-11-10T09:33:09","slug":"swl-recursos-vitales","status":"publish","type":"product","link":"https:\/\/www.customeeple.com\/es\/producto\/swl-recursos-vitales\/","title":{"rendered":"Star Wars Legion: Recursos Vitales"},"content":{"rendered":"<p><em>\u201cYO HE ELEGIDO VIVIR POR MI PUEBLO.\u201d<\/em>\u00a0\u2013 RIYO CHUCHI<\/p>\n<p>Los soldados desempe\u00f1an toda clase de misiones, desde efectuar tensos intercambios de rehenes hasta transportar cargamentos de material explosivo o se\u00f1alizar bombardeos de pasada. \u00a1All\u00ed donde se libre una batalla, con esta expansi\u00f3n dispondr\u00e1s de nuevas opciones para ampliar las posibilidades de tus partidas de\u00a0<em>STAR WARS: LEGI\u00d3N<\/em>!<\/p>\n<p>Este pack de expansi\u00f3n para\u00a0<em>STAR WARS: LEGI\u00d3N<\/em>\u00a0contiene 16 miniaturas de objetivos del campo de batalla esculpidas con todo lujo de detalle, adem\u00e1s de nuevas cartas de Batalla, Reh\u00e9n y Suministros que a\u00f1aden nuevas opciones al juego. Estas miniaturas pueden utilizarse en sustituci\u00f3n de las fichas de Objetivo incluidas en la caja b\u00e1sica de\u00a0<em>STAR WARS: LEGI\u00d3N<\/em>, o bien como piezas de escenograf\u00eda para decorar el campo de batalla.<\/p>\n<p><strong>CONTENIDO<\/strong><br \/>16 miniaturas de pl\u00e1stico, 9 cartas de Batalla, 16 cartas de Suministros, 2 cartas de Reh\u00e9n y 1 hoja de reglas.<\/p>\n<p><strong>NOTAS<\/strong><br \/>No es un juego completo. para poder jugar se necesita una caja b\u00e1sica de STAR WARS: LEGI\u00d3N.<br \/>Las miniaturas incluidas en esta caja vienen sin montar y sin pintar.<\/p>\n<table class=\"gvi gvi-name-value font-name-value\">\n<tbody>\n<tr>\n<td class=\"name\">Edad m\u00ednima recomendada<\/td>\n<td class=\"value\">14 a\u00f1os<\/td>\n<\/tr>\n<tr>\n<td class=\"name\">Duraci\u00f3n<\/td>\n<td class=\"value\">1-2 H.<\/td>\n<\/tr>\n<tr>\n<td class=\"name\">N\u00famero de jugadores<\/td>\n<td class=\"value\">2<\/td>\n<\/tr>\n<\/tbody>\n<\/table>\n","protected":false},"excerpt":{"rendered":"<p>\u201cYO HE ELEGIDO VIVIR POR MI PUEBLO.\u201d\u00a0\u2013 RIYO CHUCHI Los soldados desempe\u00f1an toda clase de misiones, desde efectuar tensos intercambios de rehenes hasta transportar cargamentos de material explosivo o se\u00f1alizar bombardeos de pasada. \u00a1All\u00ed donde se libre una batalla, con esta expansi\u00f3n dispondr\u00e1s de nuevas opciones para ampliar las posibilidades de tus partidas de\u00a0STAR WARS: [&hellip;]<\/p>\n","protected":false},"featured_media":60514,"template":"","meta":{"_acf_changed":false},"product_brand":[],"product_cat":[1180,1410,1623],"product_tag":[],"class_list":{"0":"post-60523","1":"product","2":"type-product","3":"status-publish","4":"has-post-thumbnail","6":"product_cat-retail-products-es","7":"product_cat-star-wars-legion-es","8":"product_cat-wargames-es-2","10":"first","11":"onbackorder","12":"sale","13":"taxable","14":"shipping-taxable","15":"purchasable","16":"product-type-simple"},"exclude_global_add_ons":[],"addons":[],"acf":[],"_links":{"self":[{"href":"https:\/\/www.customeeple.com\/es\/wp-json\/wp\/v2\/product\/60523","targetHints":{"allow":["GET"]}}],"collection":[{"href":"https:\/\/www.customeeple.com\/es\/wp-json\/wp\/v2\/product"}],"about":[{"href":"https:\/\/www.customeeple.com\/es\/wp-json\/wp\/v2\/types\/product"}],"wp:featuredmedia":[{"embeddable":true,"href":"https:\/\/www.customeeple.com\/es\/wp-json\/wp\/v2\/media\/60514"}],"wp:attachment":[{"href":"https:\/\/www.customeeple.com\/es\/wp-json\/wp\/v2\/media?parent=60523"}],"wp:term":[{"taxonomy":"product_brand","embeddable":true,"href":"https:\/\/www.customeeple.com\/es\/wp-json\/wp\/v2\/product_brand?post=60523"},{"taxonomy":"product_cat","embeddable":true,"href":"https:\/\/www.customeeple.com\/es\/wp-json\/wp\/v2\/product_cat?post=60523"},{"taxonomy":"product_tag","embeddable":true,"href":"https:\/\/www.customeeple.com\/es\/wp-json\/wp\/v2\/product_tag?post=60523"}],"curies":[{"name":"wp","href":"https:\/\/api.w.org\/{rel}","templated":true}]}}