{"id":60522,"date":"2021-11-10T10:32:32","date_gmt":"2021-11-10T09:32:32","guid":{"rendered":"https:\/\/www.customeeple.com\/product\/legion-escuadron-infernal\/"},"modified":"2021-11-10T10:32:32","modified_gmt":"2021-11-10T09:32:32","slug":"legion-escuadron-infernal","status":"publish","type":"product","link":"https:\/\/www.customeeple.com\/es\/producto\/legion-escuadron-infernal\/","title":{"rendered":"Star Wars Legion: Escuadron Infernal"},"content":{"rendered":"<p>Las unidades de Fuerzas especiales imperiales se componen de verdaderos maestros de la infiltraci\u00f3n, el rescate y el combate en todo tipo de circunstancias. El Escuadr\u00f3n Infernal destaca entre estas unidades de \u00e9lite, demostrando ser particularmente eficaz en la protecci\u00f3n, o la eliminaci\u00f3n, de los secretos del Imperio y neutralizando cualquier amenaza a su dominio.<\/p>\n<p>Los soldados de las Fuerzas especiales imperiales se especializan en misiones secretas y de precisi\u00f3n como la recuperaci\u00f3n de informaci\u00f3n vital de inteligencia o la destrucci\u00f3n de objetivos clave y son expertos en el manejo de toda una serie de armas, incluyendo el Fusil bl\u00e1ster T-21. El Escuadr\u00f3n Infernal es particularmente conocido por sus t\u00e1cticas poco convencionales y sus miembros, como Gideon Hask y Del Meek, pueden dar apoyo a distintas unidades imperiales con sus habilidades \u00fanicas.<\/p>\n<p>Al margen de a qu\u00e9 unidad las asignes, las siete miniaturas de pl\u00e1stico de las Fuerzas Especiales imperiales sin pintar que se incluyan en esta expansi\u00f3n, se pueden montar en toda una serie de configuraciones. Puedes equipar uno de estos soldados con un Fusil bl\u00e1ster T-21 o con un Fusil bl\u00e1ster E-11. Si est\u00e1s montando el Escuadr\u00f3n Infernal para desplegarlo junto a Iden Versio, las miniaturas de Gideon Hask y Del Meeko pueden montarse con o sin sus caracter\u00edsticos cascos y Meeko va equipado con un Fusil de francotirador DLT-19x.<\/p>\n<p>Este pack de expansi\u00f3n para STAR WARS: LEGI\u00d3N contiene 7 miniaturas de infanter\u00eda esculpidas con todo lujo de detalle, suficiente para desplegar dos unidades de Fuerzas especiales (Escuadr\u00f3n Infernal y Fuerzas Especiales Imperiales), adem\u00e1s de nuevas cartas de Unidad y Mejora que podr\u00e1s utilizar en tus batallas.<\/p>\n<p><strong>CONTENIDO<\/strong><br \/>7 miniaturas de pl\u00e1stico, 2 cartas de Unidad, 7 cartas de Mejora, 12 fichas diversas y 1 hoja de reglas.<\/p>\n<table class=\"gvi gvi-name-value font-name-value\">\n<tbody>\n<tr>\n<td class=\"name\">Edad m\u00ednima recomendada<\/td>\n<td class=\"value\">14 a\u00f1os<\/td>\n<\/tr>\n<tr>\n<td class=\"name\">Duraci\u00f3n<\/td>\n<td class=\"value\">1-2 H.<\/td>\n<\/tr>\n<tr>\n<td class=\"name\">N\u00famero de jugadores<\/td>\n<td class=\"value\">2<\/td>\n<\/tr>\n<\/tbody>\n<\/table>\n","protected":false},"excerpt":{"rendered":"<p>Las unidades de Fuerzas especiales imperiales se componen de verdaderos maestros de la infiltraci\u00f3n, el rescate y el combate en todo tipo de circunstancias. El Escuadr\u00f3n Infernal destaca entre estas unidades de \u00e9lite, demostrando ser particularmente eficaz en la protecci\u00f3n, o la eliminaci\u00f3n, de los secretos del Imperio y neutralizando cualquier amenaza a su dominio. [&hellip;]<\/p>\n","protected":false},"featured_media":60516,"template":"","meta":{"_acf_changed":false},"product_brand":[],"product_cat":[1180,1410,1623],"product_tag":[],"class_list":{"0":"post-60522","1":"product","2":"type-product","3":"status-publish","4":"has-post-thumbnail","6":"product_cat-retail-products-es","7":"product_cat-star-wars-legion-es","8":"product_cat-wargames-es-2","10":"first","11":"onbackorder","12":"sale","13":"taxable","14":"shipping-taxable","15":"purchasable","16":"product-type-simple"},"exclude_global_add_ons":[],"addons":[],"acf":[],"_links":{"self":[{"href":"https:\/\/www.customeeple.com\/es\/wp-json\/wp\/v2\/product\/60522","targetHints":{"allow":["GET"]}}],"collection":[{"href":"https:\/\/www.customeeple.com\/es\/wp-json\/wp\/v2\/product"}],"about":[{"href":"https:\/\/www.customeeple.com\/es\/wp-json\/wp\/v2\/types\/product"}],"wp:featuredmedia":[{"embeddable":true,"href":"https:\/\/www.customeeple.com\/es\/wp-json\/wp\/v2\/media\/60516"}],"wp:attachment":[{"href":"https:\/\/www.customeeple.com\/es\/wp-json\/wp\/v2\/media?parent=60522"}],"wp:term":[{"taxonomy":"product_brand","embeddable":true,"href":"https:\/\/www.customeeple.com\/es\/wp-json\/wp\/v2\/product_brand?post=60522"},{"taxonomy":"product_cat","embeddable":true,"href":"https:\/\/www.customeeple.com\/es\/wp-json\/wp\/v2\/product_cat?post=60522"},{"taxonomy":"product_tag","embeddable":true,"href":"https:\/\/www.customeeple.com\/es\/wp-json\/wp\/v2\/product_tag?post=60522"}],"curies":[{"name":"wp","href":"https:\/\/api.w.org\/{rel}","templated":true}]}}