{"id":60501,"date":"2021-11-09T16:49:21","date_gmt":"2021-11-09T15:49:22","guid":{"rendered":"https:\/\/www.customeeple.com\/?post_type=product&#038;p=60501"},"modified":"2021-11-09T17:27:19","modified_gmt":"2021-11-09T16:27:19","slug":"arcane-adventure-set-innsmouth","status":"publish","type":"product","link":"https:\/\/www.customeeple.com\/es\/producto\/arcane-adventure-set-innsmouth\/","title":{"rendered":"\u00abArcane Adventure\u00bb set de marcadores Innsmouth (26Uds)"},"content":{"rendered":"<p>Nuestra linea \u00abArcane Adventure\u00bb te ayudar\u00e1 a mejorar los componentes de cualquier juego de investigaci\u00f3n y misterio. Encuentra las pistas para ayudarte a luchar contra los horrores m\u00e1s all\u00e1 de nuestra compresi\u00f3n.<\/p>\n<p>Este set completo tiene todos los marcadores que puedas necesitar. El Set incluye:<\/p>\n<ul>\n<li><strong><em>19 Marcadores doble cara de Marea<\/em><\/strong><\/li>\n<li><strong><em>7 Marcadores de Llave<\/em><\/strong><\/li>\n<\/ul>\n<p>Este producto encaja a la perfecci\u00f3n con la expansi\u00f3n \u00abLa Conspiracion de Innsmouth\u00bb el juego \u00a0<a href=\"https:\/\/boardgamegeek.com\/boardgame\/205637\/arkham-horror-card-game\"><strong>Arkham horror Lcg<\/strong><\/a><\/p>\n<div class=\"moreinfo\">\n<p><strong>Material:<\/strong>\u00a0Metacrilato<\/p>\n<p><strong>Espesor:<\/strong>\u00a03mm<\/p>\n<p><strong>Tama\u00f1o:<\/strong> Varia<\/p>\n<p><strong>Cantidad:\u00a0<\/strong>26 unidades<\/p>\n<p><strong>Uso:<\/strong> Perfecto para cualquier juego de misterio y terror<\/p>\n<\/div>\n<p><strong><a href=\"https:\/\/boardgamegeek.com\/boardgame\/205637\/arkham-horror-card-game\">Arkham horror Lcg<\/a> <\/strong>es un juego de\u00a0<strong>Nate French<\/strong> y <strong>Matthew Newman<\/strong>\u00a0publicado por\u00a0<strong><a href=\"https:\/\/www.fantasyflightgames.com\/en\/index\/\">Fantasy Flight Games<\/a>.<\/strong>\u00a0<strong>Customeeple<\/strong>\u00a0 no mantiene ninguna relaci\u00f3n con esa compa\u00f1\u00eda y este producto no est\u00e1 de ninguna manera patrocinado por ellos.<\/p>\n<p>&nbsp;<\/p>\n<div class=\"infopreorder\"><strong>Nota:<\/strong>\u00a0Los colores de las piezas de metacrilato pueden variar ligeramente de las mostradas en la fotos<\/div>\n<p>&nbsp;<\/p>\n","protected":false},"excerpt":{"rendered":"<p>Set de piezas compatible con&nbsp;<a href=\"https:\/\/boardgamegeek.com\/boardgame\/205637\/arkham-horror-card-game\" data-mce-href=\"https:\/\/boardgamegeek.com\/boardgame\/205637\/arkham-horror-card-game\"><strong>Arkham horror Lcg<\/strong><\/a><\/p>\n","protected":false},"featured_media":60494,"template":"","meta":{"_acf_changed":false},"product_brand":[],"product_cat":[1303],"product_tag":[656,1310,641],"class_list":{"0":"post-60501","1":"product","2":"type-product","3":"status-publish","4":"has-post-thumbnail","6":"product_cat-ada","7":"product_tag-arkham-horror-es-2","8":"product_tag-arkham-horror-lcg-es","9":"product_tag-eldrich-horror","11":"first","12":"instock","13":"taxable","14":"shipping-taxable","15":"purchasable","16":"product-type-simple"},"exclude_global_add_ons":[],"addons":[],"acf":[],"_links":{"self":[{"href":"https:\/\/www.customeeple.com\/es\/wp-json\/wp\/v2\/product\/60501","targetHints":{"allow":["GET"]}}],"collection":[{"href":"https:\/\/www.customeeple.com\/es\/wp-json\/wp\/v2\/product"}],"about":[{"href":"https:\/\/www.customeeple.com\/es\/wp-json\/wp\/v2\/types\/product"}],"wp:featuredmedia":[{"embeddable":true,"href":"https:\/\/www.customeeple.com\/es\/wp-json\/wp\/v2\/media\/60494"}],"wp:attachment":[{"href":"https:\/\/www.customeeple.com\/es\/wp-json\/wp\/v2\/media?parent=60501"}],"wp:term":[{"taxonomy":"product_brand","embeddable":true,"href":"https:\/\/www.customeeple.com\/es\/wp-json\/wp\/v2\/product_brand?post=60501"},{"taxonomy":"product_cat","embeddable":true,"href":"https:\/\/www.customeeple.com\/es\/wp-json\/wp\/v2\/product_cat?post=60501"},{"taxonomy":"product_tag","embeddable":true,"href":"https:\/\/www.customeeple.com\/es\/wp-json\/wp\/v2\/product_tag?post=60501"}],"curies":[{"name":"wp","href":"https:\/\/api.w.org\/{rel}","templated":true}]}}