{"id":60454,"date":"2021-11-06T18:34:31","date_gmt":"2021-11-06T17:34:31","guid":{"rendered":"https:\/\/www.customeeple.com\/product\/necromunda-cawdor-weapons-and-upgrades\/"},"modified":"2023-11-21T00:00:12","modified_gmt":"2023-11-20T23:00:12","slug":"necromunda-cawdor-weapons-and-upgrades","status":"publish","type":"product","link":"https:\/\/www.customeeple.com\/es\/producto\/necromunda-cawdor-weapons-and-upgrades\/","title":{"rendered":"Necromunda: Armas y mejoras de Cawdor"},"content":{"rendered":"<p>Mejora a tus luchadores Cawdor con un variado y mort\u00edfero arsenal que te permitir\u00e1 crear una banda totalmente \u00fanica y amenazadora. Esta caja tambi\u00e9n incluye distintas opciones alternativas para los brazos y la cabeza, para que puedas personalizar las miniaturas a\u00fan m\u00e1s.<\/p>\n<p>La caja de 64 piezas de pl\u00e1stico incluye:<\/p>\n<p>\u2013 2 chain glaives<br \/>\n\u2013 4 axes<br \/>\n\u2013 2 two-handed axes<br \/>\n\u2013 2 flamers<br \/>\n\u2013 2 long Rifle<br \/>\n\u2013 2 sawn-off shotgun<br \/>\n\u2013 2 two-handed hammer<br \/>\n\u2013 2 heavy stubber<br \/>\n\u2013 2 combi-weapon (autogun\/flamer)<br \/>\n\u2013 2 heavy flamer<br \/>\n\u2013 2 flail<br \/>\n\u2013 2 fighting knife<br \/>\n\u2013 2 incendiary charge<br \/>\n\u2013 2 reclaimed autopistol<br \/>\n\u2013 10 cabezas (2 cabezas por dise\u00f1o, 5 dise\u00f1os en total)<br \/>\n\u2013 4 flak armour panels<\/p>\n<p>Las piezas con compatibles con la caja Cawdor Gang kit. Las miniaturas se suministran sin pintar ni montar. Recomendamos usar pegamento y pinturas Citadel.<\/p>\n","protected":false},"excerpt":{"rendered":"<p>Mejora a tus luchadores Cawdor con un variado y mort\u00edfero arsenal que te permitir\u00e1 crear una banda totalmente \u00fanica y amenazadora. Esta caja tambi\u00e9n incluye distintas opciones alternativas para los brazos y la cabeza, para que puedas personalizar las miniaturas a\u00fan m\u00e1s. La caja de 64 piezas de pl\u00e1stico incluye: \u2013 2 chain glaives \u2013 [&hellip;]<\/p>\n","protected":false},"featured_media":60453,"template":"","meta":{"_acf_changed":false},"product_brand":[],"product_cat":[1177,1583,1180],"product_tag":[],"class_list":{"0":"post-60454","1":"product","2":"type-product","3":"status-publish","4":"has-post-thumbnail","6":"product_cat-games-workshop-es","7":"product_cat-necromunda-es","8":"product_cat-retail-products-es","10":"first","11":"onbackorder","12":"sale","13":"taxable","14":"shipping-taxable","15":"purchasable","16":"product-type-simple"},"exclude_global_add_ons":[],"addons":[],"acf":[],"_links":{"self":[{"href":"https:\/\/www.customeeple.com\/es\/wp-json\/wp\/v2\/product\/60454","targetHints":{"allow":["GET"]}}],"collection":[{"href":"https:\/\/www.customeeple.com\/es\/wp-json\/wp\/v2\/product"}],"about":[{"href":"https:\/\/www.customeeple.com\/es\/wp-json\/wp\/v2\/types\/product"}],"wp:featuredmedia":[{"embeddable":true,"href":"https:\/\/www.customeeple.com\/es\/wp-json\/wp\/v2\/media\/60453"}],"wp:attachment":[{"href":"https:\/\/www.customeeple.com\/es\/wp-json\/wp\/v2\/media?parent=60454"}],"wp:term":[{"taxonomy":"product_brand","embeddable":true,"href":"https:\/\/www.customeeple.com\/es\/wp-json\/wp\/v2\/product_brand?post=60454"},{"taxonomy":"product_cat","embeddable":true,"href":"https:\/\/www.customeeple.com\/es\/wp-json\/wp\/v2\/product_cat?post=60454"},{"taxonomy":"product_tag","embeddable":true,"href":"https:\/\/www.customeeple.com\/es\/wp-json\/wp\/v2\/product_tag?post=60454"}],"curies":[{"name":"wp","href":"https:\/\/api.w.org\/{rel}","templated":true}]}}