{"id":60413,"date":"2021-11-05T12:25:01","date_gmt":"2021-11-05T11:25:01","guid":{"rendered":"https:\/\/www.customeeple.com\/product\/vallejo-airbrush-thinner-200-ml\/"},"modified":"2021-11-05T12:25:01","modified_gmt":"2021-11-05T11:25:01","slug":"vallejo-airbrush-thinner-200-ml","status":"publish","type":"product","link":"https:\/\/www.customeeple.com\/es\/producto\/vallejo-airbrush-thinner-200-ml\/","title":{"rendered":"Diluyente para aer\u00f3grafo Vallejo  200 ml."},"content":{"rendered":"<p>Airbrush Thinner es un diluyente para aerograf\u00eda. Diluye el color sin perder las cualidades de adhesi\u00f3n, dureza y consistencia. Aumenta la fluidez y transparencia de la pintura. Retrasa el secado dentro del mecanismo del aer\u00f3grafo.<\/p>\n","protected":false},"excerpt":{"rendered":"<p>Airbrush Thinner es un diluyente para aerograf\u00eda. Diluye el color sin perder las cualidades de adhesi\u00f3n, dureza y consistencia. Aumenta la fluidez y transparencia de la pintura. Retrasa el secado dentro del mecanismo del aer\u00f3grafo.<\/p>\n","protected":false},"featured_media":60412,"template":"","meta":{"_acf_changed":false},"product_brand":[],"product_cat":[1401,1180],"product_tag":[],"class_list":{"0":"post-60413","1":"product","2":"type-product","3":"status-publish","4":"has-post-thumbnail","6":"product_cat-pintura-y-modelismo","7":"product_cat-retail-products-es","9":"first","10":"instock","11":"sale","12":"taxable","13":"shipping-taxable","14":"purchasable","15":"product-type-simple"},"exclude_global_add_ons":[],"addons":[],"acf":[],"_links":{"self":[{"href":"https:\/\/www.customeeple.com\/es\/wp-json\/wp\/v2\/product\/60413","targetHints":{"allow":["GET"]}}],"collection":[{"href":"https:\/\/www.customeeple.com\/es\/wp-json\/wp\/v2\/product"}],"about":[{"href":"https:\/\/www.customeeple.com\/es\/wp-json\/wp\/v2\/types\/product"}],"wp:featuredmedia":[{"embeddable":true,"href":"https:\/\/www.customeeple.com\/es\/wp-json\/wp\/v2\/media\/60412"}],"wp:attachment":[{"href":"https:\/\/www.customeeple.com\/es\/wp-json\/wp\/v2\/media?parent=60413"}],"wp:term":[{"taxonomy":"product_brand","embeddable":true,"href":"https:\/\/www.customeeple.com\/es\/wp-json\/wp\/v2\/product_brand?post=60413"},{"taxonomy":"product_cat","embeddable":true,"href":"https:\/\/www.customeeple.com\/es\/wp-json\/wp\/v2\/product_cat?post=60413"},{"taxonomy":"product_tag","embeddable":true,"href":"https:\/\/www.customeeple.com\/es\/wp-json\/wp\/v2\/product_tag?post=60413"}],"curies":[{"name":"wp","href":"https:\/\/api.w.org\/{rel}","templated":true}]}}