{"id":60310,"date":"2021-10-28T15:10:11","date_gmt":"2021-10-28T14:10:11","guid":{"rendered":"https:\/\/www.customeeple.com\/?post_type=product&#038;p=60310"},"modified":"2021-10-28T15:27:00","modified_gmt":"2021-10-28T14:27:00","slug":"regla-compatible-con-kt","status":"publish","type":"product","link":"https:\/\/www.customeeple.com\/es\/producto\/regla-compatible-con-kt\/","title":{"rendered":"Regla compatible con Kill Team"},"content":{"rendered":"<p>Una \u00fatil regla para juegos de miniaturas. Perfecta para medir movimiento y cualquier efecto de juego.<\/p>\n<p>Hemos agregado unos picos en cada extremo de las reglas para ayudar a medir y poder usar como un compas. Para comprobar los diferentes colores visite nuestra p\u00e1gina de <a href=\"https:\/\/www.customeeple.com\/materials\/\">materiales<\/a>.<\/p>\n<p>Creemos que esta regla encajar\u00e1 perfectamente con juegos postapocalipticos como <strong>Kill Team<\/strong><\/p>\n<p>&nbsp;<\/p>\n<p><span style=\"font-size: 16px;\"><strong style=\"line-height: 1.5em;\">Material:\u00a0<\/strong><span style=\"line-height: 1.5em;\">Metacrilato rojo transparente<\/span><\/span><\/p>\n<div class=\"moreinfo\">\n<p dir=\"ltr\"><strong>Espesor:<\/strong>\u00a03 mm<\/p>\n<p dir=\"ltr\"><strong>Tama\u00f1o: <\/strong>4 x 3 pulgadas<strong><br \/>\n<\/strong><\/p>\n<p dir=\"ltr\"><strong>Cantidad: <\/strong>2 reglas<\/p>\n<p><strong>Use:<\/strong> Regla de medici\u00f3n<\/p>\n<\/div>\n<div>Kill Team es un juego publicado por <strong>Games Workshop<\/strong> Customeeple no esta afiliado con esta compa\u00f1\u00eda y este producto no est\u00e1 apoyado pro ellos de ninguna manera.<\/div>\n<div><\/div>\n<div class=\"infopreorder\"><strong>Nota:<\/strong> El color de las piezas de metacrilato puede variar ligeramente del de las fotos.<\/div>\n","protected":false},"excerpt":{"rendered":"<p>Regla de medici\u00f3n<\/p>\n","protected":false},"featured_media":60315,"template":"","meta":{"_acf_changed":false},"product_brand":[],"product_cat":[191,1122,1370,1177,1427,1229],"product_tag":[1979,1677,787],"class_list":{"0":"post-60310","1":"product","2":"type-product","3":"status-publish","4":"has-post-thumbnail","6":"product_cat-accesorios","7":"product_cat-sw-es","8":"product_cat-customeeple-es","9":"product_cat-games-workshop-es","10":"product_cat-kill-team-es","11":"product_cat-warhammer-40k-es","12":"product_tag-kill-team-es","13":"product_tag-necromunda-es-2","14":"product_tag-warhammer-40k-es-2","15":"pa_methacrylate-colors-mtye-es","16":"pa_methacrylate-colors-azul-fluor-mfbl-es","17":"pa_methacrylate-colors-azul-oscuro-mobd","18":"pa_methacrylate-colors-naranja-fluor-mfor-es-2","19":"pa_methacrylate-colors-smoke-grey-mtsm-es","20":"pa_methacrylate-colors-naranja-fluor-mfor-es","21":"pa_methacrylate-colors-verde-fluor-mfgr","22":"pa_methacrylate-colors-amarill-fluor-mfye","23":"pa_methacrylate-colors-rojotrans-mtre","24":"pa_methacrylate-colors-magenta-fluor-mfma-es","25":"pa_methacrylate-colors-naranja-trans-mtor","26":"pa_methacrylate-colors-rojo-more","27":"pa_methacrylate-colors-verde-trans-mtgr","28":"pa_methacrylate-colors-humo-trans-mtsm","29":"pa_methacrylate-colors-verde-mogr","30":"pa_methacrylate-colors-gris-mogy","31":"pa_methacrylate-colors-violeta-movi","32":"pa_methacrylate-colors-amarillo-moye","33":"pa_methacrylate-colors-negro-moba","34":"pa_methacrylate-colors-balnco-mowh","36":"first","37":"instock","38":"taxable","39":"shipping-taxable","40":"purchasable","41":"product-type-variable"},"exclude_global_add_ons":[],"addons":[],"acf":[],"_links":{"self":[{"href":"https:\/\/www.customeeple.com\/es\/wp-json\/wp\/v2\/product\/60310","targetHints":{"allow":["GET"]}}],"collection":[{"href":"https:\/\/www.customeeple.com\/es\/wp-json\/wp\/v2\/product"}],"about":[{"href":"https:\/\/www.customeeple.com\/es\/wp-json\/wp\/v2\/types\/product"}],"wp:featuredmedia":[{"embeddable":true,"href":"https:\/\/www.customeeple.com\/es\/wp-json\/wp\/v2\/media\/60315"}],"wp:attachment":[{"href":"https:\/\/www.customeeple.com\/es\/wp-json\/wp\/v2\/media?parent=60310"}],"wp:term":[{"taxonomy":"product_brand","embeddable":true,"href":"https:\/\/www.customeeple.com\/es\/wp-json\/wp\/v2\/product_brand?post=60310"},{"taxonomy":"product_cat","embeddable":true,"href":"https:\/\/www.customeeple.com\/es\/wp-json\/wp\/v2\/product_cat?post=60310"},{"taxonomy":"product_tag","embeddable":true,"href":"https:\/\/www.customeeple.com\/es\/wp-json\/wp\/v2\/product_tag?post=60310"}],"curies":[{"name":"wp","href":"https:\/\/api.w.org\/{rel}","templated":true}]}}