{"id":60288,"date":"2021-10-25T13:18:50","date_gmt":"2021-10-25T12:18:50","guid":{"rendered":"https:\/\/www.customeeple.com\/product\/ah-secretos-de-la-orden-spa\/"},"modified":"2021-11-11T19:52:25","modified_gmt":"2021-11-11T18:52:25","slug":"ah-secretos-de-la-orden-spa","status":"publish","type":"product","link":"https:\/\/www.customeeple.com\/es\/producto\/ah-secretos-de-la-orden-spa\/","title":{"rendered":"AH: Secretos de la orden (SPA)"},"content":{"rendered":"<div class=\"p_collection\">\n<p>\u00a1Cruza el umbral!<\/p>\n<p>Los esp\u00edritus inquietos de los muertos gritan y los gules merodean por las calles a medianoche. Portales ruinosos se abren entre nuestro plano de existencia y el aterrador Mundo subterr\u00e1neo, y en el barrio hist\u00f3rico de French Hill, la Orden del Crep\u00fasculo de Plata teje un plan para lograr m\u00e1s poder.<\/p>\n<p>Ad\u00e9ntrate en otros mundos en la expansi\u00f3n Secretos de la Orden para Arkham Horror: El juego de tablero. Cuatro nuevos investigadores se enfrentan a los fantasmas del pasado de Arkham con los nuevos escenarios, m\u00f3dulos de tablero y cientos de cartas que contiene esta expansi\u00f3n.<\/p>\n<\/div>\n<div class=\"product_components double-top\">\n<div class=\"color_grey_medium capitalize bold\">CONTENIDO<\/div>\n<hr \/>\n<div>5 m\u00f3dulos de tablero, 4 investigadores, 3 escenarios, 258 cartas, 23 fichas y reglamento.<\/div>\n<\/div>\n<div><\/div>\n<div>\n<table class=\"gvi gvi-name-value font-name-value\">\n<tbody>\n<tr>\n<td class=\"name\">Edad m\u00ednima recomendada<\/td>\n<td class=\"value\">14 a\u00f1os<\/td>\n<\/tr>\n<tr>\n<td class=\"name\">Duraci\u00f3n<\/td>\n<td class=\"value\">2-3 H.<\/td>\n<\/tr>\n<tr>\n<td class=\"name\">N\u00famero de jugadores<\/td>\n<td class=\"value\">1 a 6<\/td>\n<\/tr>\n<\/tbody>\n<\/table>\n<\/div>\n","protected":false},"excerpt":{"rendered":"<p>\u00a1Cruza el umbral! Los esp\u00edritus inquietos de los muertos gritan y los gules merodean por las calles a medianoche. Portales ruinosos se abren entre nuestro plano de existencia y el aterrador Mundo subterr\u00e1neo, y en el barrio hist\u00f3rico de French Hill, la Orden del Crep\u00fasculo de Plata teje un plan para lograr m\u00e1s poder. Ad\u00e9ntrate [&hellip;]<\/p>\n","protected":false},"featured_media":60279,"template":"","meta":{"_acf_changed":false},"product_brand":[],"product_cat":[2003,1653,2002,1180],"product_tag":[],"class_list":{"0":"post-60288","1":"product","2":"type-product","3":"status-publish","4":"has-post-thumbnail","6":"product_cat-cooperative-es","7":"product_cat-boardgames","8":"product_cat-solo-games-es","9":"product_cat-retail-products-es","11":"first","12":"onbackorder","13":"sale","14":"taxable","15":"shipping-taxable","16":"purchasable","17":"product-type-simple"},"exclude_global_add_ons":[],"addons":[],"acf":[],"_links":{"self":[{"href":"https:\/\/www.customeeple.com\/es\/wp-json\/wp\/v2\/product\/60288","targetHints":{"allow":["GET"]}}],"collection":[{"href":"https:\/\/www.customeeple.com\/es\/wp-json\/wp\/v2\/product"}],"about":[{"href":"https:\/\/www.customeeple.com\/es\/wp-json\/wp\/v2\/types\/product"}],"wp:featuredmedia":[{"embeddable":true,"href":"https:\/\/www.customeeple.com\/es\/wp-json\/wp\/v2\/media\/60279"}],"wp:attachment":[{"href":"https:\/\/www.customeeple.com\/es\/wp-json\/wp\/v2\/media?parent=60288"}],"wp:term":[{"taxonomy":"product_brand","embeddable":true,"href":"https:\/\/www.customeeple.com\/es\/wp-json\/wp\/v2\/product_brand?post=60288"},{"taxonomy":"product_cat","embeddable":true,"href":"https:\/\/www.customeeple.com\/es\/wp-json\/wp\/v2\/product_cat?post=60288"},{"taxonomy":"product_tag","embeddable":true,"href":"https:\/\/www.customeeple.com\/es\/wp-json\/wp\/v2\/product_tag?post=60288"}],"curies":[{"name":"wp","href":"https:\/\/api.w.org\/{rel}","templated":true}]}}