{"id":60287,"date":"2021-10-25T13:12:57","date_gmt":"2021-10-25T12:12:57","guid":{"rendered":"https:\/\/www.customeeple.com\/product\/aventureros-al-tren-el-primer-viaje-spa\/"},"modified":"2021-10-26T13:12:25","modified_gmt":"2021-10-26T12:12:25","slug":"aventureros-al-tren-el-primer-viaje-spa","status":"publish","type":"product","link":"https:\/\/www.customeeple.com\/es\/producto\/aventureros-al-tren-el-primer-viaje-spa\/","title":{"rendered":"Aventureros al tren:El primer viaje (SPA)"},"content":{"rendered":"<p><em>\u201c\u2013 Abuela, \u00bfla mujer que sale en la foto eres t\u00fa? \u00bfQu\u00e9 es esa torre tan grande? \u2013 Ohhh, es la Torre Eiffel. Eso fue hace mucho tiempo, en uno de mis primeros viajes por Europa con tu abuelo\u2026 \u2013 \u00bfA d\u00f3nde fuisteis? \u2013 Visitamos muchas ciudades\u2026 Par\u00eds, Viena, incluso Mosc\u00fa\u2026 En cierto sentido, toda mi vida era un viaje.\u201d<\/em><\/p>\n<p>Inicia tu camino con\u00a0<em>\u00a1Aventureros al Tren! El Primer Viaje<\/em>. \u00a1Re\u00fane cartas de diferentes colores, \u00fasalas para reclamar recorridos con tus trenes, y completa tus Billetes de destino para alcanzar la victoria! F\u00e1cil de aprender y r\u00e1pido de jugar,\u00a0<em>\u00a1Aventureros al Tren! El Primer Viaje<\/em>\u00a0es la introducci\u00f3n perfecta a la serie de juegos de\u00a0<em>\u00a1Aventureros al Tren!<\/em>\u00a0As\u00ed que empieza tu viaje y descubre una maravillosa aventura en tren a lo largo de Europa.<\/p>\n<div class=\"news_box background_color_grey_light product_components\">\n<div class=\"news_box_content\">\n<h6><span class=\"color_grey_dark\">CONTENIDO<\/span><\/h6>\n<\/div>\n<hr \/>\n<div class=\"news_box_content\">1 tablero con el mapa de Europa, 80 piezas de Tren, 72 cartas de Tren, 32 Billetes de destino, 4 Premios \u00abEste-Oeste y un reglamento.<\/div>\n<\/div>\n<div><\/div>\n<div>\n<table class=\"gvi gvi-name-value font-name-value\">\n<tbody>\n<tr>\n<td class=\"name\">Edad m\u00ednima recomendada<\/td>\n<td class=\"value\">6 a\u00f1os<\/td>\n<\/tr>\n<tr>\n<td class=\"name\">Duraci\u00f3n<\/td>\n<td class=\"value\">15-30&#8242;<\/td>\n<\/tr>\n<tr>\n<td class=\"name\">N\u00famero de jugadores<\/td>\n<td class=\"value\">2 a 4<\/td>\n<\/tr>\n<\/tbody>\n<\/table>\n<\/div>\n","protected":false},"excerpt":{"rendered":"<p>\u201c\u2013 Abuela, \u00bfla mujer que sale en la foto eres t\u00fa? \u00bfQu\u00e9 es esa torre tan grande? \u2013 Ohhh, es la Torre Eiffel. Eso fue hace mucho tiempo, en uno de mis primeros viajes por Europa con tu abuelo\u2026 \u2013 \u00bfA d\u00f3nde fuisteis? \u2013 Visitamos muchas ciudades\u2026 Par\u00eds, Viena, incluso Mosc\u00fa\u2026 En cierto sentido, toda [&hellip;]<\/p>\n","protected":false},"featured_media":60277,"template":"","meta":{"_acf_changed":false},"product_brand":[],"product_cat":[1561,1564,1653,1180],"product_tag":[],"class_list":{"0":"post-60287","1":"product","2":"type-product","3":"status-publish","4":"has-post-thumbnail","6":"product_cat-familiar-es","7":"product_cat-childrens-es","8":"product_cat-boardgames","9":"product_cat-retail-products-es","11":"first","12":"onbackorder","13":"sale","14":"taxable","15":"shipping-taxable","16":"purchasable","17":"product-type-simple"},"exclude_global_add_ons":[],"addons":[],"acf":[],"_links":{"self":[{"href":"https:\/\/www.customeeple.com\/es\/wp-json\/wp\/v2\/product\/60287","targetHints":{"allow":["GET"]}}],"collection":[{"href":"https:\/\/www.customeeple.com\/es\/wp-json\/wp\/v2\/product"}],"about":[{"href":"https:\/\/www.customeeple.com\/es\/wp-json\/wp\/v2\/types\/product"}],"wp:featuredmedia":[{"embeddable":true,"href":"https:\/\/www.customeeple.com\/es\/wp-json\/wp\/v2\/media\/60277"}],"wp:attachment":[{"href":"https:\/\/www.customeeple.com\/es\/wp-json\/wp\/v2\/media?parent=60287"}],"wp:term":[{"taxonomy":"product_brand","embeddable":true,"href":"https:\/\/www.customeeple.com\/es\/wp-json\/wp\/v2\/product_brand?post=60287"},{"taxonomy":"product_cat","embeddable":true,"href":"https:\/\/www.customeeple.com\/es\/wp-json\/wp\/v2\/product_cat?post=60287"},{"taxonomy":"product_tag","embeddable":true,"href":"https:\/\/www.customeeple.com\/es\/wp-json\/wp\/v2\/product_tag?post=60287"}],"curies":[{"name":"wp","href":"https:\/\/api.w.org\/{rel}","templated":true}]}}