{"id":60286,"date":"2021-10-25T13:11:33","date_gmt":"2021-10-25T12:11:33","guid":{"rendered":"https:\/\/www.customeeple.com\/product\/dobble-formas-y-numeros-spa\/"},"modified":"2021-10-25T13:11:33","modified_gmt":"2021-10-25T12:11:33","slug":"dobble-formas-y-numeros-spa","status":"publish","type":"product","link":"https:\/\/www.customeeple.com\/es\/producto\/dobble-formas-y-numeros-spa\/","title":{"rendered":"Dobble: formas y n\u00fameros (SPA)"},"content":{"rendered":"<p>Dobble Formas y n\u00fameros contiene m\u00e1s de 30 s\u00edmbolos (formas y n\u00fameros), 30 cartas, 6 s\u00edmbolos por carta y siempre hay uno (y s\u00f3lo uno) id\u00e9ntico entre dos cartas\u2026 \u00a1y tendr\u00e1s que descubrir cu\u00e1l!<\/p>\n<p>\u00bfTodav\u00eda no has jugado Dobble? Coge 2 cartas y col\u00f3calas boca arriba sobre la mesa. Busca el s\u00edmbolo que aparece en las dos cartas (la misma forma, mismo color, s\u00f3lo el tama\u00f1o puede ser diferente). El primer jugador que lo encuentre, tendr\u00e1 que nombrarlo en voz alta para ganar estas cartas. Despu\u00e9s colocar\u00e1 dos nuevas cartas, para seguir jugando. Puedes jugar todo el tiempo que quieras, que siempre habr\u00e1 un s\u00f3lo s\u00edmbolo igual entre dos cartas.<\/p>\n<p>Dobble Formas y n\u00fameros es una serie mini-juegos de velocidad, donde todos juegan a la vez . Para hacerlo m\u00e1s f\u00e1cil, los mini-juegos se clasifican en orden creciente de dificultad. Puedes jugar a todos los mini-juegos en orden, de forma aleatoria o jugar siempre al mismo. \u00a1Lo m\u00e1s importante es divertirse!<\/p>\n<p><strong>CONTENIDO<\/strong><br \/>\n30 cartas e instrucciones.<\/p>\n<table class=\"gvi gvi-name-value font-name-value\">\n<tbody>\n<tr>\n<td class=\"name\">Edad m\u00ednima recomendada<\/td>\n<td class=\"value\">3 a\u00f1os<\/td>\n<\/tr>\n<tr>\n<td class=\"name\">Duraci\u00f3n<\/td>\n<td class=\"value\">15&#8242;<\/td>\n<\/tr>\n<tr>\n<td class=\"name\">N\u00famero de jugadores<\/td>\n<td class=\"value\">2 a 8<\/td>\n<\/tr>\n<\/tbody>\n<\/table>\n","protected":false},"excerpt":{"rendered":"<p>Dobble Formas y n\u00fameros contiene m\u00e1s de 30 s\u00edmbolos (formas y n\u00fameros), 30 cartas, 6 s\u00edmbolos por carta y siempre hay uno (y s\u00f3lo uno) id\u00e9ntico entre dos cartas\u2026 \u00a1y tendr\u00e1s que descubrir cu\u00e1l! \u00bfTodav\u00eda no has jugado Dobble? Coge 2 cartas y col\u00f3calas boca arriba sobre la mesa. Busca el s\u00edmbolo que aparece en [&hellip;]<\/p>\n","protected":false},"featured_media":60275,"template":"","meta":{"_acf_changed":false},"product_brand":[],"product_cat":[1561,1564,1653,1180],"product_tag":[],"class_list":{"0":"post-60286","1":"product","2":"type-product","3":"status-publish","4":"has-post-thumbnail","6":"product_cat-familiar-es","7":"product_cat-childrens-es","8":"product_cat-boardgames","9":"product_cat-retail-products-es","11":"first","12":"onbackorder","13":"sale","14":"taxable","15":"shipping-taxable","16":"purchasable","17":"product-type-simple"},"exclude_global_add_ons":[],"addons":[],"acf":[],"_links":{"self":[{"href":"https:\/\/www.customeeple.com\/es\/wp-json\/wp\/v2\/product\/60286","targetHints":{"allow":["GET"]}}],"collection":[{"href":"https:\/\/www.customeeple.com\/es\/wp-json\/wp\/v2\/product"}],"about":[{"href":"https:\/\/www.customeeple.com\/es\/wp-json\/wp\/v2\/types\/product"}],"wp:featuredmedia":[{"embeddable":true,"href":"https:\/\/www.customeeple.com\/es\/wp-json\/wp\/v2\/media\/60275"}],"wp:attachment":[{"href":"https:\/\/www.customeeple.com\/es\/wp-json\/wp\/v2\/media?parent=60286"}],"wp:term":[{"taxonomy":"product_brand","embeddable":true,"href":"https:\/\/www.customeeple.com\/es\/wp-json\/wp\/v2\/product_brand?post=60286"},{"taxonomy":"product_cat","embeddable":true,"href":"https:\/\/www.customeeple.com\/es\/wp-json\/wp\/v2\/product_cat?post=60286"},{"taxonomy":"product_tag","embeddable":true,"href":"https:\/\/www.customeeple.com\/es\/wp-json\/wp\/v2\/product_tag?post=60286"}],"curies":[{"name":"wp","href":"https:\/\/api.w.org\/{rel}","templated":true}]}}