{"id":60285,"date":"2021-10-25T13:34:59","date_gmt":"2021-10-25T12:34:59","guid":{"rendered":"https:\/\/www.customeeple.com\/product\/ah-lcg-los-confines-de-la-tierra-inv\/"},"modified":"2021-10-26T13:12:11","modified_gmt":"2021-10-26T12:12:11","slug":"ah-lcg-los-confines-de-la-tierra-inv","status":"publish","type":"product","link":"https:\/\/www.customeeple.com\/es\/producto\/ah-lcg-los-confines-de-la-tierra-inv\/","title":{"rendered":"AH LCG: Los confines de la Tierra (Expansi\u00f3n de Investigadores) (SPA)"},"content":{"rendered":"<div class=\"p_collection\">\n<p>En los rincones lejanos e inexplorados de la Tierra moran cosas indecibles, antiguos seres sin nombre cuya mera existencia rasga el tejido de la realidad. Pero hay personas dispuestas a enfrentarse a semejantes horrores por el bien de toda la humanidad&#8230; o tal vez para conseguir beneficios.<br \/>\nEsta expansi\u00f3n presenta 5 investigadores nuevos y multitud de nuevas cartas de Jugador y opciones de personalizaci\u00f3n para el juego, incluidas nuevas cartas multiclase. Enfr\u00e9ntate mano a mano a los enemigos m\u00e1s correosos como Daniela Reyes, la mec\u00e1nica; lee las estrellas como Norman Withers, el astr\u00f3nomo; busca fortuna como Monterrey Jack, el arque\u00f3logo; cumple tu destino final como Lily Chen, la artista marcial, y negocia como Bob Jenkins, el vendedor.<br \/>\nLa expansi\u00f3n de investigadores\u00a0<em>Los confines de la Tierra<\/em>\u00a0se puede emplear para crear o potenciar mazos de investigador para cualquier escenario o campa\u00f1a de\u00a0<em>Arkham Horror: El juego de cartas<\/em>.<\/p>\n<\/div>\n<div class=\"product_components double-top\">\n<div class=\"color_grey_medium capitalize bold\">CONTENIDO<\/div>\n<hr \/>\n<div>5 cartas de Investigador, 5 cartas peque\u00f1as, 228 cartas de Jugador y 1 reglamento.<\/div>\n<\/div>\n<div><\/div>\n<div>\n<table class=\"gvi gvi-name-value font-name-value\">\n<tbody>\n<tr>\n<td class=\"name\">Edad m\u00ednima recomendada<\/td>\n<td class=\"value\">14 a\u00f1os<\/td>\n<\/tr>\n<tr>\n<td class=\"name\">Duraci\u00f3n<\/td>\n<td class=\"value\">30-120&#8242;<\/td>\n<\/tr>\n<tr>\n<td class=\"name\">N\u00famero de jugadores<\/td>\n<td class=\"value\">1 a 4<\/td>\n<\/tr>\n<\/tbody>\n<\/table>\n<\/div>\n","protected":false},"excerpt":{"rendered":"<p>En los rincones lejanos e inexplorados de la Tierra moran cosas indecibles, antiguos seres sin nombre cuya mera existencia rasga el tejido de la realidad. Pero hay personas dispuestas a enfrentarse a semejantes horrores por el bien de toda la humanidad&#8230; o tal vez para conseguir beneficios. Esta expansi\u00f3n presenta 5 investigadores nuevos y multitud [&hellip;]<\/p>\n","protected":false},"featured_media":60281,"template":"","meta":{"_acf_changed":false},"product_brand":[],"product_cat":[2003,1653,2002,1180],"product_tag":[],"class_list":{"0":"post-60285","1":"product","2":"type-product","3":"status-publish","4":"has-post-thumbnail","6":"product_cat-cooperative-es","7":"product_cat-boardgames","8":"product_cat-solo-games-es","9":"product_cat-retail-products-es","11":"first","12":"onbackorder","13":"sale","14":"taxable","15":"shipping-taxable","16":"purchasable","17":"product-type-simple"},"exclude_global_add_ons":[],"addons":[],"acf":[],"_links":{"self":[{"href":"https:\/\/www.customeeple.com\/es\/wp-json\/wp\/v2\/product\/60285","targetHints":{"allow":["GET"]}}],"collection":[{"href":"https:\/\/www.customeeple.com\/es\/wp-json\/wp\/v2\/product"}],"about":[{"href":"https:\/\/www.customeeple.com\/es\/wp-json\/wp\/v2\/types\/product"}],"wp:featuredmedia":[{"embeddable":true,"href":"https:\/\/www.customeeple.com\/es\/wp-json\/wp\/v2\/media\/60281"}],"wp:attachment":[{"href":"https:\/\/www.customeeple.com\/es\/wp-json\/wp\/v2\/media?parent=60285"}],"wp:term":[{"taxonomy":"product_brand","embeddable":true,"href":"https:\/\/www.customeeple.com\/es\/wp-json\/wp\/v2\/product_brand?post=60285"},{"taxonomy":"product_cat","embeddable":true,"href":"https:\/\/www.customeeple.com\/es\/wp-json\/wp\/v2\/product_cat?post=60285"},{"taxonomy":"product_tag","embeddable":true,"href":"https:\/\/www.customeeple.com\/es\/wp-json\/wp\/v2\/product_tag?post=60285"}],"curies":[{"name":"wp","href":"https:\/\/api.w.org\/{rel}","templated":true}]}}