{"id":60260,"date":"2021-10-25T09:15:01","date_gmt":"2021-10-25T08:15:01","guid":{"rendered":"https:\/\/www.customeeple.com\/product\/stormcast-eternals-caballero-relictor\/"},"modified":"2023-11-21T00:00:11","modified_gmt":"2023-11-20T23:00:11","slug":"stormcast-eternals-caballero-relictor","status":"publish","type":"product","link":"https:\/\/www.customeeple.com\/es\/producto\/stormcast-eternals-caballero-relictor\/","title":{"rendered":"Stormcast Eternals: Caballero Relictor"},"content":{"rendered":"<p>El Caballero Relictor es un adusto guardi\u00e1n del Templo de las Eras. En el campo de batalla, este guerrero de aspecto macabro entona plegarias el Dios Rey para invocar su fuerza divina y as\u00ed aplastar a sus oponentes e inspirar a sus aliados.<\/p>\n<p>Estos parangones de la devoci\u00f3n y el poder militar est\u00e1n armados con contundentes mazas reliquia y van ataviados con una armadura atronadora decorada con macabros detalles y confeccionada con l\u00f3bregos tejidos. Llevan los huesos de sus santos a la batalla, donde los queman en enormes incensarios cadav\u00e9ricos para anular los poderes oscuros y proteger a sus hermanos de los susurros de los muchos dioses perversos y oscuros que luchan contra las fuerzas del Orden.<\/p>\n<p>Esta caja de 10 piezas de pl\u00e1stico sirve para montar un Caballero Relictor y viene con una peana redonda Citadel de 40 mm. Esta miniatura viene sin pintar ni montar; recomendamos usar pegamento y pinturas Citadel.<\/p>\n","protected":false},"excerpt":{"rendered":"<p>El Caballero Relictor es un adusto guardi\u00e1n del Templo de las Eras. En el campo de batalla, este guerrero de aspecto macabro entona plegarias el Dios Rey para invocar su fuerza divina y as\u00ed aplastar a sus oponentes e inspirar a sus aliados. Estos parangones de la devoci\u00f3n y el poder militar est\u00e1n armados con [&hellip;]<\/p>\n","protected":false},"featured_media":60236,"template":"","meta":{"_acf_changed":false},"product_brand":[],"product_cat":[1177,1180,1623,1654],"product_tag":[],"class_list":{"0":"post-60260","1":"product","2":"type-product","3":"status-publish","4":"has-post-thumbnail","6":"product_cat-games-workshop-es","7":"product_cat-retail-products-es","8":"product_cat-wargames-es-2","9":"product_cat-warhammer-age-of-sigmar-es-2","11":"first","12":"onbackorder","13":"sale","14":"taxable","15":"shipping-taxable","16":"purchasable","17":"product-type-simple"},"exclude_global_add_ons":[],"addons":[],"acf":[],"_links":{"self":[{"href":"https:\/\/www.customeeple.com\/es\/wp-json\/wp\/v2\/product\/60260","targetHints":{"allow":["GET"]}}],"collection":[{"href":"https:\/\/www.customeeple.com\/es\/wp-json\/wp\/v2\/product"}],"about":[{"href":"https:\/\/www.customeeple.com\/es\/wp-json\/wp\/v2\/types\/product"}],"wp:featuredmedia":[{"embeddable":true,"href":"https:\/\/www.customeeple.com\/es\/wp-json\/wp\/v2\/media\/60236"}],"wp:attachment":[{"href":"https:\/\/www.customeeple.com\/es\/wp-json\/wp\/v2\/media?parent=60260"}],"wp:term":[{"taxonomy":"product_brand","embeddable":true,"href":"https:\/\/www.customeeple.com\/es\/wp-json\/wp\/v2\/product_brand?post=60260"},{"taxonomy":"product_cat","embeddable":true,"href":"https:\/\/www.customeeple.com\/es\/wp-json\/wp\/v2\/product_cat?post=60260"},{"taxonomy":"product_tag","embeddable":true,"href":"https:\/\/www.customeeple.com\/es\/wp-json\/wp\/v2\/product_tag?post=60260"}],"curies":[{"name":"wp","href":"https:\/\/api.w.org\/{rel}","templated":true}]}}