{"id":60252,"date":"2021-10-25T09:14:19","date_gmt":"2021-10-25T08:14:19","guid":{"rendered":"https:\/\/www.customeeple.com\/product\/orruk-warclans-tirapinchoz-enzartapena\/"},"modified":"2023-11-21T00:00:10","modified_gmt":"2023-11-20T23:00:10","slug":"orruk-warclans-tirapinchoz-enzartapena","status":"publish","type":"product","link":"https:\/\/www.customeeple.com\/es\/producto\/orruk-warclans-tirapinchoz-enzartapena\/","title":{"rendered":"Orruk Warclans: Tirapinchoz Enzartape\u00f1a"},"content":{"rendered":"<p>Los Tirapinchoz Enzartape\u00f1a son conocidos por usar ballestas toscas para los combates a distancia. Sus camaradas del combate cuerpo a cuerpo se mofan y los desde\u00f1an, pues consideran que es una muestra de cobard\u00eda, pero a estos taimados Mandamaloz les da igual. En vez de ello, se deleitan ensartando a sus oponentes con lanzas de m\u00e1s de medio metro y observando a sus v\u00edctimas aullar y retorcerse antes de empalarlos con la estocada final.<\/p>\n<p>Estos mort\u00edferos cazadores dominan el arte del combate a distancia y masacran a sus enemigos con alegr\u00eda desde una distancia segura. Son famosos por su actitud malvada, por embadurnar las lanzas en toxinas y venenos y por construir flechas que revientan al impactar, con lo que la herida de su enemigo se llena de fragmentos purulentos.<\/p>\n<p>Esta caja multiparte contiene 41 piezas con las que montar 3 Tirapinchoz Enzartape\u00f1a y distintas opciones de cabeza y componentes de ballesta compatibles entre las 3 miniaturas. Tambi\u00e9n da la opci\u00f3n de montar una de ellas como un Jefe Tirapinchoz, completo con palo de estandarte, dos opciones de casco y una ballesta distintiva. Las miniaturas se proporcionan sin pintar y sin montar. Recomendamos usar el pegamento y las pinturas Citadel. Las miniaturas se proporcionan con 3 peanas redondas Citadel de 32 mm.<\/p>\n","protected":false},"excerpt":{"rendered":"<p>Los Tirapinchoz Enzartape\u00f1a son conocidos por usar ballestas toscas para los combates a distancia. Sus camaradas del combate cuerpo a cuerpo se mofan y los desde\u00f1an, pues consideran que es una muestra de cobard\u00eda, pero a estos taimados Mandamaloz les da igual. En vez de ello, se deleitan ensartando a sus oponentes con lanzas de [&hellip;]<\/p>\n","protected":false},"featured_media":60248,"template":"","meta":{"_acf_changed":false},"product_brand":[],"product_cat":[1177,1180,1623,1654],"product_tag":[],"class_list":{"0":"post-60252","1":"product","2":"type-product","3":"status-publish","4":"has-post-thumbnail","6":"product_cat-games-workshop-es","7":"product_cat-retail-products-es","8":"product_cat-wargames-es-2","9":"product_cat-warhammer-age-of-sigmar-es-2","11":"first","12":"onbackorder","13":"sale","14":"taxable","15":"shipping-taxable","16":"purchasable","17":"product-type-simple"},"exclude_global_add_ons":[],"addons":[],"acf":[],"_links":{"self":[{"href":"https:\/\/www.customeeple.com\/es\/wp-json\/wp\/v2\/product\/60252","targetHints":{"allow":["GET"]}}],"collection":[{"href":"https:\/\/www.customeeple.com\/es\/wp-json\/wp\/v2\/product"}],"about":[{"href":"https:\/\/www.customeeple.com\/es\/wp-json\/wp\/v2\/types\/product"}],"wp:featuredmedia":[{"embeddable":true,"href":"https:\/\/www.customeeple.com\/es\/wp-json\/wp\/v2\/media\/60248"}],"wp:attachment":[{"href":"https:\/\/www.customeeple.com\/es\/wp-json\/wp\/v2\/media?parent=60252"}],"wp:term":[{"taxonomy":"product_brand","embeddable":true,"href":"https:\/\/www.customeeple.com\/es\/wp-json\/wp\/v2\/product_brand?post=60252"},{"taxonomy":"product_cat","embeddable":true,"href":"https:\/\/www.customeeple.com\/es\/wp-json\/wp\/v2\/product_cat?post=60252"},{"taxonomy":"product_tag","embeddable":true,"href":"https:\/\/www.customeeple.com\/es\/wp-json\/wp\/v2\/product_tag?post=60252"}],"curies":[{"name":"wp","href":"https:\/\/api.w.org\/{rel}","templated":true}]}}