{"id":60251,"date":"2021-10-25T09:13:52","date_gmt":"2021-10-25T08:13:52","guid":{"rendered":"https:\/\/www.customeeple.com\/product\/mesbg-the-witch-king-of-angmar\/"},"modified":"2023-11-21T00:00:09","modified_gmt":"2023-11-20T23:00:09","slug":"mesbg-the-witch-king-of-angmar","status":"publish","type":"product","link":"https:\/\/www.customeeple.com\/es\/producto\/mesbg-the-witch-king-of-angmar\/","title":{"rendered":"MESBG: Rey Brujo de Angmar"},"content":{"rendered":"<p>El Rey Brujo es el m\u00e1s poderoso de los seres conocidos como Nazg\u00fbl y es el teniente m\u00e1s mort\u00edfero del Se\u00f1or Oscuro. Ataviado en negro integral, el Rey Brujo olvid\u00f3 hace mucho al hombre que era antes de recibir uno de los anillos de poder. Su presencia en el campo de batalla ya basta para infundir a sus enemigos de tal desesperaci\u00f3n que incluso los corazones de los m\u00e1s audaces se ahogan de miedo. De entre todos los males de la Tierra Media, no hay ninguno, excepto por el mism\u00edsimo Sauron, tan temido como el Rey Brujo de Angmar, del que se dice que ning\u00fan hombre puede matarlo.<\/p>\n<p>La caja del Rey Brujo de Angmar es un conjunto multiparte de pl\u00e1stico con el que podr\u00e1s montar dos miniaturas, una a pie y una a horcajadas de un caballo rampante. Ambas miniaturas tiene una opci\u00f3n de cabeza encapuchada o con la Corona de Morgul. La miniatura a pie puede montarse con o sin la espada de Morgul con la que hiri\u00f3 a Frodo en Amon S\u00fbl, y puede equiparse con el enorme flagelo del Rey Brujo, adem\u00e1s de su espada.<\/p>\n<p>La caja del Rey Brujo de Angmar contiene 22 piezas, 1 peana redonda sin cortar Citadel de 25 mm y 1 peana redonda Citadel Hex Hole de 40 mm.<\/p>\n<p>Las miniaturas se suministran sin pintar ni montar; recomendamos usar pegamento y pinturas Citadel.<\/p>\n<p><i>\u00a9 2021 New Line Productions, Inc. Todos los derechos reservados. El Se\u00f1or de los Anillos: La Comunidad del Anillo, El Se\u00f1or de los Anillos: Las Dos Torres, El Se\u00f1or de los Anillos: El Retorno del Rey y los nombres de los personajes, objetos, eventos y lugares que se mencionan en ellos son marcas registradas de The Saul Zaentz Company d\/b\/a Middle-earth Enterprises bajo licencia de New Line Productions, Inc.<br \/>\n\u00a9 Warner Bros. Entertainment Inc. Todos los derechos reservados. EL HOBBIT: UN VIAJE INESPERADO, EL HOBBIT: LA DESOLACI\u00d3N DE SMAUG, EL HOBBIT: LA BATALLA DE LOS CINCO EJ\u00c9RCITOS y los nombres de los personajes, objetos, eventos y lugares que se mencionan en ellos son marcas registradas de The Saul Zaentz Company d\/b\/a Middle-earth Enterprises bajo licencia de New Line Productions, Inc.\u00a0\u00a0\u00a0\u00a0\u00a0\u00a0\u00a0(s20)<\/i><\/p>\n","protected":false},"excerpt":{"rendered":"<p>El Rey Brujo es el m\u00e1s poderoso de los seres conocidos como Nazg\u00fbl y es el teniente m\u00e1s mort\u00edfero del Se\u00f1or Oscuro. Ataviado en negro integral, el Rey Brujo olvid\u00f3 hace mucho al hombre que era antes de recibir uno de los anillos de poder. Su presencia en el campo de batalla ya basta para [&hellip;]<\/p>\n","protected":false},"featured_media":60230,"template":"","meta":{"_acf_changed":false},"product_brand":[],"product_cat":[1177,1180,1623],"product_tag":[],"class_list":{"0":"post-60251","1":"product","2":"type-product","3":"status-publish","4":"has-post-thumbnail","6":"product_cat-games-workshop-es","7":"product_cat-retail-products-es","8":"product_cat-wargames-es-2","10":"first","11":"onbackorder","12":"sale","13":"taxable","14":"shipping-taxable","15":"purchasable","16":"product-type-simple"},"exclude_global_add_ons":[],"addons":[],"acf":[],"_links":{"self":[{"href":"https:\/\/www.customeeple.com\/es\/wp-json\/wp\/v2\/product\/60251","targetHints":{"allow":["GET"]}}],"collection":[{"href":"https:\/\/www.customeeple.com\/es\/wp-json\/wp\/v2\/product"}],"about":[{"href":"https:\/\/www.customeeple.com\/es\/wp-json\/wp\/v2\/types\/product"}],"wp:featuredmedia":[{"embeddable":true,"href":"https:\/\/www.customeeple.com\/es\/wp-json\/wp\/v2\/media\/60230"}],"wp:attachment":[{"href":"https:\/\/www.customeeple.com\/es\/wp-json\/wp\/v2\/media?parent=60251"}],"wp:term":[{"taxonomy":"product_brand","embeddable":true,"href":"https:\/\/www.customeeple.com\/es\/wp-json\/wp\/v2\/product_brand?post=60251"},{"taxonomy":"product_cat","embeddable":true,"href":"https:\/\/www.customeeple.com\/es\/wp-json\/wp\/v2\/product_cat?post=60251"},{"taxonomy":"product_tag","embeddable":true,"href":"https:\/\/www.customeeple.com\/es\/wp-json\/wp\/v2\/product_tag?post=60251"}],"curies":[{"name":"wp","href":"https:\/\/api.w.org\/{rel}","templated":true}]}}