{"id":60250,"date":"2021-10-25T09:14:12","date_gmt":"2021-10-25T08:14:12","guid":{"rendered":"https:\/\/www.customeeple.com\/product\/mesbg-ruins-of-dol-guldur\/"},"modified":"2024-07-13T00:00:09","modified_gmt":"2024-07-12T23:00:09","slug":"mesbg-ruins-of-dol-guldur","status":"publish","type":"product","link":"https:\/\/www.customeeple.com\/es\/producto\/mesbg-ruins-of-dol-guldur\/","title":{"rendered":"MESBG: Ruinas de Dol Guldur"},"content":{"rendered":"<p>Desde la llegada de Sauron a Dol Guldur, el Gran Bosque Verde se hab\u00eda convertido en un lugar de miedo y oscuridad. Corrompido por la influencia del Nigromante, su nombre pas\u00f3 a ser el Bosque Negro. Sin embargo, la sombra que se cern\u00eda sobre el bosque no hab\u00eda pasado desapercibida. Para mantener en secreto su regreso a la Tierra Media, Sauron huy\u00f3 al este, y su influencia sobre el bosque se desvaneci\u00f3, hasta que Don Guldur acab\u00f3 en ruinas.<\/p>\n<p>Este terreno contiene una selecci\u00f3n de secciones de escenograf\u00eda de pl\u00e1stico que representan ruinas, ambientadas en la fortaleza abandonada de Dol Guldur, Colina de la Hechicer\u00eda, en el extremo meridional del Bosque Negro.<\/p>\n<p>La caja incluye una estatua, una escalera, una puerta de metal, un \u00e1rbol muerto, hiedra reptante y calaveras y esqueletos varios. Las ruinas de Dol Guldur son totalmente modulares, lo que significa que pueden montarse de distintas maneras, lo que te permite montar una escenograf\u00eda totalmente \u00fanica. Si deseas a\u00fan m\u00e1s variedad o una pieza de terreno a\u00fan mayor, puedes combinar varias cajas de las ruinas de Dol Guldur.<\/p>\n<p>La caja contiene 136 piezas. Los contenidos se suministran sin montar ni pintar; recomendamos pegamento y pinturas Citadel.<\/p>\n<p><i>\u00a9 2021 New Line Productions, Inc. Todos los derechos reservados. El Se\u00f1or de los Anillos: La Comunidad del Anillo, El Se\u00f1or de los Anillos: Las Dos Torres, El Se\u00f1or de los Anillos: El Retorno del Rey y los nombres de los personajes, objetos, eventos y lugares que se mencionan en ellos son marcas registradas de The Saul Zaentz Company d\/b\/a Middle-earth Enterprises bajo licencia de New Line Productions, Inc.<br \/>\n\u00a9 Warner Bros. Entertainment Inc. Todos los derechos reservados. EL HOBBIT: UN VIAJE INESPERADO, EL HOBBIT: LA DESOLACI\u00d3N DE SMAUG, EL HOBBIT: LA BATALLA DE LOS CINCO EJ\u00c9RCITOS y los nombres de los personajes, objetos, eventos y lugares que se mencionan en ellos son marcas registradas de The Saul Zaentz Company d\/b\/a Middle-earth Enterprises bajo licencia de New Line Productions, Inc.\u00a0\u00a0\u00a0\u00a0\u00a0\u00a0\u00a0(s20)<\/i><\/p>\n","protected":false},"excerpt":{"rendered":"<p>Desde la llegada de Sauron a Dol Guldur, el Gran Bosque Verde se hab\u00eda convertido en un lugar de miedo y oscuridad. Corrompido por la influencia del Nigromante, su nombre pas\u00f3 a ser el Bosque Negro. Sin embargo, la sombra que se cern\u00eda sobre el bosque no hab\u00eda pasado desapercibida. Para mantener en secreto su [&hellip;]<\/p>\n","protected":false},"featured_media":60228,"template":"","meta":{"_acf_changed":false},"product_brand":[],"product_cat":[1177,1180,1623],"product_tag":[],"class_list":{"0":"post-60250","1":"product","2":"type-product","3":"status-publish","4":"has-post-thumbnail","6":"product_cat-games-workshop-es","7":"product_cat-retail-products-es","8":"product_cat-wargames-es-2","10":"first","11":"onbackorder","12":"sale","13":"taxable","14":"shipping-taxable","15":"purchasable","16":"product-type-simple"},"exclude_global_add_ons":[],"addons":[],"acf":[],"_links":{"self":[{"href":"https:\/\/www.customeeple.com\/es\/wp-json\/wp\/v2\/product\/60250","targetHints":{"allow":["GET"]}}],"collection":[{"href":"https:\/\/www.customeeple.com\/es\/wp-json\/wp\/v2\/product"}],"about":[{"href":"https:\/\/www.customeeple.com\/es\/wp-json\/wp\/v2\/types\/product"}],"wp:featuredmedia":[{"embeddable":true,"href":"https:\/\/www.customeeple.com\/es\/wp-json\/wp\/v2\/media\/60228"}],"wp:attachment":[{"href":"https:\/\/www.customeeple.com\/es\/wp-json\/wp\/v2\/media?parent=60250"}],"wp:term":[{"taxonomy":"product_brand","embeddable":true,"href":"https:\/\/www.customeeple.com\/es\/wp-json\/wp\/v2\/product_brand?post=60250"},{"taxonomy":"product_cat","embeddable":true,"href":"https:\/\/www.customeeple.com\/es\/wp-json\/wp\/v2\/product_cat?post=60250"},{"taxonomy":"product_tag","embeddable":true,"href":"https:\/\/www.customeeple.com\/es\/wp-json\/wp\/v2\/product_tag?post=60250"}],"curies":[{"name":"wp","href":"https:\/\/api.w.org\/{rel}","templated":true}]}}