{"id":60207,"date":"2021-10-22T10:48:32","date_gmt":"2021-10-22T09:48:32","guid":{"rendered":"https:\/\/www.customeeple.com\/product\/catan-expansion-navegantes-spa\/"},"modified":"2021-10-22T10:48:32","modified_gmt":"2021-10-22T09:48:32","slug":"catan-expansion-navegantes-spa","status":"publish","type":"product","link":"https:\/\/www.customeeple.com\/es\/producto\/catan-expansion-navegantes-spa\/","title":{"rendered":"Cat\u00e1n: Expansi\u00f3n Navegantes (SPA)"},"content":{"rendered":"<p>Con Navegantes tendr\u00e1s todo lo que necesitas para darle un mayor protagonismo a los oc\u00e9anos en tus partidas de Cat\u00e1n.<\/p>\n<p>Con nuevos elementos como barcos y nuevos escenarios directamente en la caja, tus partidas de Cat\u00e1n adquirir\u00e1n nuevas oportunidades de elaborar estrategias y m\u00e1s emoci\u00f3n y alternativas de juego.<\/p>\n<p>Es necesario Cat\u00e1n \u2013 Juego B\u00e1sico para jugar.<\/p>\n<table class=\"shop_attributes\">\n<tbody>\n<tr>\n<th>CANTIDAD DE JUGADORES<\/th>\n<td>\n<p><a href=\"http:\/\/devir.es\/jugadores\/3-4\/\" rel=\"tag\">3-4<\/a><\/p>\n<\/td>\n<\/tr>\n<tr>\n<th>DURACI\u00d3N<\/th>\n<td>\n<p><a href=\"http:\/\/devir.es\/duracion\/75-minutos\/\" rel=\"tag\">75 Minutos<\/a><\/p>\n<\/td>\n<\/tr>\n<\/tbody>\n<\/table>\n","protected":false},"excerpt":{"rendered":"<p>Con Navegantes tendr\u00e1s todo lo que necesitas para darle un mayor protagonismo a los oc\u00e9anos en tus partidas de Cat\u00e1n. Con nuevos elementos como barcos y nuevos escenarios directamente en la caja, tus partidas de Cat\u00e1n adquirir\u00e1n nuevas oportunidades de elaborar estrategias y m\u00e1s emoci\u00f3n y alternativas de juego. Es necesario Cat\u00e1n \u2013 Juego B\u00e1sico [&hellip;]<\/p>\n","protected":false},"featured_media":60192,"template":"","meta":{"_acf_changed":false},"product_brand":[],"product_cat":[2344,1561,1653,1556,1180],"product_tag":[],"class_list":{"0":"post-60207","1":"product","2":"type-product","3":"status-publish","4":"has-post-thumbnail","6":"product_cat-devir-es","7":"product_cat-familiar-es","8":"product_cat-boardgames","9":"product_cat-board-games-es","10":"product_cat-retail-products-es","12":"first","13":"outofstock","14":"sale","15":"taxable","16":"shipping-taxable","17":"purchasable","18":"product-type-simple"},"exclude_global_add_ons":[],"addons":[],"acf":[],"_links":{"self":[{"href":"https:\/\/www.customeeple.com\/es\/wp-json\/wp\/v2\/product\/60207","targetHints":{"allow":["GET"]}}],"collection":[{"href":"https:\/\/www.customeeple.com\/es\/wp-json\/wp\/v2\/product"}],"about":[{"href":"https:\/\/www.customeeple.com\/es\/wp-json\/wp\/v2\/types\/product"}],"wp:featuredmedia":[{"embeddable":true,"href":"https:\/\/www.customeeple.com\/es\/wp-json\/wp\/v2\/media\/60192"}],"wp:attachment":[{"href":"https:\/\/www.customeeple.com\/es\/wp-json\/wp\/v2\/media?parent=60207"}],"wp:term":[{"taxonomy":"product_brand","embeddable":true,"href":"https:\/\/www.customeeple.com\/es\/wp-json\/wp\/v2\/product_brand?post=60207"},{"taxonomy":"product_cat","embeddable":true,"href":"https:\/\/www.customeeple.com\/es\/wp-json\/wp\/v2\/product_cat?post=60207"},{"taxonomy":"product_tag","embeddable":true,"href":"https:\/\/www.customeeple.com\/es\/wp-json\/wp\/v2\/product_tag?post=60207"}],"curies":[{"name":"wp","href":"https:\/\/api.w.org\/{rel}","templated":true}]}}