{"id":60206,"date":"2021-10-22T10:48:58","date_gmt":"2021-10-22T09:48:58","guid":{"rendered":"https:\/\/www.customeeple.com\/product\/plenus-spa\/"},"modified":"2021-10-22T10:48:58","modified_gmt":"2021-10-22T09:48:58","slug":"plenus-spa","status":"publish","type":"product","link":"https:\/\/www.customeeple.com\/es\/producto\/plenus-spa\/","title":{"rendered":"Plenus (SPA)"},"content":{"rendered":"<p>Lanza los dados, escoge la mejor combinaci\u00f3n y tacha los valores que indiquen antes de que otros jugadores lo hagan y se queden con la mayor\u00eda de puntos.<\/p>\n<p>Este juego adem\u00e1s admite modo solitario y no podr\u00e1s jugar una sola partida.<\/p>\n<table id=\"product-attribute-specs-table\" class=\"data table additional-attributes\">\n<tbody>\n<tr>\n<th class=\"col label\" scope=\"row\">Edad<\/th>\n<td class=\"col data\" data-th=\"Edad\">8+<\/td>\n<\/tr>\n<tr>\n<th class=\"col label\" scope=\"row\">N\u00fam. jugadores<\/th>\n<td class=\"col data\" data-th=\"N\u00fam. jugadores\">1- 6<\/td>\n<\/tr>\n<tr>\n<th class=\"col label\" scope=\"row\">Tiempo de juego<\/th>\n<td class=\"col data\" data-th=\"Tiempo de juego\">20 min<\/td>\n<\/tr>\n<\/tbody>\n<\/table>\n","protected":false},"excerpt":{"rendered":"<p>Lanza los dados, escoge la mejor combinaci\u00f3n y tacha los valores que indiquen antes de que otros jugadores lo hagan y se queden con la mayor\u00eda de puntos. Este juego adem\u00e1s admite modo solitario y no podr\u00e1s jugar una sola partida. Edad 8+ N\u00fam. jugadores 1- 6 Tiempo de juego 20 min<\/p>\n","protected":false},"featured_media":60200,"template":"","meta":{"_acf_changed":false},"product_brand":[],"product_cat":[2344,1562,1653,1180],"product_tag":[],"class_list":{"0":"post-60206","1":"product","2":"type-product","3":"status-publish","4":"has-post-thumbnail","6":"product_cat-devir-es","7":"product_cat-dice-games-es","8":"product_cat-boardgames","9":"product_cat-retail-products-es","11":"first","12":"instock","13":"sale","14":"taxable","15":"shipping-taxable","16":"purchasable","17":"product-type-simple"},"exclude_global_add_ons":[],"addons":[],"acf":[],"_links":{"self":[{"href":"https:\/\/www.customeeple.com\/es\/wp-json\/wp\/v2\/product\/60206","targetHints":{"allow":["GET"]}}],"collection":[{"href":"https:\/\/www.customeeple.com\/es\/wp-json\/wp\/v2\/product"}],"about":[{"href":"https:\/\/www.customeeple.com\/es\/wp-json\/wp\/v2\/types\/product"}],"wp:featuredmedia":[{"embeddable":true,"href":"https:\/\/www.customeeple.com\/es\/wp-json\/wp\/v2\/media\/60200"}],"wp:attachment":[{"href":"https:\/\/www.customeeple.com\/es\/wp-json\/wp\/v2\/media?parent=60206"}],"wp:term":[{"taxonomy":"product_brand","embeddable":true,"href":"https:\/\/www.customeeple.com\/es\/wp-json\/wp\/v2\/product_brand?post=60206"},{"taxonomy":"product_cat","embeddable":true,"href":"https:\/\/www.customeeple.com\/es\/wp-json\/wp\/v2\/product_cat?post=60206"},{"taxonomy":"product_tag","embeddable":true,"href":"https:\/\/www.customeeple.com\/es\/wp-json\/wp\/v2\/product_tag?post=60206"}],"curies":[{"name":"wp","href":"https:\/\/api.w.org\/{rel}","templated":true}]}}