{"id":60205,"date":"2021-10-22T10:48:48","date_gmt":"2021-10-22T09:48:48","guid":{"rendered":"https:\/\/www.customeeple.com\/product\/catan-ampliacion-5-6-jugadores-spa\/"},"modified":"2021-10-22T15:59:08","modified_gmt":"2021-10-22T14:59:08","slug":"catan-ampliacion-5-6-jugadores-spa","status":"publish","type":"product","link":"https:\/\/www.customeeple.com\/es\/producto\/catan-ampliacion-5-6-jugadores-spa\/","title":{"rendered":"Cat\u00e1n: Ampliaci\u00f3n 5-6 jugadores (SPA)"},"content":{"rendered":"<p>Un mapa m\u00e1s grande para dar cabida a dos jugadores m\u00e1s. Muchas m\u00e1s oportunidades de marcar tu ruta y de negociar con los compa\u00f1eros de isla.<\/p>\n<p>Es necesario Cat\u00e1n \u2013 Juego B\u00e1sico para jugar.<\/p>\n<p>Este juego contiene 34 cartas y le corresponden las \u00abfundas juego de mesa mini -44x68mm-\u00ab<\/p>\n","protected":false},"excerpt":{"rendered":"<p><br data-mce-bogus=\"1\"><\/p>\n","protected":false},"featured_media":60194,"template":"","meta":{"_acf_changed":false},"product_brand":[],"product_cat":[2344,1561,1653,1556,1180],"product_tag":[],"class_list":{"0":"post-60205","1":"product","2":"type-product","3":"status-publish","4":"has-post-thumbnail","6":"product_cat-devir-es","7":"product_cat-familiar-es","8":"product_cat-boardgames","9":"product_cat-board-games-es","10":"product_cat-retail-products-es","12":"first","13":"outofstock","14":"sale","15":"taxable","16":"shipping-taxable","17":"purchasable","18":"product-type-simple"},"exclude_global_add_ons":[],"addons":[],"acf":[],"_links":{"self":[{"href":"https:\/\/www.customeeple.com\/es\/wp-json\/wp\/v2\/product\/60205","targetHints":{"allow":["GET"]}}],"collection":[{"href":"https:\/\/www.customeeple.com\/es\/wp-json\/wp\/v2\/product"}],"about":[{"href":"https:\/\/www.customeeple.com\/es\/wp-json\/wp\/v2\/types\/product"}],"wp:featuredmedia":[{"embeddable":true,"href":"https:\/\/www.customeeple.com\/es\/wp-json\/wp\/v2\/media\/60194"}],"wp:attachment":[{"href":"https:\/\/www.customeeple.com\/es\/wp-json\/wp\/v2\/media?parent=60205"}],"wp:term":[{"taxonomy":"product_brand","embeddable":true,"href":"https:\/\/www.customeeple.com\/es\/wp-json\/wp\/v2\/product_brand?post=60205"},{"taxonomy":"product_cat","embeddable":true,"href":"https:\/\/www.customeeple.com\/es\/wp-json\/wp\/v2\/product_cat?post=60205"},{"taxonomy":"product_tag","embeddable":true,"href":"https:\/\/www.customeeple.com\/es\/wp-json\/wp\/v2\/product_tag?post=60205"}],"curies":[{"name":"wp","href":"https:\/\/api.w.org\/{rel}","templated":true}]}}