{"id":60142,"date":"2021-10-20T12:24:08","date_gmt":"2021-10-20T11:24:08","guid":{"rendered":"https:\/\/www.customeeple.com\/product\/ogor-mawtribes-great-mawpot-2\/"},"modified":"2023-11-21T00:00:09","modified_gmt":"2023-11-20T23:00:09","slug":"ogor-mawtribes-great-mawpot-2","status":"publish","type":"product","link":"https:\/\/www.customeeple.com\/es\/producto\/ogor-mawtribes-great-mawpot-2\/","title":{"rendered":"Ogor Mawtribes: Great Mawpot"},"content":{"rendered":"<p>Creada a partir de las armas fundidas de los enemigos derrotados y bendecida con la extra\u00f1a y hambrienta esencia del Dios Tragador, la Great Mawpot es la posesi\u00f3n m\u00e1s sagrada de una Mascatribu. Todo tipo de ingredientes horripilantes se arrojan a este caldero de metal y se hierven en un caldo m\u00e1gico espeso que revitaliza a los Ogors que lo prueban.<\/p>\n<p>Este elemento de terreno aporta una serie de beneficios a un ej\u00e9rcito Ogor. Todas las miniaturas enemigas que mueran cerca puede ser arrojadas a la olla y cocinadas en un caldo restaurador que cura a las unidades de la Mascatribu. Tambi\u00e9n es un recipiente del Dios Tragador, que ayuda a tus magos cercanos cuando lanzan o intentan disipar hechizos.<\/p>\n<p>Con este kit de pl\u00e1stico de 23 piezas puedes montar una Great Mawpot.<\/p>\n","protected":false},"excerpt":{"rendered":"<p>Creada a partir de las armas fundidas de los enemigos derrotados y bendecida con la extra\u00f1a y hambrienta esencia del Dios Tragador, la Great Mawpot es la posesi\u00f3n m\u00e1s sagrada de una Mascatribu. Todo tipo de ingredientes horripilantes se arrojan a este caldero de metal y se hierven en un caldo m\u00e1gico espeso que revitaliza [&hellip;]<\/p>\n","protected":false},"featured_media":60139,"template":"","meta":{"_acf_changed":false},"product_brand":[],"product_cat":[1177,1180,1623],"product_tag":[],"class_list":{"0":"post-60142","1":"product","2":"type-product","3":"status-publish","4":"has-post-thumbnail","6":"product_cat-games-workshop-es","7":"product_cat-retail-products-es","8":"product_cat-wargames-es-2","10":"first","11":"onbackorder","12":"sale","13":"taxable","14":"shipping-taxable","15":"purchasable","16":"product-type-simple"},"exclude_global_add_ons":[],"addons":[],"acf":[],"_links":{"self":[{"href":"https:\/\/www.customeeple.com\/es\/wp-json\/wp\/v2\/product\/60142","targetHints":{"allow":["GET"]}}],"collection":[{"href":"https:\/\/www.customeeple.com\/es\/wp-json\/wp\/v2\/product"}],"about":[{"href":"https:\/\/www.customeeple.com\/es\/wp-json\/wp\/v2\/types\/product"}],"wp:featuredmedia":[{"embeddable":true,"href":"https:\/\/www.customeeple.com\/es\/wp-json\/wp\/v2\/media\/60139"}],"wp:attachment":[{"href":"https:\/\/www.customeeple.com\/es\/wp-json\/wp\/v2\/media?parent=60142"}],"wp:term":[{"taxonomy":"product_brand","embeddable":true,"href":"https:\/\/www.customeeple.com\/es\/wp-json\/wp\/v2\/product_brand?post=60142"},{"taxonomy":"product_cat","embeddable":true,"href":"https:\/\/www.customeeple.com\/es\/wp-json\/wp\/v2\/product_cat?post=60142"},{"taxonomy":"product_tag","embeddable":true,"href":"https:\/\/www.customeeple.com\/es\/wp-json\/wp\/v2\/product_tag?post=60142"}],"curies":[{"name":"wp","href":"https:\/\/api.w.org\/{rel}","templated":true}]}}