{"id":60098,"date":"2021-10-20T12:02:28","date_gmt":"2021-10-20T11:02:28","guid":{"rendered":"https:\/\/www.customeeple.com\/?post_type=product&#038;p=60098"},"modified":"2021-10-20T12:10:59","modified_gmt":"2021-10-20T11:10:59","slug":"inserto-compatible-descent-leyendas-de-la-oscuridad-copy","status":"publish","type":"product","link":"https:\/\/www.customeeple.com\/es\/producto\/inserto-compatible-descent-leyendas-de-la-oscuridad-copy\/","title":{"rendered":"Inserto superior compatible Descent: Leyendas de la Oscuridad"},"content":{"rendered":"<p>Este es un inserto y organizador de Juego dise\u00f1ado para caber dentro del Descent: Leyendas de la Oscuridad (2021) Contiene 7elementos para mantener todas las piezas de jugador en orden y de f\u00e1cil acceso.<\/p>\n<p>Este inserto esta pensado \u00fanicamente para la caja superior del juego y permite almacenar los tokens y las cartas as\u00ed como incluir un c\u00f3modo tiradados. si estas interesado en un inserto completo mira <a href=\"https:\/\/www.customeeple.com\/product\/descent-legends-of-the-dark-insert\/\">este producto\u00a0<\/a><\/p>\n<p>Se requiere ensamblaje, debe pegar las cajas con pegamento blanco.<\/p>\n<div class=\"moreinfo\">\n<p><strong>Material: <\/strong>DM<\/p>\n<p dir=\"ltr\"><strong>Espesor:<\/strong> 2,5 mm<\/p>\n<p dir=\"ltr\"><strong>Cantidad:<\/strong> 7 bandejas<\/p>\n<p><a href=\"https:\/\/boardgamegeek.com\/boardgame\/322708\/descent-legends-dark\"><strong>Descent: Legends of the Dark (2021) <\/strong><\/a> es un juego publicado por Asmodee<a href=\"https:\/\/www.cmon.com\/\">.<\/a>\u00a0<strong>Customeeple<\/strong>\u00a0no mantiene ninguna relaci\u00f3n con esta compa\u00f1\u00eda y este producto no esta apoyado por ellos de ninguna forma.<\/p>\n<\/div>\n","protected":false},"excerpt":{"rendered":"<p>Bandejas para la caja superior del Descent<\/p>\n","protected":false},"featured_media":60096,"template":"","meta":{"_acf_changed":false},"product_brand":[],"product_cat":[191,1370,1395],"product_tag":[2007,2008,2247,1663],"class_list":{"0":"post-60098","1":"product","2":"type-product","3":"status-publish","4":"has-post-thumbnail","6":"product_cat-accesorios","7":"product_cat-customeeple-es","8":"product_cat-insertos","9":"product_tag-ankh-es","10":"product_tag-ankh-gods-of-egypt-es","11":"product_tag-cmon-es","12":"product_tag-tranjis-es-2","14":"first","15":"instock","16":"taxable","17":"shipping-taxable","18":"purchasable","19":"product-type-simple"},"exclude_global_add_ons":[],"addons":[],"acf":[],"_links":{"self":[{"href":"https:\/\/www.customeeple.com\/es\/wp-json\/wp\/v2\/product\/60098","targetHints":{"allow":["GET"]}}],"collection":[{"href":"https:\/\/www.customeeple.com\/es\/wp-json\/wp\/v2\/product"}],"about":[{"href":"https:\/\/www.customeeple.com\/es\/wp-json\/wp\/v2\/types\/product"}],"wp:featuredmedia":[{"embeddable":true,"href":"https:\/\/www.customeeple.com\/es\/wp-json\/wp\/v2\/media\/60096"}],"wp:attachment":[{"href":"https:\/\/www.customeeple.com\/es\/wp-json\/wp\/v2\/media?parent=60098"}],"wp:term":[{"taxonomy":"product_brand","embeddable":true,"href":"https:\/\/www.customeeple.com\/es\/wp-json\/wp\/v2\/product_brand?post=60098"},{"taxonomy":"product_cat","embeddable":true,"href":"https:\/\/www.customeeple.com\/es\/wp-json\/wp\/v2\/product_cat?post=60098"},{"taxonomy":"product_tag","embeddable":true,"href":"https:\/\/www.customeeple.com\/es\/wp-json\/wp\/v2\/product_tag?post=60098"}],"curies":[{"name":"wp","href":"https:\/\/api.w.org\/{rel}","templated":true}]}}