{"id":60084,"date":"2021-10-20T11:28:17","date_gmt":"2021-10-20T10:28:17","guid":{"rendered":"https:\/\/www.customeeple.com\/?post_type=product&#038;p=60084"},"modified":"2021-10-20T11:57:52","modified_gmt":"2021-10-20T10:57:52","slug":"inserto-compatible-descent","status":"publish","type":"product","link":"https:\/\/www.customeeple.com\/es\/producto\/inserto-compatible-descent\/","title":{"rendered":"Inserto compatible Descent: Leyendas de la Oscuridad"},"content":{"rendered":"<p>Este es un inserto y organizador de Juego dise\u00f1ado para caber dentro del Descent: Leyendas de la Oscuridad (2021) Contiene 9 elementos para mantener todas las piezas en orden y de f\u00e1cil acceso.<\/p>\n<p>En la caja superior, hay 7 bandejas que deben ensamblarse encima de la caja de la miniatura. Aqu\u00ed puedes guardar todos los componentes del jugador, todas las cartas, fichas y dados.<\/p>\n<p>En la caja inferior, debe quitar el inserto de cart\u00f3n para poder poner la parte inferior del inserto que mantiene todo la escenograf\u00eda de cart\u00f3n en su lugar. sobre este inserto se coloca una bandeja para guardar todas las piezas del tablero y la escenograf\u00eda mas peque\u00f1a.<\/p>\n<p>El inserto encaja perfectamente en la caja, pero debe deshacerse del inserto de cart\u00f3n de la parte inferior.<\/p>\n<p>Se requiere ensamblaje, debe pegar las cajas con pegamento blanco.<\/p>\n<div class=\"moreinfo\">\n<p><strong>Material: <\/strong>DM<\/p>\n<p dir=\"ltr\"><strong>Espesor:<\/strong> 2,5 mm<\/p>\n<p dir=\"ltr\"><strong>Cantidad:<\/strong> 9 bandejas<\/p>\n<p><a href=\"https:\/\/boardgamegeek.com\/boardgame\/322708\/descent-legends-dark\"><strong>Descent: Legends of the Dark (2021) <\/strong><\/a> es un juego publicado por Asmodee<a href=\"https:\/\/www.cmon.com\/\">.<\/a>\u00a0<strong>Customeeple<\/strong>\u00a0no mantiene ninguna relaci\u00f3n con esta compa\u00f1\u00eda y este producto no esta apoyado por ellos de ninguna forma.<\/p>\n<\/div>\n","protected":false},"excerpt":{"rendered":"<p>Bandejas contenedoras para Descent<\/p>\n","protected":false},"featured_media":60086,"template":"","meta":{"_acf_changed":false},"product_brand":[],"product_cat":[191,1370,1395],"product_tag":[2007,2008,1663],"class_list":{"0":"post-60084","1":"product","2":"type-product","3":"status-publish","4":"has-post-thumbnail","6":"product_cat-accesorios","7":"product_cat-customeeple-es","8":"product_cat-insertos","9":"product_tag-ankh-es","10":"product_tag-ankh-gods-of-egypt-es","11":"product_tag-tranjis-es-2","13":"first","14":"instock","15":"taxable","16":"shipping-taxable","17":"purchasable","18":"product-type-simple"},"exclude_global_add_ons":[],"addons":[],"acf":[],"_links":{"self":[{"href":"https:\/\/www.customeeple.com\/es\/wp-json\/wp\/v2\/product\/60084","targetHints":{"allow":["GET"]}}],"collection":[{"href":"https:\/\/www.customeeple.com\/es\/wp-json\/wp\/v2\/product"}],"about":[{"href":"https:\/\/www.customeeple.com\/es\/wp-json\/wp\/v2\/types\/product"}],"wp:featuredmedia":[{"embeddable":true,"href":"https:\/\/www.customeeple.com\/es\/wp-json\/wp\/v2\/media\/60086"}],"wp:attachment":[{"href":"https:\/\/www.customeeple.com\/es\/wp-json\/wp\/v2\/media?parent=60084"}],"wp:term":[{"taxonomy":"product_brand","embeddable":true,"href":"https:\/\/www.customeeple.com\/es\/wp-json\/wp\/v2\/product_brand?post=60084"},{"taxonomy":"product_cat","embeddable":true,"href":"https:\/\/www.customeeple.com\/es\/wp-json\/wp\/v2\/product_cat?post=60084"},{"taxonomy":"product_tag","embeddable":true,"href":"https:\/\/www.customeeple.com\/es\/wp-json\/wp\/v2\/product_tag?post=60084"}],"curies":[{"name":"wp","href":"https:\/\/api.w.org\/{rel}","templated":true}]}}