{"id":60080,"date":"2021-10-20T08:43:19","date_gmt":"2021-10-20T07:43:19","guid":{"rendered":"https:\/\/www.customeeple.com\/product\/insondable\/"},"modified":"2021-10-20T08:43:19","modified_gmt":"2021-10-20T07:43:19","slug":"insondable","status":"publish","type":"product","link":"https:\/\/www.customeeple.com\/es\/producto\/insondable\/","title":{"rendered":"Insondable"},"content":{"rendered":"<div class=\"p_collection\">\n<p>Horror en alta mar.<\/p>\n<p>Bajo las olas, all\u00e1 donde la vista no alcanza, la oscuridad acecha a cierto buque a vapor con rumbo a Boston, el Atlantica. Muchos de los dem\u00e1s pasajeros contemplan el mar con un silencioso anhelo desesperado, como sumidos en un trance preternatural. Tus sue\u00f1os est\u00e1n plagados de pesadillas submarinas innombrables. Y por si todo eso fuera poco, uno de los pasajeros ha sido asesinado.<\/p>\n<p>En Insondable, la desconfianza, la intriga y las estrategias maquiav\u00e9licas est\u00e1n a la orden del d\u00eda. Tus amigos y t\u00fa est\u00e1is al mando del buque, pero no todo el mundo es de fiar. Mientras unos seres monstruosos, los profundos, emergen de las profundidades abisales para asaltar el barco, cualquiera de los jugadores podr\u00eda ser en realidad un vil sectario o un horripilante h\u00edbrido de profundo y estar conspirando en secreto contra el resto del grupo. Vigila siempre a tus compa\u00f1eros\u2026 vas a necesitar toda tu astucia para evitar que la embarcaci\u00f3n acabe en una tumba acu\u00e1tica. \u00a1Rechaza la invasi\u00f3n de los profundos, descubre a los traidores y gu\u00eda el Atlantica hasta puerto seguro en Insondable!<\/p>\n<\/div>\n<div class=\"product_components double-top\">\n<div class=\"color_grey_medium capitalize bold\">CONTENIDO<\/div>\n<hr \/>\n<div>Gu\u00eda de aprendizaje, Referencia de reglas, Tablero con 4 medidores de recursos, 22 figuras de monstruo de pl\u00e1stico, 10 hojas de personaje, 3 hojas de referencia de traidor, 6 hojas de referencia de jugador, 10 figuras de personaje de cart\u00f3n, 1 ficha de Jugador activo, 4 marcadores de Traidor, fichas de Pasajero, 1 dado de 8 caras, 1 ficha de Viaje, 1 ficha de Ritual, 14 cartas de Lealtad, 70 cartas de Mitos, 2 cartas de Rol, 20 cartas de Hechizo, 20 cartas de Escala, 20 cartas de Objeto, 9 cartas de Da\u00f1o del barco, 10 cartas de Proeza, 126 cartas de Habilidad<\/div>\n<\/div>\n","protected":false},"excerpt":{"rendered":"<p>Horror en alta mar. Bajo las olas, all\u00e1 donde la vista no alcanza, la oscuridad acecha a cierto buque a vapor con rumbo a Boston, el Atlantica. Muchos de los dem\u00e1s pasajeros contemplan el mar con un silencioso anhelo desesperado, como sumidos en un trance preternatural. Tus sue\u00f1os est\u00e1n plagados de pesadillas submarinas innombrables. Y [&hellip;]<\/p>\n","protected":false},"featured_media":60074,"template":"","meta":{"_acf_changed":false},"product_brand":[],"product_cat":[2003,1653,1180],"product_tag":[],"class_list":{"0":"post-60080","1":"product","2":"type-product","3":"status-publish","4":"has-post-thumbnail","6":"product_cat-cooperative-es","7":"product_cat-boardgames","8":"product_cat-retail-products-es","10":"first","11":"outofstock","12":"sale","13":"taxable","14":"shipping-taxable","15":"purchasable","16":"product-type-simple"},"exclude_global_add_ons":[],"addons":[],"acf":[],"_links":{"self":[{"href":"https:\/\/www.customeeple.com\/es\/wp-json\/wp\/v2\/product\/60080","targetHints":{"allow":["GET"]}}],"collection":[{"href":"https:\/\/www.customeeple.com\/es\/wp-json\/wp\/v2\/product"}],"about":[{"href":"https:\/\/www.customeeple.com\/es\/wp-json\/wp\/v2\/types\/product"}],"wp:featuredmedia":[{"embeddable":true,"href":"https:\/\/www.customeeple.com\/es\/wp-json\/wp\/v2\/media\/60074"}],"wp:attachment":[{"href":"https:\/\/www.customeeple.com\/es\/wp-json\/wp\/v2\/media?parent=60080"}],"wp:term":[{"taxonomy":"product_brand","embeddable":true,"href":"https:\/\/www.customeeple.com\/es\/wp-json\/wp\/v2\/product_brand?post=60080"},{"taxonomy":"product_cat","embeddable":true,"href":"https:\/\/www.customeeple.com\/es\/wp-json\/wp\/v2\/product_cat?post=60080"},{"taxonomy":"product_tag","embeddable":true,"href":"https:\/\/www.customeeple.com\/es\/wp-json\/wp\/v2\/product_tag?post=60080"}],"curies":[{"name":"wp","href":"https:\/\/api.w.org\/{rel}","templated":true}]}}