{"id":60042,"date":"2021-10-16T12:13:45","date_gmt":"2021-10-16T11:13:46","guid":{"rendered":"https:\/\/www.customeeple.com\/?post_type=product&#038;p=60042"},"modified":"2021-10-25T10:53:49","modified_gmt":"2021-10-25T09:53:49","slug":"warhammer-underworlds-harrowdeep","status":"publish","type":"product","link":"https:\/\/www.customeeple.com\/es\/producto\/warhammer-underworlds-harrowdeep\/","title":{"rendered":"Warhammer Underworlds: Harrowdeep (SPA)"},"content":{"rendered":"<p>En las l\u00f3bregas profundidades de Ulgu, el Reino de las Sombras, yace un laberinto inveros\u00edmil, anclado a una gran profundidad. Dos bandas se enfrentan a la magia de las sombras de este antiguo lugar, una impulsada por un decreto divino y la otra por un ego\u00edsta af\u00e1n de enriquecerse. El \u00e9xito puede suponer la huida y la supervivencia, pero pocos regresan de Fosotormento, el abismo pesadillesco donde la luz misma se marchita y perece.<\/p>\n<p>Ad\u00e9ntrate en el juego de miniaturas competitivo definitivo con la caja b\u00e1sica de Warhammer Underworlds: Harrowdeep. En su interior encontrar\u00e1s todo lo que necesitas para empezar a jugar bajo el oleaje del Mar Sombr\u00edo, con miniaturas, dados, cartas y mucho m\u00e1s. Harrowdeep marca el comienzo de la quinta temporada de Warhammer Underworlds, un trepidante juego de escaramuzas basado en mazos de cartas ambientado en los Reinos Mortales. Puedes jugar nada m\u00e1s sacarlo de la caja usando los mazos predefinidos para el formato Rivales (nuevo de esta temporada) o puedes perfeccionar tu mazo usando cartas de tu reserva de cartas de Warhammer Underworlds para entrar en todo un desaf\u00edo estrat\u00e9gico<\/p>\n<p>Esta caja contiene:<br \/>\n\u2013 El reglamento completo de Warhammer Underworlds, m\u00e1s claro, m\u00e1s n\u00edtido y m\u00e1s ajustado que nunca. Introduce emocionantes mec\u00e1nicas de juego como Doloroso y Tambalear, y adem\u00e1s incluye trasfondo e ilustraciones sobre Fosotormento.<br \/>\n\u2013 La banda al completo de los Buscaverdades de Xandire: una banda de Forjados en la Tormenta, con armadura atronadora y un compa\u00f1ero Aeterave, se aventuran en la oscuridad de Ulgu empe\u00f1ados en una demanda del mism\u00edsimo Sigmar. Monta tu banda con las cuatro miniaturas de pl\u00e1stico, hechas en pl\u00e1stico azul para que destaquen incluso sin pintar, adem\u00e1s de las cartas de guerrero y una serie de cartas espec\u00edficas de su banda que te permitir\u00e1n dar rienda suelta en batalla a sus heroicas estrategias.<br \/>\n\u2013 La banda completa La Panda Aztuta: una banda de pieles verdes furtivos y despiadados de los pantanos de Ghur que pretenden reclamar para s\u00ed los oscuros y h\u00famedos rincones de Fosotormento. Monta tu banda con las cinco miniaturas de pl\u00e1stico moldeadas en verde oscuro, y construye tus mazos con cartas de guerrero y una serie de cartas propias de la banda que te permitir\u00e1n canalizar la astucia y la crueldad de Mork en batalla.<br \/>\n\u2013 2 tableros de juego impresos a doble cara para que puedas montar tu campo de batalla.<br \/>\n\u2013 Fichas y marcadores de Warhammer Underworlds, incluidos objetivos, heridas, puntos de gloria y muchos, muchos m\u00e1s.<br \/>\n\u2013 Cuarenta y ocho cartas universales: gambitos, objetivos y mejoras a utilizar por cualquier banda, perfectas para construir mazos con los Buscaverdades de Xandire y la Panda Astuta, pero tambi\u00e9n para llevar a tu banda favorita a Warhammer Underworlds: Harrowdeep.<br \/>\n\u2013 Once dados: 5 de ataque, 3 de defensa y 3 de magia, suficientes para los golpes m\u00e1s devastadores, defensas desesperadas y hechizos catacl\u00edsmicos.<\/p>\n<p>Tanto si eres un reci\u00e9n llegado deseoso de empezar tu andadura como si eres un jugador veterano que quiere actualizar su juego de cara a la 5\u00aa temporada, esta caja es imprescindible.<\/p>\n<p>Estas miniaturas vienen sin pintar y requieren montaje. Recomendamos el uso de pinturas Citadel.<\/p>\n","protected":false},"excerpt":{"rendered":"<p>Boardgame.<\/p>\n","protected":false},"featured_media":60023,"template":"","meta":{"_acf_changed":false},"product_brand":[],"product_cat":[1400,1180,1623,1426],"product_tag":[1264,1179,1280],"class_list":{"0":"post-60042","1":"product","2":"type-product","3":"status-publish","4":"has-post-thumbnail","6":"product_cat-fantasia","7":"product_cat-retail-products-es","8":"product_cat-wargames-es-2","9":"product_cat-whu-spire-es","10":"product_tag-boardgame-es","11":"product_tag-gamesworkshop-es","12":"product_tag-juego-de-mesa-es","14":"first","15":"onbackorder","16":"sale","17":"taxable","18":"shipping-taxable","19":"purchasable","20":"product-type-simple"},"exclude_global_add_ons":[],"addons":[],"acf":[],"_links":{"self":[{"href":"https:\/\/www.customeeple.com\/es\/wp-json\/wp\/v2\/product\/60042","targetHints":{"allow":["GET"]}}],"collection":[{"href":"https:\/\/www.customeeple.com\/es\/wp-json\/wp\/v2\/product"}],"about":[{"href":"https:\/\/www.customeeple.com\/es\/wp-json\/wp\/v2\/types\/product"}],"wp:featuredmedia":[{"embeddable":true,"href":"https:\/\/www.customeeple.com\/es\/wp-json\/wp\/v2\/media\/60023"}],"wp:attachment":[{"href":"https:\/\/www.customeeple.com\/es\/wp-json\/wp\/v2\/media?parent=60042"}],"wp:term":[{"taxonomy":"product_brand","embeddable":true,"href":"https:\/\/www.customeeple.com\/es\/wp-json\/wp\/v2\/product_brand?post=60042"},{"taxonomy":"product_cat","embeddable":true,"href":"https:\/\/www.customeeple.com\/es\/wp-json\/wp\/v2\/product_cat?post=60042"},{"taxonomy":"product_tag","embeddable":true,"href":"https:\/\/www.customeeple.com\/es\/wp-json\/wp\/v2\/product_tag?post=60042"}],"curies":[{"name":"wp","href":"https:\/\/api.w.org\/{rel}","templated":true}]}}