{"id":60003,"date":"2021-10-09T12:53:23","date_gmt":"2021-10-09T11:53:23","guid":{"rendered":"https:\/\/www.customeeple.com\/product\/blitzkrieg-expansion-nipona-spa\/"},"modified":"2021-10-09T12:53:23","modified_gmt":"2021-10-09T11:53:23","slug":"blitzkrieg-expansion-nipona-spa","status":"publish","type":"product","link":"https:\/\/www.customeeple.com\/es\/producto\/blitzkrieg-expansion-nipona-spa\/","title":{"rendered":"Blitzkrieg + Expansi\u00f3n nipona (SPA)"},"content":{"rendered":"<p>\u00a1Recrea la Segunda Guerra Mundial en solo 20 minutos!<\/p>\n<p>Blitzkrieg! es el perfecto \u201cwargame\u201d para los jugadores que no son expertos en este tipo de juegos. Dos jugadores luchar\u00e1n en los escenarios m\u00e1s ic\u00f3nicos de la Guerra, tratar\u00e1n de ganar campa\u00f1as clave y desarrollar\u00e1n sus recursos militares.<\/p>\n<p>Los jugadores roban fichas de unidad de una bolsa para determinar sus fuerzas iniciales y para restituir sus bajas. En lugar de combatir en batallas con dados o cartas, los jugadores posicionan sus recursos militares en las campa\u00f1as de cada uno de los teatros de operaciones, obteniendo puntos de victoria, ganando recursos adicionales y armamento especial, y aprovech\u00e1ndose de ventajas estrat\u00e9gicas a medida que la partida avanza. \u00a1Lucha en la Segunda Guerra Mundial una y otra vez en la misma tarde!<\/p>\n<p>Blitzkrieg!: Expansi\u00f3n nipona, que a\u00f1ade un nuevo desaf\u00edo al juego base. Esta expansi\u00f3n explora el hipot\u00e9tico escenario de que el Eje ganase la Segunda Guerra Mundial, y se produjese despu\u00e9s un enfrentamiento entre Alemania y Jap\u00f3n. Un jugador controla las fuerzas alemanas y el otro las fuerzas japonesas en una lucha por el dominio de Am\u00e9rica en este universo alternativo de 1946.<\/p>\n<div class=\"fusion-layout-column fusion_builder_column_inner fusion-builder-nested-column-0 fusion_builder_column_inner_1_2 1_2 fusion-one-half fusion-column-first\">\n<div class=\"fusion-column-wrapper fusion-flex-column-wrapper-legacy\">\n<div class=\"fusion-text fusion-text-3\">\n<div class=\"cl-juego-ii-autor\"><strong>Autor:\u00a0<\/strong>Paolo Mori<\/div>\n<div class=\"cl-juego-ii-jug\"><strong>Jugadores:\u00a0<\/strong>2<\/div>\n<div class=\"cl-juego-ii-dur\"><strong>Duraci\u00f3n:\u00a0<\/strong>20-45 minutos<\/div>\n<\/div>\n<\/div>\n<\/div>\n<div class=\"fusion-layout-column fusion_builder_column_inner fusion-builder-nested-column-1 fusion_builder_column_inner_1_2 1_2 fusion-one-half fusion-column-last\">\n<div class=\"fusion-column-wrapper fusion-flex-column-wrapper-legacy\">\n<div class=\"fusion-text fusion-text-4\">\n<div class=\"cl-juego-ii-edad\"><strong>Edad:\u00a0<\/strong>a partir de 14 a\u00f1os<\/div>\n<\/div>\n<\/div>\n<\/div>\n","protected":false},"excerpt":{"rendered":"<p>\u00a1Recrea la Segunda Guerra Mundial en solo 20 minutos! Blitzkrieg! es el perfecto \u201cwargame\u201d para los jugadores que no son expertos en este tipo de juegos. Dos jugadores luchar\u00e1n en los escenarios m\u00e1s ic\u00f3nicos de la Guerra, tratar\u00e1n de ganar campa\u00f1as clave y desarrollar\u00e1n sus recursos militares. Los jugadores roban fichas de unidad de una [&hellip;]<\/p>\n","protected":false},"featured_media":59999,"template":"","meta":{"_acf_changed":false},"product_brand":[],"product_cat":[1653,1180,1554],"product_tag":[],"class_list":{"0":"post-60003","1":"product","2":"type-product","3":"status-publish","4":"has-post-thumbnail","6":"product_cat-boardgames","7":"product_cat-retail-products-es","8":"product_cat-wargames-es","10":"first","11":"onbackorder","12":"sale","13":"taxable","14":"shipping-taxable","15":"purchasable","16":"product-type-simple"},"exclude_global_add_ons":[],"addons":[],"acf":[],"_links":{"self":[{"href":"https:\/\/www.customeeple.com\/es\/wp-json\/wp\/v2\/product\/60003","targetHints":{"allow":["GET"]}}],"collection":[{"href":"https:\/\/www.customeeple.com\/es\/wp-json\/wp\/v2\/product"}],"about":[{"href":"https:\/\/www.customeeple.com\/es\/wp-json\/wp\/v2\/types\/product"}],"wp:featuredmedia":[{"embeddable":true,"href":"https:\/\/www.customeeple.com\/es\/wp-json\/wp\/v2\/media\/59999"}],"wp:attachment":[{"href":"https:\/\/www.customeeple.com\/es\/wp-json\/wp\/v2\/media?parent=60003"}],"wp:term":[{"taxonomy":"product_brand","embeddable":true,"href":"https:\/\/www.customeeple.com\/es\/wp-json\/wp\/v2\/product_brand?post=60003"},{"taxonomy":"product_cat","embeddable":true,"href":"https:\/\/www.customeeple.com\/es\/wp-json\/wp\/v2\/product_cat?post=60003"},{"taxonomy":"product_tag","embeddable":true,"href":"https:\/\/www.customeeple.com\/es\/wp-json\/wp\/v2\/product_tag?post=60003"}],"curies":[{"name":"wp","href":"https:\/\/api.w.org\/{rel}","templated":true}]}}