{"id":59961,"date":"2021-10-09T11:35:45","date_gmt":"2021-10-09T10:35:46","guid":{"rendered":"https:\/\/www.customeeple.com\/?post_type=product&#038;p=59961"},"modified":"2021-10-09T11:57:26","modified_gmt":"2021-10-09T10:57:26","slug":"van-saar-weapons-upgrades","status":"publish","type":"product","link":"https:\/\/www.customeeple.com\/es\/producto\/van-saar-weapons-upgrades\/","title":{"rendered":"Mejoras y armas Van Saar"},"content":{"rendered":"<p>Mejora tus luchadores Van Saar con una selecci\u00f3n de armas mort\u00edferas que te permiten crear una banda \u00fanica y formidable. Esta caja tambi\u00e9n incluye cajas y brazos alternativos, as\u00ed que puedes personalizar tu banda a\u00fan m\u00e1s.<\/p>\n<p><strong>Esta caja de 66 piezas de pl\u00e1stico incluye:<\/strong><\/p>\n<p>\u2013 2 ca\u00f1ones de plasma<br \/>\n\u2013 2 multimelta<br \/>\n\u2013 2 mazas de choque<br \/>\n\u2013 2 servogarras<br \/>\n\u2013 4 rifles de fusi\u00f3n<br \/>\n\u2013 4 rifles grav<br \/>\n\u2013 2 cuchillos de energ\u00eda<br \/>\n\u2013 4 pistolas de radiaci\u00f3n<br \/>\n\u2013 4 lanzallamas<br \/>\n\u2013 2 pistolas l\u00e1ser<br \/>\n\u2013 2 lanzallamas de mano<br \/>\n\u2013 10 cabezas alternativas (5 dise\u00f1os de cabeza distintos con 2 copias por cabeza)<br \/>\n\u2013 Opciones de brazo para tu banda<\/p>\n<p>Estas piezas con compatibles con la caja Gang Van Saar y los Archeoteks y Grav-cutters Van Saar.<\/p>\n<p>Estas miniaturas se suministran sin montar y sin pintar. Recomendamos usar el pegamento y las pinturas Citadel.<\/p>\n","protected":false},"excerpt":{"rendered":"<p>Games Workshop boardgame.<\/p>\n","protected":false},"featured_media":59957,"template":"","meta":{"_acf_changed":false},"product_brand":[],"product_cat":[1177,1583,1180,1372],"product_tag":[1264,1179,1677,785],"class_list":{"0":"post-59961","1":"product","2":"type-product","3":"status-publish","4":"has-post-thumbnail","6":"product_cat-games-workshop-es","7":"product_cat-necromunda-es","8":"product_cat-retail-products-es","9":"product_cat-sci-fi-es","10":"product_tag-boardgame-es","11":"product_tag-gamesworkshop-es","12":"product_tag-necromunda-es-2","13":"product_tag-wargame-es-2","15":"first","16":"onbackorder","17":"sale","18":"taxable","19":"shipping-taxable","20":"purchasable","21":"product-type-simple"},"exclude_global_add_ons":[],"addons":[],"acf":[],"_links":{"self":[{"href":"https:\/\/www.customeeple.com\/es\/wp-json\/wp\/v2\/product\/59961","targetHints":{"allow":["GET"]}}],"collection":[{"href":"https:\/\/www.customeeple.com\/es\/wp-json\/wp\/v2\/product"}],"about":[{"href":"https:\/\/www.customeeple.com\/es\/wp-json\/wp\/v2\/types\/product"}],"wp:featuredmedia":[{"embeddable":true,"href":"https:\/\/www.customeeple.com\/es\/wp-json\/wp\/v2\/media\/59957"}],"wp:attachment":[{"href":"https:\/\/www.customeeple.com\/es\/wp-json\/wp\/v2\/media?parent=59961"}],"wp:term":[{"taxonomy":"product_brand","embeddable":true,"href":"https:\/\/www.customeeple.com\/es\/wp-json\/wp\/v2\/product_brand?post=59961"},{"taxonomy":"product_cat","embeddable":true,"href":"https:\/\/www.customeeple.com\/es\/wp-json\/wp\/v2\/product_cat?post=59961"},{"taxonomy":"product_tag","embeddable":true,"href":"https:\/\/www.customeeple.com\/es\/wp-json\/wp\/v2\/product_tag?post=59961"}],"curies":[{"name":"wp","href":"https:\/\/api.w.org\/{rel}","templated":true}]}}