{"id":59464,"date":"2021-09-25T12:05:54","date_gmt":"2021-09-25T11:05:56","guid":{"rendered":"https:\/\/www.customeeple.com\/?post_type=product&#038;p=59464"},"modified":"2021-10-09T10:52:58","modified_gmt":"2021-10-09T09:52:58","slug":"kill-rig","status":"publish","type":"product","link":"https:\/\/www.customeeple.com\/es\/producto\/kill-rig\/","title":{"rendered":"Orks: Plataforkma"},"content":{"rendered":"<p>Pocos sonidos dan m\u00e1s miedo que la cacofon\u00eda de gritos, estr\u00e9pitos y pisotazos que anuncia la llegada de una Plataforkma. Un enorme garrapatariete tira de esta plataforma llena hasta la bandera de Orkos salvajes, una construcci\u00f3n destartalada pero mort\u00edfera y equipada con todo tipo de armas. Desde lo alto de la torreztramb\u00f3tika, en la parte trasera de la plataforkma, el Beztiamb\u00f3tiko vigila el campo de batalla, lanzando poderosos rayos de energ\u00eda ps\u00edquica tanto a Orkos como a enemigos. Junto con este amplificador ps\u00edquico, la Plataforkma transporta adem\u00e1s a una tripulaci\u00f3n entera, incluidos un conductor, tiradores y Karnizeroz, y cuenta con un Lanzador pezado y un ka\u00f1\u00f3n de arponez de m\u00e1xima destrucci\u00f3n.<\/p>\n<p>Esta desvencijada plataforma de guerra es la pieza central de cualquier \u00a1Waaagh! orko que se precie gracias a las poderosas armas de combate y a distancia que lleva encima. Tambi\u00e9n es una unidad de transporte ideal para los Chikoz Trinkabeztiaz y un excelente puesto de mando m\u00f3vil para un Beztiamb\u00f3tiko.<\/p>\n<p>Esta caja multiparte de pl\u00e1stico incluye 111 piezas, con las que puedes montar una Plataforkma. Las distintas posiciones de la plataforkma se pueden montar de varias formas distintas, y adem\u00e1s incluye una plataforma ovalada Citadel del 170 mm. De manera alternativa, esta caja tambi\u00e9n puede montar un Cazaforkma con un Beztiamb\u00f3tiko por separado.<\/p>\n","protected":false},"excerpt":{"rendered":"<p>Games Workshop miniature.<\/p>\n","protected":false},"featured_media":59460,"template":"","meta":{"_acf_changed":false},"product_brand":[],"product_cat":[1177,1180,1623,1229],"product_tag":[1787,1179,1738,787],"class_list":{"0":"post-59464","1":"product","2":"type-product","3":"status-publish","4":"has-post-thumbnail","6":"product_cat-games-workshop-es","7":"product_cat-retail-products-es","8":"product_cat-wargames-es-2","9":"product_cat-warhammer-40k-es","10":"product_tag-40k-es","11":"product_tag-gamesworkshop-es","12":"product_tag-orks-es","13":"product_tag-warhammer-40k-es-2","15":"first","16":"onbackorder","17":"sale","18":"taxable","19":"shipping-taxable","20":"purchasable","21":"product-type-simple"},"exclude_global_add_ons":[],"addons":[],"acf":[],"_links":{"self":[{"href":"https:\/\/www.customeeple.com\/es\/wp-json\/wp\/v2\/product\/59464","targetHints":{"allow":["GET"]}}],"collection":[{"href":"https:\/\/www.customeeple.com\/es\/wp-json\/wp\/v2\/product"}],"about":[{"href":"https:\/\/www.customeeple.com\/es\/wp-json\/wp\/v2\/types\/product"}],"wp:featuredmedia":[{"embeddable":true,"href":"https:\/\/www.customeeple.com\/es\/wp-json\/wp\/v2\/media\/59460"}],"wp:attachment":[{"href":"https:\/\/www.customeeple.com\/es\/wp-json\/wp\/v2\/media?parent=59464"}],"wp:term":[{"taxonomy":"product_brand","embeddable":true,"href":"https:\/\/www.customeeple.com\/es\/wp-json\/wp\/v2\/product_brand?post=59464"},{"taxonomy":"product_cat","embeddable":true,"href":"https:\/\/www.customeeple.com\/es\/wp-json\/wp\/v2\/product_cat?post=59464"},{"taxonomy":"product_tag","embeddable":true,"href":"https:\/\/www.customeeple.com\/es\/wp-json\/wp\/v2\/product_tag?post=59464"}],"curies":[{"name":"wp","href":"https:\/\/api.w.org\/{rel}","templated":true}]}}