{"id":59428,"date":"2021-09-18T12:02:38","date_gmt":"2021-09-18T11:02:39","guid":{"rendered":"https:\/\/www.customeeple.com\/?post_type=product&#038;p=59428"},"modified":"2021-09-25T12:22:59","modified_gmt":"2021-09-25T11:22:59","slug":"gobsprakk-the-mouth-of-mork","status":"publish","type":"product","link":"https:\/\/www.customeeple.com\/es\/producto\/gobsprakk-the-mouth-of-mork\/","title":{"rendered":"Orruk Warclans: Gobsprakk, la Boca de Morko"},"content":{"rendered":"<p>Gobsprakk, el cham\u00e1n pantanozo m\u00e1s poderozo y aztuto de todoz, recibe el ep\u00edteto de \u00abla Boca de Morko\u00bb, pues se dice que las palabras que pronuncia vienen directas del Dios de dos Cabezas. Gobsprakk no solo domina la magia con excelencia, sino que tambi\u00e9n tiene el don de la lengua, por lo que es capaz de comandar un \u00a1Waaagh! con habilidad jam\u00e1s vista. Su impresionante carisma orko incluso le ha conseguido una alianza con Kragnos, el Fin de los Imperios, lo que le da una l\u00ednea directa con los dos dioses de la Destrucci\u00f3n.<\/p>\n<p>En el campo de batalla, Gobsprakk alza el vuelo montado sobre su Buitre Dezgarrakad\u00e1verez, el sangriento Pikoazezino. Desde su asiento de altos vuelos, Gobsprakk a\u00falla \u00f3rdenes y lanza maldiciones y hechizos que da\u00f1an a sus enemigos.<\/p>\n<p>Esta juego contiene 75 piezas de pl\u00e1stico, con las que puedes montar a Gobsprakk, la Boca de Morko y a su l\u00f3brega montura, Pikoazezino; as\u00ed como una peana redonda Citadel de 130 mm. De modo alternativo, los contenidos de la caja tambi\u00e9n pueden montar un Kazike en Buitre Dezgarrakad\u00e1verez. Las miniaturas se proporcionan sin pintar y sin montar. Recomendamos usar el pegamento y las pinturas Citadel.<\/p>\n","protected":false},"excerpt":{"rendered":"<p>Games Workshop boardgame.<\/p>\n","protected":false},"featured_media":59412,"template":"","meta":{"_acf_changed":false},"product_brand":[],"product_cat":[1400,1177,1180,1372,1554,1623,1229,2133,1654],"product_tag":[1422,1710,1264,1179,1989,785],"class_list":{"0":"post-59428","1":"product","2":"type-product","3":"status-publish","4":"has-post-thumbnail","6":"product_cat-fantasia","7":"product_cat-games-workshop-es","8":"product_cat-retail-products-es","9":"product_cat-sci-fi-es","10":"product_cat-wargames-es","11":"product_cat-wargames-es-2","12":"product_cat-warhammer-40k-es","13":"product_cat-waos","14":"product_cat-warhammer-age-of-sigmar-es-2","15":"product_tag-40000-es","16":"product_tag-aos-es","17":"product_tag-boardgame-es","18":"product_tag-gamesworkshop-es","19":"product_tag-orruk-es","20":"product_tag-wargame-es-2","22":"first","23":"onbackorder","24":"sale","25":"taxable","26":"shipping-taxable","27":"purchasable","28":"product-type-simple"},"exclude_global_add_ons":[],"addons":[],"acf":[],"_links":{"self":[{"href":"https:\/\/www.customeeple.com\/es\/wp-json\/wp\/v2\/product\/59428","targetHints":{"allow":["GET"]}}],"collection":[{"href":"https:\/\/www.customeeple.com\/es\/wp-json\/wp\/v2\/product"}],"about":[{"href":"https:\/\/www.customeeple.com\/es\/wp-json\/wp\/v2\/types\/product"}],"wp:featuredmedia":[{"embeddable":true,"href":"https:\/\/www.customeeple.com\/es\/wp-json\/wp\/v2\/media\/59412"}],"wp:attachment":[{"href":"https:\/\/www.customeeple.com\/es\/wp-json\/wp\/v2\/media?parent=59428"}],"wp:term":[{"taxonomy":"product_brand","embeddable":true,"href":"https:\/\/www.customeeple.com\/es\/wp-json\/wp\/v2\/product_brand?post=59428"},{"taxonomy":"product_cat","embeddable":true,"href":"https:\/\/www.customeeple.com\/es\/wp-json\/wp\/v2\/product_cat?post=59428"},{"taxonomy":"product_tag","embeddable":true,"href":"https:\/\/www.customeeple.com\/es\/wp-json\/wp\/v2\/product_tag?post=59428"}],"curies":[{"name":"wp","href":"https:\/\/api.w.org\/{rel}","templated":true}]}}