{"id":59426,"date":"2021-09-18T12:01:50","date_gmt":"2021-09-18T11:01:50","guid":{"rendered":"https:\/\/www.customeeple.com\/?post_type=product&#038;p=59426"},"modified":"2021-09-25T12:22:52","modified_gmt":"2021-09-25T11:22:52","slug":"swampboss-skumdrekk","status":"publish","type":"product","link":"https:\/\/www.customeeple.com\/es\/producto\/swampboss-skumdrekk\/","title":{"rendered":"Orruk Warclans: Jefe Pantanozo Skumdrekk"},"content":{"rendered":"<p>De todos los Jefez Trinkadorez, Skumdrekk es el m\u00e1s malvado y aztuto. Como tal, se ha convertido en una celebridad entre los Mandamaloz de Ghur. Es el propietario de la Caza de fieraz Vaztozombr\u00edo, un enorme cenagal pantanoso que sirve como prisi\u00f3n de centenares de bestias violentas y extra\u00f1as. El Jefe Trinkador Skumdrekk es una leyenda viva. Se lanza a la batalla con su conquista m\u00e1s preciada, Garrazuelta, la beztia arraztrafangoz que adiestr\u00f3 cuando era un joven orruk.<\/p>\n<p>Skumdrekk y Garrazuelta encarnan la audacia de la batalla. Emergen de su escondite en las escaramuzas, secuestran a los desgraciados en su camino y masacran a los que se resiste con un hurac\u00e1n combinado de paloz ke trinkan, garras venenosas y mand\u00edbulas podridas. Skumdrekk no solo es una fuerza de la naturaleza en la guerra y un avezado comandante Mandamalo, sino que adem\u00e1s es conocido por tomar riesgos, y suele estar acompa\u00f1ado en el campo de batalla por su Panda\u2019 Kontadorez, una banda de Hobgrotz que apuestan con alegr\u00eda cu\u00e1l de sus aliados ser\u00e1 el primero en caer.<\/p>\n<p>En el interior de esta caja encontrar\u00e1s 66 piezas de pl\u00e1stico, con las que montar un Jefe Pantanozo Skumdrekk, y una peana ovalada grande. La miniatura tambi\u00e9n puede montarse como Jefe Trinkador en Beztia Arraztrafangoz. La miniatura viene sin montar y sin pintar. Recomendamos usar el pegamento y las pinturas Citadel.<\/p>\n","protected":false},"excerpt":{"rendered":"<p>Games Workshop accesories.<\/p>\n","protected":false},"featured_media":59416,"template":"","meta":{"_acf_changed":false},"product_brand":[],"product_cat":[1400,1177,1180,1654],"product_tag":[1178,1179,1943,1989],"class_list":{"0":"post-59426","1":"product","2":"type-product","3":"status-publish","4":"has-post-thumbnail","6":"product_cat-fantasia","7":"product_cat-games-workshop-es","8":"product_cat-retail-products-es","9":"product_cat-warhammer-age-of-sigmar-es-2","10":"product_tag-ageofsigmar-es","11":"product_tag-gamesworkshop-es","12":"product_tag-gw-es","13":"product_tag-orruk-es","15":"first","16":"onbackorder","17":"sale","18":"taxable","19":"shipping-taxable","20":"purchasable","21":"product-type-simple"},"exclude_global_add_ons":[],"addons":[],"acf":[],"_links":{"self":[{"href":"https:\/\/www.customeeple.com\/es\/wp-json\/wp\/v2\/product\/59426","targetHints":{"allow":["GET"]}}],"collection":[{"href":"https:\/\/www.customeeple.com\/es\/wp-json\/wp\/v2\/product"}],"about":[{"href":"https:\/\/www.customeeple.com\/es\/wp-json\/wp\/v2\/types\/product"}],"wp:featuredmedia":[{"embeddable":true,"href":"https:\/\/www.customeeple.com\/es\/wp-json\/wp\/v2\/media\/59416"}],"wp:attachment":[{"href":"https:\/\/www.customeeple.com\/es\/wp-json\/wp\/v2\/media?parent=59426"}],"wp:term":[{"taxonomy":"product_brand","embeddable":true,"href":"https:\/\/www.customeeple.com\/es\/wp-json\/wp\/v2\/product_brand?post=59426"},{"taxonomy":"product_cat","embeddable":true,"href":"https:\/\/www.customeeple.com\/es\/wp-json\/wp\/v2\/product_cat?post=59426"},{"taxonomy":"product_tag","embeddable":true,"href":"https:\/\/www.customeeple.com\/es\/wp-json\/wp\/v2\/product_tag?post=59426"}],"curies":[{"name":"wp","href":"https:\/\/api.w.org\/{rel}","templated":true}]}}