{"id":59424,"date":"2021-09-18T11:49:29","date_gmt":"2021-09-18T10:49:29","guid":{"rendered":"https:\/\/www.customeeple.com\/?post_type=product&#038;p=59424"},"modified":"2021-09-25T12:22:56","modified_gmt":"2021-09-25T11:22:56","slug":"gutrippaz","status":"publish","type":"product","link":"https:\/\/www.customeeple.com\/es\/producto\/gutrippaz\/","title":{"rendered":"Orruk Warclans: Zakatripaz"},"content":{"rendered":"<p>Armados con un surtido de lanzas serradas y armas de mano endiabladamente afiladas, los Zakatripaz son un elemento esencial de un ej\u00e9rcito Mandamalo. Entran en la batalla en falanges improvisadas entre las que destacan sus zuztokudoz con una mueca amenazadora, envueltos por las neblinas m\u00e1gicas invocadas por los Chamanez Pantanozoz, que asustan a los oponentes menores y a las bestias m\u00e1s bobas antes incluso de empezar a luchar.<\/p>\n<p>En el campo de batalla, superan a sus oponentes con un maremoto de cortes y pu\u00f1aladas de sus espadas, embadurnadas de mejunjes asquerosos y toxinas naturales, aunque lo que m\u00e1s les gusta es infundir el miedo en el coraz\u00f3n de sus enemigos con sus gritos de guerra, que hacen perder el sentido, y sus artima\u00f1as, lo que hace que sea mucho m\u00e1s dif\u00edcil darles caza en el combate.<\/p>\n<p>Esta caja multiparte de pl\u00e1stico contiene 100 piezas, con las que podr\u00e1s montar 10 Zakatripaz armados o bien con pinchadores krueles o bien con dezmembradoras krueles, adem\u00e1s de un zuztozkudo que exhibe una amenazadora mueca. Esta caja te ofrece una variedad inigualable, pues las cabezas, las armas y los escudos son intercambiables entre todas las miniaturas, lo que significa que nunca te quedar\u00e1s sin combinaciones que probar.<\/p>\n<p>La caja tambi\u00e9n permite montar un Jefe Zakatripaz, un estandarte Zakatripaz y uno de dos tipos de m\u00fasicos Zakatripaz. En el interior adem\u00e1s encontrar\u00e1s 10 peanas redondas Citadel de 32 mm. Las miniaturas se proporcionan sin pintar y sin montar. Recomendamos usar el pegamento y las pinturas Citadel.<\/p>\n","protected":false},"excerpt":{"rendered":"<p>Games Workshop accesories.<\/p>\n","protected":false},"featured_media":59416,"template":"","meta":{"_acf_changed":false},"product_brand":[],"product_cat":[1400,1177,1180,1654],"product_tag":[1178,1179,1943,1989],"class_list":{"0":"post-59424","1":"product","2":"type-product","3":"status-publish","4":"has-post-thumbnail","6":"product_cat-fantasia","7":"product_cat-games-workshop-es","8":"product_cat-retail-products-es","9":"product_cat-warhammer-age-of-sigmar-es-2","10":"product_tag-ageofsigmar-es","11":"product_tag-gamesworkshop-es","12":"product_tag-gw-es","13":"product_tag-orruk-es","15":"first","16":"onbackorder","17":"sale","18":"taxable","19":"shipping-taxable","20":"purchasable","21":"product-type-simple"},"exclude_global_add_ons":[],"addons":[],"acf":[],"_links":{"self":[{"href":"https:\/\/www.customeeple.com\/es\/wp-json\/wp\/v2\/product\/59424","targetHints":{"allow":["GET"]}}],"collection":[{"href":"https:\/\/www.customeeple.com\/es\/wp-json\/wp\/v2\/product"}],"about":[{"href":"https:\/\/www.customeeple.com\/es\/wp-json\/wp\/v2\/types\/product"}],"wp:featuredmedia":[{"embeddable":true,"href":"https:\/\/www.customeeple.com\/es\/wp-json\/wp\/v2\/media\/59416"}],"wp:attachment":[{"href":"https:\/\/www.customeeple.com\/es\/wp-json\/wp\/v2\/media?parent=59424"}],"wp:term":[{"taxonomy":"product_brand","embeddable":true,"href":"https:\/\/www.customeeple.com\/es\/wp-json\/wp\/v2\/product_brand?post=59424"},{"taxonomy":"product_cat","embeddable":true,"href":"https:\/\/www.customeeple.com\/es\/wp-json\/wp\/v2\/product_cat?post=59424"},{"taxonomy":"product_tag","embeddable":true,"href":"https:\/\/www.customeeple.com\/es\/wp-json\/wp\/v2\/product_tag?post=59424"}],"curies":[{"name":"wp","href":"https:\/\/api.w.org\/{rel}","templated":true}]}}