{"id":59369,"date":"2021-09-11T12:03:05","date_gmt":"2021-09-11T11:03:07","guid":{"rendered":"https:\/\/www.customeeple.com\/?post_type=product&#038;p=59369"},"modified":"2021-09-18T11:41:49","modified_gmt":"2021-09-18T10:41:49","slug":"stormcast-eternals-stormstrike-chariot-pre-order","status":"publish","type":"product","link":"https:\/\/www.customeeple.com\/es\/producto\/stormcast-eternals-stormstrike-chariot-pre-order\/","title":{"rendered":"Stormcast Eternals: Carro Azotatormentas"},"content":{"rendered":"<p>Los Carros Azotatormentas son las unidades especializadas rompel\u00edneas de los Forjados en la Tormenta. Tirados por grifocorceles especialmente criados, estos carros son lo bastante r\u00e1pidos para evitar el fuego enemigo y, a cambio, responden con cargas poderosas o un apoyo atronador de largo alcance.<\/p>\n<p>El propio Carro Azotatormentas lleva la marca del propio Grungni del creador y se asemeja a los escudos que manejan los Vindicadores. Sus jinetes llevan una variante m\u00e1s ligera \u00fanica de la nueva armadura atronadora. Mientras que el conductor est\u00e1 armado con un hacha golpetormenta, el pasajero Forjado puede montarse para que empu\u00f1e un arco largo tormentoso o una lanza tempestuosa.<\/p>\n<p>Este caja de ajuste r\u00e1pido incluye 32 piezas con las que puedes montar un Carro Azotatormentas para los ej\u00e9rcitos de Forjados en la Tormenta de Warhammer Age of Sigmar.\u00a0Estas miniaturas se suministran sin pintar y requieren ensamblaje; recomendamos usar Pegamento para pl\u00e1stico Citadel y pinturas Citadel.<\/p>\n","protected":false},"excerpt":{"rendered":"<p>Games Workshop miniatures.<\/p>\n","protected":false},"featured_media":59337,"template":"","meta":{"_acf_changed":false},"product_brand":[],"product_cat":[1400,1177,1180,1654],"product_tag":[1535,1710,1179,1882],"class_list":{"0":"post-59369","1":"product","2":"type-product","3":"status-publish","4":"has-post-thumbnail","6":"product_cat-fantasia","7":"product_cat-games-workshop-es","8":"product_cat-retail-products-es","9":"product_cat-warhammer-age-of-sigmar-es-2","10":"product_tag-age-of-sigmar-es","11":"product_tag-aos-es","12":"product_tag-gamesworkshop-es","13":"product_tag-stormcast-es","15":"first","16":"onbackorder","17":"sale","18":"taxable","19":"shipping-taxable","20":"purchasable","21":"product-type-simple"},"exclude_global_add_ons":[],"addons":[],"acf":[],"_links":{"self":[{"href":"https:\/\/www.customeeple.com\/es\/wp-json\/wp\/v2\/product\/59369","targetHints":{"allow":["GET"]}}],"collection":[{"href":"https:\/\/www.customeeple.com\/es\/wp-json\/wp\/v2\/product"}],"about":[{"href":"https:\/\/www.customeeple.com\/es\/wp-json\/wp\/v2\/types\/product"}],"wp:featuredmedia":[{"embeddable":true,"href":"https:\/\/www.customeeple.com\/es\/wp-json\/wp\/v2\/media\/59337"}],"wp:attachment":[{"href":"https:\/\/www.customeeple.com\/es\/wp-json\/wp\/v2\/media?parent=59369"}],"wp:term":[{"taxonomy":"product_brand","embeddable":true,"href":"https:\/\/www.customeeple.com\/es\/wp-json\/wp\/v2\/product_brand?post=59369"},{"taxonomy":"product_cat","embeddable":true,"href":"https:\/\/www.customeeple.com\/es\/wp-json\/wp\/v2\/product_cat?post=59369"},{"taxonomy":"product_tag","embeddable":true,"href":"https:\/\/www.customeeple.com\/es\/wp-json\/wp\/v2\/product_tag?post=59369"}],"curies":[{"name":"wp","href":"https:\/\/api.w.org\/{rel}","templated":true}]}}