{"id":59367,"date":"2021-09-11T11:59:07","date_gmt":"2021-09-11T10:59:08","guid":{"rendered":"https:\/\/www.customeeple.com\/?post_type=product&#038;p=59367"},"modified":"2021-09-18T11:41:56","modified_gmt":"2021-09-18T10:41:56","slug":"breaka-boss-on-mirebrute-troggoth","status":"publish","type":"product","link":"https:\/\/www.customeeple.com\/es\/producto\/breaka-boss-on-mirebrute-troggoth\/","title":{"rendered":"Orruk Warclans: Jefe Domador en Troggoth Lodoso"},"content":{"rendered":"<p>Los l\u00edderes Mandamaloz m\u00e1s despiadados a menudo llegan al campo de batalla montados en un Troggoth Lodoso que han conseguido domar. Estas enormes bestias aparecen dando zancadas y blandiendo toscos garrotes y todo tipo de deshecho natural con el que machacar a sus enemigos. Si no rinde adecuadamente, el Jefe Domador le arrea un buen golpeazo con su bidente de conductor para azuzarlos hasta alcanzar el frenes\u00ed.<\/p>\n<p>El Jefe Domador en Troggoth Lodoso es una fant\u00e1stica incorporaci\u00f3n para cualquier ej\u00e9rcito de Mandamaloz. El jefe dirige a su monstruo al campo de batalla, y juntos son capaces de destrozar infanter\u00eda y H\u00e9roe enemigos con facilidad. Los Jefes Domadores ostentan su rango entre los Mandamaloz cubriendo a su montura con macabros trofeos y trapos h\u00famedos, y atavi\u00e1ndose con una pechera protectora que representa a Kragnos como una bestia c\u00edclope.<\/p>\n<p>Esta caja de 24 piezas de montaje a presi\u00f3n monta 1 Jefe Domador en Troggoth Lodoso, con opcioens de cabeza para el jefe y su montura.\u00a0Esta miniatura se suministra sin pintar y requiere ensamblaje; recomendamos usar Pegamento para pl\u00e1stico Citadel y pinturas Citadel.<\/p>\n","protected":false},"excerpt":{"rendered":"<p>Games Workshop accesories.<\/p>\n","protected":false},"featured_media":59341,"template":"","meta":{"_acf_changed":false},"product_brand":[],"product_cat":[1400,1177,1180,1654],"product_tag":[1178,1179,1943,1989],"class_list":{"0":"post-59367","1":"product","2":"type-product","3":"status-publish","4":"has-post-thumbnail","6":"product_cat-fantasia","7":"product_cat-games-workshop-es","8":"product_cat-retail-products-es","9":"product_cat-warhammer-age-of-sigmar-es-2","10":"product_tag-ageofsigmar-es","11":"product_tag-gamesworkshop-es","12":"product_tag-gw-es","13":"product_tag-orruk-es","15":"first","16":"onbackorder","17":"sale","18":"taxable","19":"shipping-taxable","20":"purchasable","21":"product-type-simple"},"exclude_global_add_ons":[],"addons":[],"acf":[],"_links":{"self":[{"href":"https:\/\/www.customeeple.com\/es\/wp-json\/wp\/v2\/product\/59367","targetHints":{"allow":["GET"]}}],"collection":[{"href":"https:\/\/www.customeeple.com\/es\/wp-json\/wp\/v2\/product"}],"about":[{"href":"https:\/\/www.customeeple.com\/es\/wp-json\/wp\/v2\/types\/product"}],"wp:featuredmedia":[{"embeddable":true,"href":"https:\/\/www.customeeple.com\/es\/wp-json\/wp\/v2\/media\/59341"}],"wp:attachment":[{"href":"https:\/\/www.customeeple.com\/es\/wp-json\/wp\/v2\/media?parent=59367"}],"wp:term":[{"taxonomy":"product_brand","embeddable":true,"href":"https:\/\/www.customeeple.com\/es\/wp-json\/wp\/v2\/product_brand?post=59367"},{"taxonomy":"product_cat","embeddable":true,"href":"https:\/\/www.customeeple.com\/es\/wp-json\/wp\/v2\/product_cat?post=59367"},{"taxonomy":"product_tag","embeddable":true,"href":"https:\/\/www.customeeple.com\/es\/wp-json\/wp\/v2\/product_tag?post=59367"}],"curies":[{"name":"wp","href":"https:\/\/api.w.org\/{rel}","templated":true}]}}