{"id":59365,"date":"2021-09-11T11:48:41","date_gmt":"2021-09-11T10:48:43","guid":{"rendered":"https:\/\/www.customeeple.com\/?post_type=product&#038;p=59365"},"modified":"2021-09-18T11:42:05","modified_gmt":"2021-09-18T10:42:05","slug":"knight-judicator-with-gryph-hounds","status":"publish","type":"product","link":"https:\/\/www.customeeple.com\/es\/producto\/knight-judicator-with-gryph-hounds\/","title":{"rendered":"Stormcast Eternals: Caballero Ajusticiador con Grifomastines"},"content":{"rendered":"<p>El Caballero Ajusticiador de ojos de \u00e1guila es un oficial del C\u00f3nclave Angelos que empu\u00f1a el aterrador arco largo t\u00e9rminus, un arma gigantesca que puede derribar al m\u00e1s poderoso de los enemigos desde lejos del campo de batalla. Sus fieles Grifomastines act\u00faan como protectores, protegi\u00e9ndolo de las amenazas entrantes y persiguiendo a los enemigos que se acercan demasiado.<\/p>\n<p>Con la variante m\u00e1s ligera de la nueva armadura atronadora y adornado con una marca de bestia que representa el rostro de un \u00e1guila, el Caballero Ajusticiador est\u00e1 encaramado en una pieza de escenograf\u00eda mientras tensa hacia atr\u00e1s la cuerda de su potente arco. Dos Grifomastines saltan hacia un enemigo cercano mientras lo interceptan.<\/p>\n<p>Este caja con miniaturas de ajuste a presi\u00f3n incluye 17 piezas con las que puedes montar un Knight-Judicator con dos opciones de cabeza. La caja tambi\u00e9n incluye 2x Gryph-hounds y se suministra con 1x peana ovalada de 90 mm y 2x peanas redondas de 40 mm. Estas miniaturas se suministran sin pintar y requieren montaje; recomendamos usar Pegamento para pl\u00e1stico Citadel y pinturas Citadel.<\/p>\n","protected":false},"excerpt":{"rendered":"<p>Games Workshop accesories.<\/p>\n","protected":false},"featured_media":59335,"template":"","meta":{"_acf_changed":false},"product_brand":[],"product_cat":[1400,1177,1180,1654],"product_tag":[1178,1179,1943,1882],"class_list":{"0":"post-59365","1":"product","2":"type-product","3":"status-publish","4":"has-post-thumbnail","6":"product_cat-fantasia","7":"product_cat-games-workshop-es","8":"product_cat-retail-products-es","9":"product_cat-warhammer-age-of-sigmar-es-2","10":"product_tag-ageofsigmar-es","11":"product_tag-gamesworkshop-es","12":"product_tag-gw-es","13":"product_tag-stormcast-es","15":"first","16":"onbackorder","17":"sale","18":"taxable","19":"shipping-taxable","20":"purchasable","21":"product-type-simple"},"exclude_global_add_ons":[],"addons":[],"acf":[],"_links":{"self":[{"href":"https:\/\/www.customeeple.com\/es\/wp-json\/wp\/v2\/product\/59365","targetHints":{"allow":["GET"]}}],"collection":[{"href":"https:\/\/www.customeeple.com\/es\/wp-json\/wp\/v2\/product"}],"about":[{"href":"https:\/\/www.customeeple.com\/es\/wp-json\/wp\/v2\/types\/product"}],"wp:featuredmedia":[{"embeddable":true,"href":"https:\/\/www.customeeple.com\/es\/wp-json\/wp\/v2\/media\/59335"}],"wp:attachment":[{"href":"https:\/\/www.customeeple.com\/es\/wp-json\/wp\/v2\/media?parent=59365"}],"wp:term":[{"taxonomy":"product_brand","embeddable":true,"href":"https:\/\/www.customeeple.com\/es\/wp-json\/wp\/v2\/product_brand?post=59365"},{"taxonomy":"product_cat","embeddable":true,"href":"https:\/\/www.customeeple.com\/es\/wp-json\/wp\/v2\/product_cat?post=59365"},{"taxonomy":"product_tag","embeddable":true,"href":"https:\/\/www.customeeple.com\/es\/wp-json\/wp\/v2\/product_tag?post=59365"}],"curies":[{"name":"wp","href":"https:\/\/api.w.org\/{rel}","templated":true}]}}