{"id":59288,"date":"2021-09-04T13:42:14","date_gmt":"2021-09-04T12:42:14","guid":{"rendered":"https:\/\/www.customeeple.com\/?post_type=product&#038;p=59288"},"modified":"2021-09-11T11:20:08","modified_gmt":"2021-09-11T10:20:08","slug":"zodgrod-wortsnagga","status":"publish","type":"product","link":"https:\/\/www.customeeple.com\/es\/producto\/zodgrod-wortsnagga\/","title":{"rendered":"Zogrod Verrugozgrod"},"content":{"rendered":"<p>Zogrod Verrugozgrod lidera a sus z\u00faperkanijos en el campo de batalla armado con su atrapakuelloz chisporroteante. Lo que m\u00e1s hace feliz a este lun\u00e1tico irascible es enfrentarse a enemigos especialmente grandes y violentos, contra los que suele lanzar agujas de su Duermegarrapatoz N\u00famero 5, las cuales entierran al oponente bajo un enjambre de monstruitos min\u00fasculos.<\/p>\n<p>Lidera a tus Orkos en la batalla con el legendario Kaporal Zogrod Verrugozgrod. No solo es un fant\u00e1stico multiplicador de fuerza para tus Gretchins, sino que adem\u00e1s te ayuda a poner a los monstruos enemigos en su sitio y lleva un garrapato capilar al \u00faltimo grito. Como con todos los Trinkabeztiaz, es un terremoto en el combate cuerpo a cuerpo, y su atrapador ezpezial sorprender\u00e1 a m\u00e1s de un enemigo desprevenido.<\/p>\n<p>Este juego de 12 piezas de pl\u00e1stico te permite montar un Zogrod Verrugozgrod y viene suministrado con una peana redonda Citadel de 50 mm.<\/p>\n<p>La miniatura viene sin pintar y sin montar. Recomendamos usar pegamento y pinturas Citadel.<\/p>\n","protected":false},"excerpt":{"rendered":"<p>Games Workshop Miniature.<\/p>\n","protected":false},"featured_media":59256,"template":"","meta":{"_acf_changed":false},"product_brand":[],"product_cat":[1177,1180,1372,1623,1229],"product_tag":[1939,1179,1943,1738],"class_list":{"0":"post-59288","1":"product","2":"type-product","3":"status-publish","4":"has-post-thumbnail","6":"product_cat-games-workshop-es","7":"product_cat-retail-products-es","8":"product_cat-sci-fi-es","9":"product_cat-wargames-es-2","10":"product_cat-warhammer-40k-es","11":"product_tag-games-workshop-es","12":"product_tag-gamesworkshop-es","13":"product_tag-gw-es","14":"product_tag-orks-es","16":"first","17":"onbackorder","18":"sale","19":"taxable","20":"shipping-taxable","21":"purchasable","22":"product-type-simple"},"exclude_global_add_ons":[],"addons":[],"acf":[],"_links":{"self":[{"href":"https:\/\/www.customeeple.com\/es\/wp-json\/wp\/v2\/product\/59288","targetHints":{"allow":["GET"]}}],"collection":[{"href":"https:\/\/www.customeeple.com\/es\/wp-json\/wp\/v2\/product"}],"about":[{"href":"https:\/\/www.customeeple.com\/es\/wp-json\/wp\/v2\/types\/product"}],"wp:featuredmedia":[{"embeddable":true,"href":"https:\/\/www.customeeple.com\/es\/wp-json\/wp\/v2\/media\/59256"}],"wp:attachment":[{"href":"https:\/\/www.customeeple.com\/es\/wp-json\/wp\/v2\/media?parent=59288"}],"wp:term":[{"taxonomy":"product_brand","embeddable":true,"href":"https:\/\/www.customeeple.com\/es\/wp-json\/wp\/v2\/product_brand?post=59288"},{"taxonomy":"product_cat","embeddable":true,"href":"https:\/\/www.customeeple.com\/es\/wp-json\/wp\/v2\/product_cat?post=59288"},{"taxonomy":"product_tag","embeddable":true,"href":"https:\/\/www.customeeple.com\/es\/wp-json\/wp\/v2\/product_tag?post=59288"}],"curies":[{"name":"wp","href":"https:\/\/api.w.org\/{rel}","templated":true}]}}