{"id":59284,"date":"2021-09-04T13:41:39","date_gmt":"2021-09-04T12:41:39","guid":{"rendered":"https:\/\/www.customeeple.com\/?post_type=product&#038;p=59284"},"modified":"2026-03-25T11:54:53","modified_gmt":"2026-03-25T10:54:53","slug":"ork-beast-snagga-boyz","status":"publish","type":"product","link":"https:\/\/www.customeeple.com\/es\/producto\/ork-beast-snagga-boyz\/","title":{"rendered":"Chikoz Trinkabeztiaz"},"content":{"rendered":"<p>Muchos Orkos se dedican a perseguir una obsesi\u00f3n por encima de todas las dem\u00e1s, y para los Trinkabeztiaz es la emoci\u00f3n de la caza. Su aspecto musculoso y lleno de cicatrices habla de toda una vida dedicada a lidiar con bestias horribles y a enfrentarse a los enemigos m\u00e1s grandes que puedan encontrar, arrastrando a sus presas antes de despedazarlas con brutales rebanadoraz. Los Chikoz Trinkabeztiaz se lanzan al campo de batalla a pie en grandes pe\u00f1az, arrollando las l\u00edneas enemigas en una marea de violencia primitiva y poco sofisticada.<\/p>\n<p>Con este kit puedes montar 10 Chikoz Trinkabeztiaz, una opci\u00f3n de Tropa fuerte y resistente para tu ej\u00e9rcito de Orkos. Como tropas de a pie de la subcultura de los Trinkabeztiaz, son perfectos para avanzar por el campo de batalla como un s\u00f3lido muro de m\u00fasculo y agresividad, arrollando directamente a las fuerzas de tu oponente. Los Chikoz van armados con piztolaz y rebanadoraz, mientras que uno de ellos puede montarse como l\u00edder de la unidad Noble con una pinza d\u2019energ\u00eda. Tambi\u00e9n tienes la opci\u00f3n de montar un Chiko Trinkabeztiaz con un morktero, un arma rudimentaria que dispara proyectiles explosivos como balas de ca\u00f1\u00f3n a las filas enemigas.<\/p>\n<p>Este kit consta de 87 piezas de pl\u00e1stico y se suministra con 10 peanas redondas Citadel de 32 mm y 1 hoja de calcoman\u00edas Orkas. Estas miniaturas se suministran sin pintar y requieren montaje. Te recomendamos utilizar pegamento para pl\u00e1stico Citadel y pinturas Citadel<\/p>\n","protected":false},"excerpt":{"rendered":"<p>Games Workshop Miniature.<\/p>\n","protected":false},"featured_media":59258,"template":"","meta":{"_acf_changed":false},"product_brand":[],"product_cat":[1177,1180,1372,1623,1229],"product_tag":[1787,1179,1943,1738,787],"class_list":{"0":"post-59284","1":"product","2":"type-product","3":"status-publish","4":"has-post-thumbnail","6":"product_cat-games-workshop-es","7":"product_cat-retail-products-es","8":"product_cat-sci-fi-es","9":"product_cat-wargames-es-2","10":"product_cat-warhammer-40k-es","11":"product_tag-40k-es","12":"product_tag-gamesworkshop-es","13":"product_tag-gw-es","14":"product_tag-orks-es","15":"product_tag-warhammer-40k-es-2","17":"first","18":"onbackorder","19":"sale","20":"taxable","21":"shipping-taxable","22":"purchasable","23":"product-type-simple"},"exclude_global_add_ons":[],"addons":[],"acf":[],"_links":{"self":[{"href":"https:\/\/www.customeeple.com\/es\/wp-json\/wp\/v2\/product\/59284","targetHints":{"allow":["GET"]}}],"collection":[{"href":"https:\/\/www.customeeple.com\/es\/wp-json\/wp\/v2\/product"}],"about":[{"href":"https:\/\/www.customeeple.com\/es\/wp-json\/wp\/v2\/types\/product"}],"wp:featuredmedia":[{"embeddable":true,"href":"https:\/\/www.customeeple.com\/es\/wp-json\/wp\/v2\/media\/59258"}],"wp:attachment":[{"href":"https:\/\/www.customeeple.com\/es\/wp-json\/wp\/v2\/media?parent=59284"}],"wp:term":[{"taxonomy":"product_brand","embeddable":true,"href":"https:\/\/www.customeeple.com\/es\/wp-json\/wp\/v2\/product_brand?post=59284"},{"taxonomy":"product_cat","embeddable":true,"href":"https:\/\/www.customeeple.com\/es\/wp-json\/wp\/v2\/product_cat?post=59284"},{"taxonomy":"product_tag","embeddable":true,"href":"https:\/\/www.customeeple.com\/es\/wp-json\/wp\/v2\/product_tag?post=59284"}],"curies":[{"name":"wp","href":"https:\/\/api.w.org\/{rel}","templated":true}]}}