{"id":59282,"date":"2021-09-04T13:32:51","date_gmt":"2021-09-04T12:32:51","guid":{"rendered":"https:\/\/www.customeeple.com\/?post_type=product&#038;p=59282"},"modified":"2025-03-01T12:07:54","modified_gmt":"2025-03-01T11:07:54","slug":"battlewagon","status":"publish","type":"product","link":"https:\/\/www.customeeple.com\/es\/producto\/battlewagon\/","title":{"rendered":"Karro de guerra"},"content":{"rendered":"<p>No hay dos Karros de Guerra iguales, ya que los Mek\u00e1nikoz que los construyen no pueden resistirse a improvisar placas de blindaje, arietes de embestida, dakka variado y kachivachez al azar. Sin embargo, todos son robustos tanques de transporte con la capacidad de llevar un gran n\u00famero de furiosos Orkos a la batalla mientras les da igual lo peor que el enemigo pueda lanzarles.<\/p>\n<p>Lleva a tus Chikoz a la batalla con estilo en un Carro de Guerra, la \u00faltima palabra en fortalezas m\u00f3viles para cualquier Kaudillo exigente. Adem\u00e1s de ser una incre\u00edble opci\u00f3n de transporte, tambi\u00e9n puedes atornillarle un mont\u00f3n de opciones de armamento para que puedas disparar, aplastar y machacar a tus enemigos mientras llevas a tus Chikoz exactamente a donde tienen que estar.<\/p>\n<p>Este kit de pl\u00e1stico de 135 piezas te permite montar hace un Karro de Guerra. El kit incluye opciones para un akribillador pezado, un ka\u00f1\u00f3n, un ka\u00f1\u00f3n matam\u00e1z, un lanzador, un ka\u00f1\u00f3n zzap, una apisonadora de muette, una garra mek\u00e1nika y una bola de demolizi\u00f3n, y puede montarse alternativamente como un Tronchahuezoz o un Karroka\u00f1\u00f3n.<\/p>\n<p>Esta miniaturas se suministra sin pintar y requiere montaje. Te recomendamos utilizar pegamento para pl\u00e1stico Citadel y pinturas Citadel.<\/p>\n","protected":false},"excerpt":{"rendered":"<p>Games Workshop miniature.<\/p>\n","protected":false},"featured_media":59262,"template":"","meta":{"_acf_changed":false},"product_brand":[],"product_cat":[1177,1180,1623,1229],"product_tag":[1787,1179,1738,787],"class_list":{"0":"post-59282","1":"product","2":"type-product","3":"status-publish","4":"has-post-thumbnail","6":"product_cat-games-workshop-es","7":"product_cat-retail-products-es","8":"product_cat-wargames-es-2","9":"product_cat-warhammer-40k-es","10":"product_tag-40k-es","11":"product_tag-gamesworkshop-es","12":"product_tag-orks-es","13":"product_tag-warhammer-40k-es-2","15":"first","16":"onbackorder","17":"sale","18":"taxable","19":"shipping-taxable","20":"purchasable","21":"product-type-simple"},"exclude_global_add_ons":[],"addons":[],"acf":[],"_links":{"self":[{"href":"https:\/\/www.customeeple.com\/es\/wp-json\/wp\/v2\/product\/59282","targetHints":{"allow":["GET"]}}],"collection":[{"href":"https:\/\/www.customeeple.com\/es\/wp-json\/wp\/v2\/product"}],"about":[{"href":"https:\/\/www.customeeple.com\/es\/wp-json\/wp\/v2\/types\/product"}],"wp:featuredmedia":[{"embeddable":true,"href":"https:\/\/www.customeeple.com\/es\/wp-json\/wp\/v2\/media\/59262"}],"wp:attachment":[{"href":"https:\/\/www.customeeple.com\/es\/wp-json\/wp\/v2\/media?parent=59282"}],"wp:term":[{"taxonomy":"product_brand","embeddable":true,"href":"https:\/\/www.customeeple.com\/es\/wp-json\/wp\/v2\/product_brand?post=59282"},{"taxonomy":"product_cat","embeddable":true,"href":"https:\/\/www.customeeple.com\/es\/wp-json\/wp\/v2\/product_cat?post=59282"},{"taxonomy":"product_tag","embeddable":true,"href":"https:\/\/www.customeeple.com\/es\/wp-json\/wp\/v2\/product_tag?post=59282"}],"curies":[{"name":"wp","href":"https:\/\/api.w.org\/{rel}","templated":true}]}}