{"id":59280,"date":"2021-09-04T13:31:30","date_gmt":"2021-09-04T12:31:31","guid":{"rendered":"https:\/\/www.customeeple.com\/?post_type=product&#038;p=59280"},"modified":"2021-09-11T11:21:33","modified_gmt":"2021-09-11T10:21:33","slug":"biged-bossbunka","status":"publish","type":"product","link":"https:\/\/www.customeeple.com\/es\/producto\/biged-bossbunka\/","title":{"rendered":"Kabezab\u00fanker"},"content":{"rendered":"<p>Los Kaudillos Orkos solo se quedan quietos por dos razones. Una, cuando le est\u00e1n dado una buena tunda a un enemigo o a un pobre grot; otra, cuando est\u00e1n d\u00e1ndole un discurso inspirador a sus chikoz para que machaquen al enemigo. El Cabezab\u00fanker es el sitio perfecto en el gritar gracias a su sistema de megafon\u00eda, de volumen hipohuracanado.<\/p>\n<p>Construido a partir de la cabeza de un Gargante Orko, la Kabezab\u00fanker proporciona a tu Kaudillo una forma de dirigir a los numerosos y alborotadores Chikoz bajo su mando. Si se portan mal, o si alguien intenta desbancarlo, tendr\u00e1n que enfrentarse a los disparos de su akribillador pezado y a la Mirada de Gorko, un arma construida a partir de un motor a reacci\u00f3n que ha sido clavado en uno de los ojos del Gargante.<\/p>\n<p>Este kit de pl\u00e1stico multicomponente consta de 27 piezas con las que puedes montar un Kabezab\u00fanker. Esta miniatura se suministra sin pintar y requiere montaje. Te recomendamos utilizar pegamento para pl\u00e1stico Citadel y pinturas Citadel.<\/p>\n","protected":false},"excerpt":{"rendered":"<p>Games Workshop miniature.<\/p>\n","protected":false},"featured_media":59272,"template":"","meta":{"_acf_changed":false},"product_brand":[],"product_cat":[1177,1180,1372,1623,1229],"product_tag":[1179,1738,787],"class_list":{"0":"post-59280","1":"product","2":"type-product","3":"status-publish","4":"has-post-thumbnail","6":"product_cat-games-workshop-es","7":"product_cat-retail-products-es","8":"product_cat-sci-fi-es","9":"product_cat-wargames-es-2","10":"product_cat-warhammer-40k-es","11":"product_tag-gamesworkshop-es","12":"product_tag-orks-es","13":"product_tag-warhammer-40k-es-2","15":"first","16":"onbackorder","17":"sale","18":"taxable","19":"shipping-taxable","20":"purchasable","21":"product-type-simple"},"exclude_global_add_ons":[],"addons":[],"acf":[],"_links":{"self":[{"href":"https:\/\/www.customeeple.com\/es\/wp-json\/wp\/v2\/product\/59280","targetHints":{"allow":["GET"]}}],"collection":[{"href":"https:\/\/www.customeeple.com\/es\/wp-json\/wp\/v2\/product"}],"about":[{"href":"https:\/\/www.customeeple.com\/es\/wp-json\/wp\/v2\/types\/product"}],"wp:featuredmedia":[{"embeddable":true,"href":"https:\/\/www.customeeple.com\/es\/wp-json\/wp\/v2\/media\/59272"}],"wp:attachment":[{"href":"https:\/\/www.customeeple.com\/es\/wp-json\/wp\/v2\/media?parent=59280"}],"wp:term":[{"taxonomy":"product_brand","embeddable":true,"href":"https:\/\/www.customeeple.com\/es\/wp-json\/wp\/v2\/product_brand?post=59280"},{"taxonomy":"product_cat","embeddable":true,"href":"https:\/\/www.customeeple.com\/es\/wp-json\/wp\/v2\/product_cat?post=59280"},{"taxonomy":"product_tag","embeddable":true,"href":"https:\/\/www.customeeple.com\/es\/wp-json\/wp\/v2\/product_tag?post=59280"}],"curies":[{"name":"wp","href":"https:\/\/api.w.org\/{rel}","templated":true}]}}