{"id":59164,"date":"2021-08-26T09:53:42","date_gmt":"2021-08-26T08:53:42","guid":{"rendered":"https:\/\/www.customeeple.com\/?post_type=product&#038;p=59164"},"modified":"2021-08-26T10:58:13","modified_gmt":"2021-08-26T09:58:13","slug":"inserto-compatible-ankh-gods-of-egypt","status":"publish","type":"product","link":"https:\/\/www.customeeple.com\/es\/producto\/inserto-compatible-ankh-gods-of-egypt\/","title":{"rendered":"Inserto compatible Ankh: Gods of Egypt"},"content":{"rendered":"<p>\u00bfEst\u00e1s cansado de los huecos de aire en las cajas de los juegos?\u00bfjuegos que vienen con insertos que molestan m\u00e1s que organizan? Esta es tu soluci\u00f3n, compra tu propio inserto a medida. Nunca m\u00e1s rodar\u00e1n las piezas por la caja y podr\u00e1s tener organizadas las cartas de un juego.<\/p>\n<p>Este es un inserto de juego dise\u00f1ado para caber dentro de la caja de <a href=\"https:\/\/boardgamegeek.com\/boardgame\/285967\/ankh-gods-egypt\"><strong>Ankh: Gods of Egypt (2021)<\/strong><\/a><strong><a href=\"https:\/\/www.cmon.com\/product\/cthulhu-death-may-die\/cthulhu-death-may-die\">\u00a0<\/a><\/strong>El producto contiene 8 bandejas contenedoras que pueden colocarse encima de la caja de miniaturas. Puedes guardar todos los marcadores y tokens de los jugadores y plegarlas f\u00e1cilmente en cada partida.<\/p>\n<p><strong>Nota<\/strong>:Comprueba que tu caja de juego tenga espacio suficiente para que este juego. Su formato es compatible con la caja de <a href=\"https:\/\/boardgamegeek.com\/boardgame\/285967\/ankh-gods-egypt\"><strong>Ankh: Gods of Egypt (2021)<\/strong><\/a><\/p>\n<p>Podemos fabricar f\u00e1cilmente insertos en otros tama\u00f1os, solo<strong>\u00a0<\/strong><strong><a href=\"..\/contact-us\/\">contacta con nosotros<\/a>.<\/strong><\/p>\n<div class=\"moreinfo\">\n<p><strong>Material: <\/strong>DM<\/p>\n<p dir=\"ltr\"><strong>Espesor:<\/strong> 2,5 mm<\/p>\n<p dir=\"ltr\"><strong>Tama\u00f1o:<\/strong> 31,5 x 31,4 x 12\u00a0cm<\/p>\n<p dir=\"ltr\"><strong>Cantidad:<\/strong> 8 bandejas<\/p>\n<p><a href=\"https:\/\/www.cmon.com\/product\/cthulhu-death-may-die\/cthulhu-death-may-die\"><strong><a href=\"https:\/\/boardgamegeek.com\/boardgame\/285967\/ankh-gods-egypt\">Ankh: Gods of Egypt (2021)<\/a><\/strong><\/a> es un juego publicado por <a href=\"https:\/\/www.cmon.com\/\"><strong>CMON games<\/strong>.<\/a>\u00a0<strong>Customeeple<\/strong>\u00a0no mantiene ninguna relaci\u00f3n con esta compa\u00f1\u00eda y este producto no esta apoyado por ellos de ninguna forma.<\/p>\n<\/div>\n","protected":false},"excerpt":{"rendered":"<p>Bandejas contenedoras para cajas de <strong>31,5 x 31,4 x 12<\/strong>\u00a0<strong>cm\u00a0<\/strong>boxes<\/p>\n","protected":false},"featured_media":59166,"template":"","meta":{"_acf_changed":false},"product_brand":[],"product_cat":[191,1370,1395],"product_tag":[2007,2008,1663],"class_list":{"0":"post-59164","1":"product","2":"type-product","3":"status-publish","4":"has-post-thumbnail","6":"product_cat-accesorios","7":"product_cat-customeeple-es","8":"product_cat-insertos","9":"product_tag-ankh-es","10":"product_tag-ankh-gods-of-egypt-es","11":"product_tag-tranjis-es-2","13":"first","14":"instock","15":"taxable","16":"shipping-taxable","17":"purchasable","18":"product-type-simple"},"exclude_global_add_ons":[],"addons":[],"acf":[],"_links":{"self":[{"href":"https:\/\/www.customeeple.com\/es\/wp-json\/wp\/v2\/product\/59164","targetHints":{"allow":["GET"]}}],"collection":[{"href":"https:\/\/www.customeeple.com\/es\/wp-json\/wp\/v2\/product"}],"about":[{"href":"https:\/\/www.customeeple.com\/es\/wp-json\/wp\/v2\/types\/product"}],"wp:featuredmedia":[{"embeddable":true,"href":"https:\/\/www.customeeple.com\/es\/wp-json\/wp\/v2\/media\/59166"}],"wp:attachment":[{"href":"https:\/\/www.customeeple.com\/es\/wp-json\/wp\/v2\/media?parent=59164"}],"wp:term":[{"taxonomy":"product_brand","embeddable":true,"href":"https:\/\/www.customeeple.com\/es\/wp-json\/wp\/v2\/product_brand?post=59164"},{"taxonomy":"product_cat","embeddable":true,"href":"https:\/\/www.customeeple.com\/es\/wp-json\/wp\/v2\/product_cat?post=59164"},{"taxonomy":"product_tag","embeddable":true,"href":"https:\/\/www.customeeple.com\/es\/wp-json\/wp\/v2\/product_tag?post=59164"}],"curies":[{"name":"wp","href":"https:\/\/api.w.org\/{rel}","templated":true}]}}