{"id":59142,"date":"2021-08-24T12:31:09","date_gmt":"2021-08-24T11:31:09","guid":{"rendered":"https:\/\/www.customeeple.com\/?post_type=product&#038;p=59142"},"modified":"2021-11-04T18:35:03","modified_gmt":"2021-11-04T17:35:03","slug":"bandeja-compatible-con-ankh-gods-of-egypt","status":"publish","type":"product","link":"https:\/\/www.customeeple.com\/es\/producto\/bandeja-compatible-con-ankh-gods-of-egypt\/","title":{"rendered":"Bandeja compatible con  Ankh: Gods of Egypt (2021)"},"content":{"rendered":"<p>Una bandeja organizadora de metacrilato transparente con una cama de MDF para tener ordenadas las piezas de tus juegos. F\u00edjate que esta bandeja tiene espacios para ayudar a que las piezas\u00a0\u00a0no se muevan de su sitio.<\/p>\n<p>\u00a1Mant\u00e9n tus piezas a salvo de los ocasionales golpes en la mesa!<\/p>\n<p>Las bandejas encajan a la perfecci\u00f3n con los tableros de jugador del juego <a href=\"https:\/\/boardgamegeek.com\/boardgame\/285967\/ankh-gods-egypt\"><strong>Ankh: Gods of Egypt (2021)<\/strong><\/a><\/p>\n<p>Puedes comprar solamente la pieza de metacrilato o incluir un add on de DM para hacer de base.<\/p>\n<p><strong>Material: <\/strong>DM y metacrilato<\/p>\n<div class=\"moreinfo\">\n<p dir=\"ltr\"><strong>Espesor:<\/strong> 2,5 mm<\/p>\n<p dir=\"ltr\"><strong>Tama\u00f1o:<\/strong> 28,2 x 17,7 cm<\/p>\n<p dir=\"ltr\"><strong>Cantidad:<\/strong> 1 Overlay<\/p>\n<p><a href=\"https:\/\/www.cmon.com\/product\/cthulhu-death-may-die\/cthulhu-death-may-die\"><strong><a href=\"https:\/\/boardgamegeek.com\/boardgame\/285967\/ankh-gods-egypt\">Ankh: Gods of Egypt (2021)<\/a><\/strong><\/a> es un juego publicado por <a href=\"https:\/\/www.cmon.com\/\"><strong>CMON games<\/strong>.<\/a>\u00a0<strong>Customeeple<\/strong>\u00a0no mantiene ninguna relaci\u00f3n con esta compa\u00f1\u00eda y este producto no esta apoyado por ellos de ninguna forma.<\/p>\n<\/div>\n","protected":false},"excerpt":{"rendered":"<p>Una bandejas contenedora para <a href=\"https:\/\/boardgamegeek.com\/boardgame\/285967\/ankh-gods-egypt\"><strong>Ankh: Gods of Egypt (2021)<\/strong><\/a><\/p>\n","protected":false},"featured_media":59148,"template":"","meta":{"_acf_changed":false},"product_brand":[],"product_cat":[191,1370,1397],"product_tag":[2008,2247,1442],"class_list":{"0":"post-59142","1":"product","2":"type-product","3":"status-publish","4":"has-post-thumbnail","6":"product_cat-accesorios","7":"product_cat-customeeple-es","8":"product_cat-overlay-es","9":"product_tag-ankh-gods-of-egypt-es","10":"product_tag-cmon-es","11":"product_tag-overlay-es","13":"first","14":"instock","15":"taxable","16":"shipping-taxable","17":"purchasable","18":"product-type-variable"},"exclude_global_add_ons":[],"addons":[],"acf":[],"_links":{"self":[{"href":"https:\/\/www.customeeple.com\/es\/wp-json\/wp\/v2\/product\/59142","targetHints":{"allow":["GET"]}}],"collection":[{"href":"https:\/\/www.customeeple.com\/es\/wp-json\/wp\/v2\/product"}],"about":[{"href":"https:\/\/www.customeeple.com\/es\/wp-json\/wp\/v2\/types\/product"}],"wp:featuredmedia":[{"embeddable":true,"href":"https:\/\/www.customeeple.com\/es\/wp-json\/wp\/v2\/media\/59148"}],"wp:attachment":[{"href":"https:\/\/www.customeeple.com\/es\/wp-json\/wp\/v2\/media?parent=59142"}],"wp:term":[{"taxonomy":"product_brand","embeddable":true,"href":"https:\/\/www.customeeple.com\/es\/wp-json\/wp\/v2\/product_brand?post=59142"},{"taxonomy":"product_cat","embeddable":true,"href":"https:\/\/www.customeeple.com\/es\/wp-json\/wp\/v2\/product_cat?post=59142"},{"taxonomy":"product_tag","embeddable":true,"href":"https:\/\/www.customeeple.com\/es\/wp-json\/wp\/v2\/product_tag?post=59142"}],"curies":[{"name":"wp","href":"https:\/\/api.w.org\/{rel}","templated":true}]}}