{"id":58861,"date":"2021-07-31T11:53:46","date_gmt":"2021-07-31T10:53:46","guid":{"rendered":"https:\/\/www.customeeple.com\/?post_type=product&#038;p=58861"},"modified":"2021-08-31T09:55:34","modified_gmt":"2021-08-31T08:55:34","slug":"cawdor-redemptionists-copy","status":"publish","type":"product","link":"https:\/\/www.customeeple.com\/es\/producto\/cawdor-redemptionists-copy\/","title":{"rendered":"Delaque Nacht-Ghul, Psy-Gheists y Piscean Spektor"},"content":{"rendered":"<p>Un Nacht-Ghul es un asesino saboteador sin par. Estos seres, creados con ciencia ps\u00edquica y qu\u00edmicos esot\u00e9ricos, son el filo de la cuchilla que cercena a los enemigos de Delaque \u2013o a los enemigos de sus amigos, si les conviene\u2013. Las bandas Delaque a menudo incluyen a estos talentosos agentes, aunque a menudo lo hacen sabiendo que el Nacht-Ghul solo responde a la Star Chamber y los susurros de la Psychoterica.<\/p>\n<p>Expande tu banda Delaque con estos siete luchadores adicionales. Los agentes secretos de la Casa Delaque est\u00e1n equipados con una variedad de equipo especializado que les permite llevar a cabo su sombr\u00edo objetivo. Los dos Nacht-Ghuls se pueden armar o bien con una shivver blade o una serpent\u2019s fang, mientras que uno de los Psy-Gheists est\u00e1 ataviado con el arn\u00e9s de un psicomante. Con la excepci\u00f3n de los Psychoteric Wyrms, que son nexos ps\u00edquicos de sus amos, todos los dem\u00e1s luchadores son ps\u00edquicos, con lo que ofrecen a tu banda una enorme ventaja t\u00e1ctica.<\/p>\n<p><strong>Esta caja incluye 98 piezas de pl\u00e1stico para montar las siete miniaturas detalladas a continuaci\u00f3n:<\/strong><\/p>\n<p>\u2013 2 Nacht-Ghul (Champions, suministrado con 2 peanas Necromunda de 25 mm)<br \/>\n\u2013 2 Psy-Gheists (Prospects, suministrado con 1 peana Necromunda de 32 mm y 1 peana Necromunda de 25 mm)<br \/>\n\u2013 2 Psychoterric Wyrms (Exotic Beasts, suministrado con 2 peanas Necromunda de 25 mm)<br \/>\n\u2013 1 Piscean Spektor (Brute, suministrado con 1 peana Necromunda de 40 mm y 1 juego de varillas Groove Stem de 45 mm)<\/p>\n<p>Las reglas para usar Nacht-Ghul, Psy-Gheists, Psychoteric Wyrm y Piscean Spektor en las partidas de Necromunda est\u00e1n incluidas en Necromunda: House of Shadow.<\/p>\n<p>Estas miniaturas se suministran sin pintar y requieren ensamblaje; recomendamos usar Pegamento para pl\u00e1stico Citadel y pinturas Citadel.<\/p>\n","protected":false},"excerpt":{"rendered":"<p>Games Workshop boardgame.<\/p>\n","protected":false},"featured_media":58829,"template":"","meta":{"_acf_changed":false},"product_brand":[],"product_cat":[1177,1583,1180,1372,1623],"product_tag":[1264,1179,1677,785],"class_list":{"0":"post-58861","1":"product","2":"type-product","3":"status-publish","4":"has-post-thumbnail","6":"product_cat-games-workshop-es","7":"product_cat-necromunda-es","8":"product_cat-retail-products-es","9":"product_cat-sci-fi-es","10":"product_cat-wargames-es-2","11":"product_tag-boardgame-es","12":"product_tag-gamesworkshop-es","13":"product_tag-necromunda-es-2","14":"product_tag-wargame-es-2","16":"first","17":"onbackorder","18":"sale","19":"taxable","20":"shipping-taxable","21":"purchasable","22":"product-type-simple"},"exclude_global_add_ons":[],"addons":[],"acf":[],"_links":{"self":[{"href":"https:\/\/www.customeeple.com\/es\/wp-json\/wp\/v2\/product\/58861","targetHints":{"allow":["GET"]}}],"collection":[{"href":"https:\/\/www.customeeple.com\/es\/wp-json\/wp\/v2\/product"}],"about":[{"href":"https:\/\/www.customeeple.com\/es\/wp-json\/wp\/v2\/types\/product"}],"wp:featuredmedia":[{"embeddable":true,"href":"https:\/\/www.customeeple.com\/es\/wp-json\/wp\/v2\/media\/58829"}],"wp:attachment":[{"href":"https:\/\/www.customeeple.com\/es\/wp-json\/wp\/v2\/media?parent=58861"}],"wp:term":[{"taxonomy":"product_brand","embeddable":true,"href":"https:\/\/www.customeeple.com\/es\/wp-json\/wp\/v2\/product_brand?post=58861"},{"taxonomy":"product_cat","embeddable":true,"href":"https:\/\/www.customeeple.com\/es\/wp-json\/wp\/v2\/product_cat?post=58861"},{"taxonomy":"product_tag","embeddable":true,"href":"https:\/\/www.customeeple.com\/es\/wp-json\/wp\/v2\/product_tag?post=58861"}],"curies":[{"name":"wp","href":"https:\/\/api.w.org\/{rel}","templated":true}]}}