{"id":58667,"date":"2021-06-25T13:09:44","date_gmt":"2021-06-25T12:09:46","guid":{"rendered":"https:\/\/www.customeeple.com\/?post_type=product&#038;p=58667"},"modified":"2021-06-25T14:46:33","modified_gmt":"2021-06-25T13:46:33","slug":"inserto-compatible-kingsburg-segunda-edicion-copy","status":"publish","type":"product","link":"https:\/\/www.customeeple.com\/es\/producto\/inserto-compatible-kingsburg-segunda-edicion-copy\/","title":{"rendered":"Inserto compatible Kingsburg segunda edicion (Copy)"},"content":{"rendered":"<p>Esta caja est\u00e1 dise\u00f1ada con una est\u00e9tica de \u00abEl Se\u00f1or de los Anillos\u00bb que ayudar\u00e1 a mantener todos los componentes del juego organizados y cuidadosamente almacenados y acelerar\u00e1 el inicio del juego. esto podr\u00eda usarse en \u00abEl Se\u00f1or de los Anillos: El Juego de Cartas\u00bb, \u00abEl Se\u00f1or de los Anillos: Viajes por la Tierra Media\u00bb, \u00abEl Se\u00f1or de los Anillos (2000)\u00bb.<br \/>&nbsp;<\/p>\n<div class=\"moreinfo\"><strong>Material: <\/strong>DM<\/div>\n<div class=\"moreinfo\"><strong>Espesor:<\/strong> 2,5 mm<br \/><strong>Tama\u00f1o:<\/strong> <strong>&nbsp;<\/strong>25 x&nbsp; 17,5 x 3,5 cm<\/div>\n<div class=\"moreinfo\">\n<p dir=\"ltr\"><span class=\"JLqJ4b ChMk0b\" data-language-for-alternatives=\"es\" data-language-to-translate-into=\"fr\" data-phrase-index=\"0\"><strong>Nota:<\/strong> este producto se vende sin montar ni pintar.<\/span> <span class=\"JLqJ4b ChMk0b\" data-language-for-alternatives=\"es\" data-language-to-translate-into=\"fr\" data-phrase-index=\"1\">Necesitar\u00e1s pegamento para montarlo.<\/span><\/p>\n<\/div>\n","protected":false},"excerpt":{"rendered":"<p>Un resistente inserto pensado para cajas de <a href=\"https:\/\/boardgamegeek.com\/boardgame\/199966\/kingsburg-second-edition\" data-mce-href=\"https:\/\/boardgamegeek.com\/boardgame\/199966\/kingsburg-second-edition\"><strong>Kingsburg&nbsp;<\/strong><\/a><\/p>\n","protected":false},"featured_media":58670,"template":"","meta":{"_acf_changed":false},"product_brand":[],"product_cat":[191,1370],"product_tag":[332,1455],"class_list":{"0":"post-58667","1":"product","2":"type-product","3":"status-publish","4":"has-post-thumbnail","6":"product_cat-accesorios","7":"product_cat-customeeple-es","8":"product_tag-insert-es","9":"product_tag-lgc-es","11":"first","12":"instock","13":"taxable","14":"shipping-taxable","15":"purchasable","16":"product-type-simple"},"exclude_global_add_ons":[],"addons":[],"acf":[],"_links":{"self":[{"href":"https:\/\/www.customeeple.com\/es\/wp-json\/wp\/v2\/product\/58667","targetHints":{"allow":["GET"]}}],"collection":[{"href":"https:\/\/www.customeeple.com\/es\/wp-json\/wp\/v2\/product"}],"about":[{"href":"https:\/\/www.customeeple.com\/es\/wp-json\/wp\/v2\/types\/product"}],"wp:featuredmedia":[{"embeddable":true,"href":"https:\/\/www.customeeple.com\/es\/wp-json\/wp\/v2\/media\/58670"}],"wp:attachment":[{"href":"https:\/\/www.customeeple.com\/es\/wp-json\/wp\/v2\/media?parent=58667"}],"wp:term":[{"taxonomy":"product_brand","embeddable":true,"href":"https:\/\/www.customeeple.com\/es\/wp-json\/wp\/v2\/product_brand?post=58667"},{"taxonomy":"product_cat","embeddable":true,"href":"https:\/\/www.customeeple.com\/es\/wp-json\/wp\/v2\/product_cat?post=58667"},{"taxonomy":"product_tag","embeddable":true,"href":"https:\/\/www.customeeple.com\/es\/wp-json\/wp\/v2\/product_tag?post=58667"}],"curies":[{"name":"wp","href":"https:\/\/api.w.org\/{rel}","templated":true}]}}