{"id":58623,"date":"2021-06-19T11:02:16","date_gmt":"2021-06-19T10:02:16","guid":{"rendered":"https:\/\/www.customeeple.com\/?post_type=product&#038;p=58623"},"modified":"2021-07-31T10:18:01","modified_gmt":"2021-07-31T09:18:01","slug":"age-of-sigmar-libro-basico","status":"publish","type":"product","link":"https:\/\/www.customeeple.com\/es\/producto\/age-of-sigmar-libro-basico\/","title":{"rendered":"Age of Sigmar: Libro B\u00e1sico (SPA)"},"content":{"rendered":"<p>La Era de Sigmar dio comienzo con la atronadora llegada de los Forjados en la Tormenta, llevados por la tormenta celestial del Dios Rey Sigmar Heldenhammer. Son grandes h\u00e9roes, arrebatados en el momento de la muerte y reforjados m\u00e1gicamente: estos guerreros dorados luchar\u00e1n en batalla contra todos los que corrompan, deterioren y destruyan los Reinos Mortales.<\/p>\n<p>Mientras Sigmar y su pante\u00f3n del Orden luchan por la prosperidad en estos tiempos oscuros, el Gran Nigromante Nagash re\u00fane a las fuerzas de la Muerte en un intento por reclamar hasta la \u00faltima alma para s\u00ed. Entretanto, Kragnos lidera las fuerzas salvajes de la Destrucci\u00f3n en su ataque imparable del el mundo civilizado, mientras los Dioses del Caos se preparan para conquistar los \u00faltimos bastiones incorruptos en un mundo de conflicto y agitaci\u00f3n. Es una nueva \u00e9poca, una \u00e9poca de batallas poderosas y guerras interminables. \u00a1Esta es la Era de Sigmar!<\/p>\n<p>La Era de Sigmar es un escenario \u00e9pico poblado por innumerables ej\u00e9rcitos, h\u00e9roes poderosos y monstruos magn\u00edficos. Alberga vastas guerras que abarcan reinos entre las fuerzas del Orden, el Caos, la Muerte y la Destrucci\u00f3n. En el libro b\u00e1sico de Warhammer Age of Sigmar, no solo conocer\u00e1s el rico trasfondo de esta \u00e9poca devastada por la guerra, sino que tambi\u00e9n encontrar\u00e1s todas las reglas que necesitas para evocar estas historias \u00e9picas sobre la mesa.<\/p>\n<p><strong>El<\/strong>\u00a0<strong>libro<\/strong><\/p>\n<p>Este libro de tapa dura de 360 \u200b\u200bp\u00e1ginas es el complemento perfecto para los jugadores novatos y veteranos de Warhammer Age of Sigmar, y contiene todo lo que necesitas saber para coleccionar, montar, pintar y jugar con miniaturas Citadel en Mortal Realms.<\/p>\n<p><strong>Reinos<\/strong>\u00a0<strong>de<\/strong>\u00a0<strong>guerra<\/strong><\/p>\n<p>El libro b\u00e1sico comienza con Reinos de guerra, una descripci\u00f3n general del hobby de Warhammer con gu\u00edas pr\u00e1cticas de c\u00f3mo coleccionar, montar y pintar tus miniaturas, as\u00ed como las diversas formas en que puedes usarlas en tus partidas de Warhammer Age of Sigmar.<\/p>\n<p><strong>Guerra sin fin<\/strong><\/p>\n<p>Descubre la historia de los Reinos Mortales en la primera secci\u00f3n de trasfondo del libro, que contiene la historia detallada e ilustrada hasta la fecha, desde la llegada del Dios Rey de la humanidad hasta la salvaje Era de la Bestia. Esto cubre tres eras principales:<\/p>\n<p>&#8211; La Era de los Mitos, el viaje de Sigmar a trav\u00e9s del cosmos, su encuentro con el Gran Draco Dracothion y su exploraci\u00f3n de los ocho Reinos Mortales. Nos explica el despertar de otros dioses, la construcci\u00f3n de civilizaciones y las alianzas rebeldes que se forjaron.<\/p>\n<p>&#8211; La Era del Caos, provocada por las maquinaciones de los Dioses del Caos y su dominio del Reino del Caos, escupiendo legiones de daemons y destruyendo la paz que rein\u00f3 una vez.<\/p>\n<p>&#8211; La Era de Sigmar, en la que los campeones del Dios Rey luchan contra sus enemigos en todas sus formas. Desde las vengativas Guerras por los Portales que expulsaron al Caos de muchas fortalezas del Orden, hasta el catastr\u00f3fico necrose\u00edsmo provocado por Nagash, el Dios de los Muertos, hasta el amanecer de la Era de las Bestias cuando el antiguo Dios del Terremoto desata hordas de rabiosos pieles verdes en el coraz\u00f3n de la civilizaci\u00f3n.<\/p>\n<p>Profundiza en el trasfondo de cada uno de los ocho Reinos Mortales (Azyr, Shyish, Ashqy, Chamon, Ghur, Ghyran, Hysh y Ulgu) detallando sus v\u00ednculos, descripciones de las civilizaciones nativas que se han alzado y ca\u00eddo, eventos clave que han tenido lugar y accidentes geogr\u00e1ficos notables; junto con detalles del Reino del Caos, una dimensi\u00f3n de pesadilla que alberga a los Dioses del Caos y sus legiones de terror\u00edficos engendros del infierno.<\/p>\n<p><strong>Choque<\/strong>\u00a0<strong>de<\/strong>\u00a0<strong>imperios<\/strong><\/p>\n<p>Aprende sobre los ej\u00e9rcitos y alianzas que luchan en los Reinos Mortales, cada uno con una galer\u00eda de miniaturas Citadel magn\u00edficamente pintadas, divididas en cuatro secciones seg\u00fan sus Grandes Alianzas. Comenzando con las fuerzas del Orden, tienes informaci\u00f3n detallada de cada una de las facciones que componen el \u00faltimo basti\u00f3n de la civilizaci\u00f3n en los ocho reinos (incluso si no siempre se llevan bien), antes de parlamentar con sus n\u00e9mesis en las Fuerzas del Caos. Entretanto, la alianza de la Muerte de Nagash planea reclamar hasta la \u00faltima alma de la tierra, mientras que Gran Alianza de la Destrucci\u00f3n satisface sus instintos m\u00e1s b\u00e1sicos en una matanza salvaje junto a su deidad reci\u00e9n descubierta, Kragnos.<\/p>\n<p><strong>Las<\/strong>\u00a0<strong>reglas<\/strong><\/p>\n<p>La primera secci\u00f3n de reglas de este libro contiene los conceptos b\u00e1sicos que necesitas para empezar a librar batallas de Age of Sigmar, describi\u00e9ndote el despliegue, las rondas de batalla, el combate, la magia y mucho m\u00e1s. Las reglas se presentan en un formato claro y conciso con comentarios adicionales de los dise\u00f1adores, lo que hace que este sea el libro de reglas m\u00e1s f\u00e1cil de consultar en la historia de Warhammer.<\/p>\n<p>Una vez que hayas resuelto lo b\u00e1sico, descubre las tres formas principales de jugar y los planes de batalla que puedes emprender en cada una.<\/p>\n<p><strong>Juego<\/strong>\u00a0<strong>abierto<\/strong><br \/>\nDeja volar tu imaginaci\u00f3n mientras el juego abierto se encarga de recrear todo tipo de historia narrativa o desaf\u00edo t\u00e1ctico que puedas imaginar, sin restricciones.<br \/>\n&#8211; Incluye el generador de planes de batalla de guerra abierta, que proporciona mapas preestablecidos, condiciones de victoria, giros y tretas.<br \/>\n&#8211; La combinaci\u00f3n de diferentes opciones permite jugar m\u00e1s de 1200 tipos diferentes de escenarios de Guerra Abierta.<\/p>\n<p><strong>Juego<\/strong>\u00a0<strong>equilibrado<\/strong><br \/>\nDise\u00f1ado para poner a ambos jugadores en igualdad de condiciones, el juego equilibrado ofrece a los jugadores una oportunidad uniforme de victoria seg\u00fan las reglas de montaje del ej\u00e9rcito basadas en puntos y una serie de planes de batalla competitivos.<br \/>\n&#8211; Incluye reglas especiales adicionales, incluido Quitar la iniciativa, as\u00ed como reglas para objetivos adicionales puntuados paso a paso o al final de la batalla.<br \/>\n&#8211; Presenta requisitos y restricciones mucho m\u00e1s amplios y detallados que otros tipos de partidas, incluidas restricciones sobre hechizos permanentes, unidades reforzadas y unidades de menor fuerza.<\/p>\n<p><strong>Juego<\/strong>\u00a0<strong>narrativo<\/strong><br \/>\nEnv\u00eda a tu ej\u00e9rcito a un Sendero a la gloria y observa c\u00f3mo progresa en las partidas con una secci\u00f3n revisada sobre reglas de juego narrativas. Gana renombre, nuevas habilidades e incluso ampl\u00eda el territorio de tu ej\u00e9rcito sin tener limitaciones sobre c\u00f3mo, cu\u00e1ndo y d\u00f3nde puedes jugar.<br \/>\n&#8211; Incluye reglas y orientaci\u00f3n sobre un proceso de 5 pasos para comenzar una campa\u00f1a de Sendero a la gloria, que incluye: elegir facciones y reinos, tama\u00f1os y territorios iniciales, \u00f3rdenes de batalla, mejoras principales y elecci\u00f3n de misiones.<br \/>\n&#8211; Proporciona orientaci\u00f3n sobre c\u00f3mo librar batallas contra oponentes que participen y que no participen en una campa\u00f1a de Sendero a la gloria.<\/p>\n<p><strong>Conquista<\/strong>\u00a0<strong>desatada<\/strong><\/p>\n<p>La secci\u00f3n final ayuda a representar la amplia gama de campos de batalla y guerras inacables en las que luchan los se\u00f1ores supremos de los Reinos Mortales, incluidas las reglas a medida para los diversos tipos de campos de batalla m\u00e1s espec\u00edficos en los que puedes llegar a luchar, en, a trav\u00e9s, sobre o de hecho, debajo.<\/p>\n<p><strong>Incluye tres tipos diferentes de juegos para que los jugadores disfruten, que incluyen:<\/strong><\/p>\n<p>&#8211; Guerra de asedio:\u00a0con demasiada frecuencia en los Reinos Mortales, los se\u00f1ores de la guerra y los conquistadores buscan desplazar a los habitantes de un territorio o ciudad que han decidido que deben estar bajo su control y, a menudo, la culminaci\u00f3n de una campa\u00f1a de este tipo es brutal y sin l\u00edmites.<\/p>\n<p>&#8211;\u00a0<strong>Triunfo<\/strong>\u00a0<strong>y<\/strong>\u00a0<strong>traici\u00f3n<\/strong>: a veces el deber exige una lucha sin cuartel entre todos tus enemigos a la vez y, cuando eso sucede, estas reglas se pueden usar para representar batallas que tienen lugar entre tres o m\u00e1s facciones al mismo tiempo, donde todas luchan fren\u00e9ticamente para imponerse frente a los dem\u00e1s oponentes, pero \u00bfser\u00e1s t\u00fa el que salga victorioso?<\/p>\n<p>&#8211;\u00a0<strong>Combate<\/strong>\u00a0<strong>en<\/strong>\u00a0<strong>t\u00faneles<\/strong>: el combate cuerpo a cuerpo es com\u00fan en los Reinos Mortales, ya que los ej\u00e9rcitos se agrupan en redes de cuevas laber\u00ednticas, los skavens se deslizan por las alcantarillas de la ciudad y se abren t\u00faneles alucinantes en los dominios impredecibles del Caos.<\/p>\n<p>El Libro b\u00e1sicose cierra con un pr\u00e1ctico \u00edndice de reglas ordenado alfab\u00e9ticamente y una serie que puedes fotocopiar de hojas de Sendero a la gloria, de Orden de batalla y de ej\u00e9rcito.<\/p>\n","protected":false},"excerpt":{"rendered":"<p>Games Workshop boardgame.<\/p>\n","protected":false},"featured_media":58615,"template":"","meta":{"_acf_changed":false},"product_brand":[],"product_cat":[1400,1177,1180,1623,1654],"product_tag":[1710,1264,1179,1266,785],"class_list":{"0":"post-58623","1":"product","2":"type-product","3":"status-publish","4":"has-post-thumbnail","6":"product_cat-fantasia","7":"product_cat-games-workshop-es","8":"product_cat-retail-products-es","9":"product_cat-wargames-es-2","10":"product_cat-warhammer-age-of-sigmar-es-2","11":"product_tag-aos-es","12":"product_tag-boardgame-es","13":"product_tag-gamesworkshop-es","14":"product_tag-rulebook-es","15":"product_tag-wargame-es-2","16":"pa_language-in","17":"pa_language-spanish","19":"first","20":"onbackorder","21":"sale","22":"taxable","23":"shipping-taxable","24":"purchasable","25":"product-type-simple"},"exclude_global_add_ons":[],"addons":[],"acf":[],"_links":{"self":[{"href":"https:\/\/www.customeeple.com\/es\/wp-json\/wp\/v2\/product\/58623","targetHints":{"allow":["GET"]}}],"collection":[{"href":"https:\/\/www.customeeple.com\/es\/wp-json\/wp\/v2\/product"}],"about":[{"href":"https:\/\/www.customeeple.com\/es\/wp-json\/wp\/v2\/types\/product"}],"wp:featuredmedia":[{"embeddable":true,"href":"https:\/\/www.customeeple.com\/es\/wp-json\/wp\/v2\/media\/58615"}],"wp:attachment":[{"href":"https:\/\/www.customeeple.com\/es\/wp-json\/wp\/v2\/media?parent=58623"}],"wp:term":[{"taxonomy":"product_brand","embeddable":true,"href":"https:\/\/www.customeeple.com\/es\/wp-json\/wp\/v2\/product_brand?post=58623"},{"taxonomy":"product_cat","embeddable":true,"href":"https:\/\/www.customeeple.com\/es\/wp-json\/wp\/v2\/product_cat?post=58623"},{"taxonomy":"product_tag","embeddable":true,"href":"https:\/\/www.customeeple.com\/es\/wp-json\/wp\/v2\/product_tag?post=58623"}],"curies":[{"name":"wp","href":"https:\/\/api.w.org\/{rel}","templated":true}]}}