{"id":58584,"date":"2021-06-12T11:06:42","date_gmt":"2021-06-12T10:06:42","guid":{"rendered":"https:\/\/www.customeeple.com\/?post_type=product&#038;p=58584"},"modified":"2024-07-13T00:00:13","modified_gmt":"2024-07-12T23:00:13","slug":"astra-militarum-gaunts-ghosts","status":"publish","type":"product","link":"https:\/\/www.customeeple.com\/es\/producto\/astra-militarum-gaunts-ghosts\/","title":{"rendered":"Astra Militarum: Fantasmas de Gaunt"},"content":{"rendered":"<p>Liderados por el irrefrenable Coronel Comisario Ibram Gaunt, los Primeros y \u00danicos de Tanith son un regimiento de reconocimiento sin igual en el Astra Militarum. Llamados as\u00ed por ser los \u00fanicos supervivientes de su desdichado mundo natal, los soldados conocidos como los Fantasmas de Gaunt son gentes de los bosques expertos con capas de camuflaje distintivas, que les permiten realizar haza\u00f1as de incre\u00edble sigilo dignas de su apodo.<\/p>\n<p>Incluyendo a seis de los personajes m\u00e1s conocidos de los primeros libros de la serie los Fantasmas de Gaunt, esta escuadra de especialistas equivale a cualquier unidad de \u00e9lite entre las fuerzas de la Humanidad. Cada miembro aporta una habilidad \u00fanica, y todos se vuelven casi invisibles al entrar incluso en el terreno m\u00e1s ligero. Su capacidad de sigilo es tal que sus enemigos tienen problemas incluso para detectar a los Fantasmas desde todas las distancias, excepto las m\u00e1s cercanas.<\/p>\n<p>El Coronel Comisario Ibram Gaunt est\u00e1 armado con una pistola b\u00f3lter y una espada sierra, Hlaine Larkin apunta con su rifle de francotirador, \u00abPrueba otra vez\u00bb Bragg porta un ca\u00f1\u00f3n autom\u00e1tico, y Corbec, Rawnw y Mkoll llevan carabinas l\u00e1ser. Todas las miniaturas est\u00e1n equipadas tambi\u00e9n con granadas de fragmentaci\u00f3n y blanden el distintivo filo plateado y capa de camuflaje de los Primeros y \u00danicos de Tanith.<\/p>\n<p>El kit consta de 35 piezas de pl\u00e1stico, con las que puedes montar un Coronel-Comisario Ibram Gaunt, un Coronel Colm Corbec, un Mayor Elim Rawne, un francotirador de \u00e9lite Hlaine Larkin, un Bragg \u00abPrueba otra vez\u00bb y un Sargento Explorador Oan Mkoll. Este kit se suministra con 6 peanas redondas Citadel de 28,5 mm.<\/p>\n","protected":false},"excerpt":{"rendered":"<p>Games Workshop miniature.<\/p>\n","protected":false},"featured_media":58579,"template":"","meta":{"_acf_changed":false},"product_brand":[],"product_cat":[1177,1180,1372,1623,1229],"product_tag":[1967,1179,1966,1968,787],"class_list":{"0":"post-58584","1":"product","2":"type-product","3":"status-publish","4":"has-post-thumbnail","6":"product_cat-games-workshop-es","7":"product_cat-retail-products-es","8":"product_cat-sci-fi-es","9":"product_cat-wargames-es-2","10":"product_cat-warhammer-40k-es","11":"product_tag-astra-militarum-es","12":"product_tag-gamesworkshop-es","13":"product_tag-gaunt-es","14":"product_tag-tanith-es","15":"product_tag-warhammer-40k-es-2","17":"first","18":"onbackorder","19":"sale","20":"taxable","21":"shipping-taxable","22":"purchasable","23":"product-type-simple"},"exclude_global_add_ons":[],"addons":[],"acf":[],"_links":{"self":[{"href":"https:\/\/www.customeeple.com\/es\/wp-json\/wp\/v2\/product\/58584","targetHints":{"allow":["GET"]}}],"collection":[{"href":"https:\/\/www.customeeple.com\/es\/wp-json\/wp\/v2\/product"}],"about":[{"href":"https:\/\/www.customeeple.com\/es\/wp-json\/wp\/v2\/types\/product"}],"wp:featuredmedia":[{"embeddable":true,"href":"https:\/\/www.customeeple.com\/es\/wp-json\/wp\/v2\/media\/58579"}],"wp:attachment":[{"href":"https:\/\/www.customeeple.com\/es\/wp-json\/wp\/v2\/media?parent=58584"}],"wp:term":[{"taxonomy":"product_brand","embeddable":true,"href":"https:\/\/www.customeeple.com\/es\/wp-json\/wp\/v2\/product_brand?post=58584"},{"taxonomy":"product_cat","embeddable":true,"href":"https:\/\/www.customeeple.com\/es\/wp-json\/wp\/v2\/product_cat?post=58584"},{"taxonomy":"product_tag","embeddable":true,"href":"https:\/\/www.customeeple.com\/es\/wp-json\/wp\/v2\/product_tag?post=58584"}],"curies":[{"name":"wp","href":"https:\/\/api.w.org\/{rel}","templated":true}]}}